{"id":13422,"date":"2021-03-29T14:38:01","date_gmt":"2021-03-29T12:38:01","guid":{"rendered":"https:\/\/tusa-precision.ch\/bohrwerkzeug\/"},"modified":"2021-05-20T10:07:35","modified_gmt":"2021-05-20T08:07:35","slug":"bohrwerkzeug","status":"publish","type":"page","link":"https:\/\/tusa-precision.ch\/de\/bohrwerkzeug\/","title":{"rendered":"Bohrwerkzeug"},"content":{"rendered":"\t\t<div data-elementor-type=\"wp-page\" data-elementor-id=\"13422\" class=\"elementor elementor-13422 elementor-9779\">\n\t\t\t\t\t\t<div class=\"elementor-inner\">\n\t\t\t\t<div class=\"elementor-section-wrap\">\n\t\t\t\t\t\t\t\t\t<section class=\"elementor-section elementor-top-section elementor-element elementor-element-e4a3ede elementor-section-height-min-height elementor-section-items-top elementor-section-boxed elementor-section-height-default\" data-id=\"e4a3ede\" data-element_type=\"section\">\n\t\t\t\t\t\t<div class=\"elementor-container elementor-column-gap-default\">\n\t\t\t\t\t\t\t<div class=\"elementor-row\">\n\t\t\t\t\t<div class=\"elementor-column elementor-col-100 elementor-top-column elementor-element elementor-element-70d53a56\" data-id=\"70d53a56\" data-element_type=\"column\">\n\t\t\t<div class=\"elementor-column-wrap elementor-element-populated\">\n\t\t\t\t\t\t\t<div class=\"elementor-widget-wrap\">\n\t\t\t\t\t\t<div class=\"elementor-element elementor-element-45ccf47 elementor-widget elementor-widget-accordion\" data-id=\"45ccf47\" data-element_type=\"widget\" data-widget_type=\"accordion.default\">\n\t\t\t\t<div class=\"elementor-widget-container\">\n\t\t\t\t\t<div class=\"elementor-accordion\" role=\"tablist\">\n\t\t\t\t\t\t\t<div class=\"elementor-accordion-item\">\n\t\t\t\t\t<div id=\"elementor-tab-title-7311\" class=\"elementor-tab-title\" data-tab=\"1\" role=\"tab\" aria-controls=\"elementor-tab-content-7311\" aria-expanded=\"false\">\n\t\t\t\t\t\t\t\t\t\t\t\t\t<span class=\"elementor-accordion-icon elementor-accordion-icon-left\" aria-hidden=\"true\">\n\t\t\t\t\t\t\t\t\t\t\t\t\t\t\t<span class=\"elementor-accordion-icon-closed\"><i class=\"fas fa-plus\"><\/i><\/span>\n\t\t\t\t\t\t\t\t<span class=\"elementor-accordion-icon-opened\"><i class=\"fas fa-minus\"><\/i><\/span>\n\t\t\t\t\t\t\t\t\t\t\t\t\t\t<\/span>\n\t\t\t\t\t\t\t\t\t\t\t\t<a class=\"elementor-accordion-title\" href=\"\">Materiallegende<\/a>\n\t\t\t\t\t<\/div>\n\t\t\t\t\t<div id=\"elementor-tab-content-7311\" class=\"elementor-tab-content elementor-clearfix\" data-tab=\"1\" role=\"tabpanel\" aria-labelledby=\"elementor-tab-title-7311\"><table style=\"width: 100%; border-collapse: collapse;\">\n<thead>\n<tr style=\"height: 54px;\">\n<td style=\"width: 5%; text-align: center; height: 54px;\"><strong>Cod.<\/strong><\/td>\n<td style=\"width: 22.5%; text-align: center; height: 54px;\"><strong>Materialart<\/strong><\/td>\n<td style=\"width: 2.5%; text-align: center; height: 54px;\"><strong>Cod.<\/strong><\/td>\n<td style=\"width: 22.5%; text-align: center; height: 54px;\"><strong>Materialart<\/strong><\/td>\n<\/tr>\n<tr>\n<td style=\"width: 5%; text-align: center;\"><img loading=\"lazy\" src=\"https:\/\/tusa-precision.ch\/web\/wp-content\/uploads\/2019\/07\/m-P01.png\" alt=\"\" width=\"40\" height=\"40\" \/><\/td>\n<td style=\"width: 22.5%; text-align: center;\" width=\"346\">Unlegierte St\u00e4hle bis 800 N \/ mm2<\/td>\n<td style=\"width: 2.5%; text-align: center;\"><img loading=\"lazy\" src=\"https:\/\/tusa-precision.ch\/web\/wp-content\/uploads\/2019\/07\/m-N01.png\" alt=\"\" width=\"40\" height=\"40\" \/><\/td>\n<td style=\"width: 22.5%; text-align: center;\" width=\"346\">Gezeichnete Aluminiumlegierungen<\/td>\n<\/tr>\n<tr>\n<td style=\"width: 5%; text-align: center;\"><img loading=\"lazy\" src=\"https:\/\/tusa-precision.ch\/web\/wp-content\/uploads\/2019\/07\/m-P02.png\" alt=\"\" width=\"40\" height=\"40\" \/><\/td>\n<td style=\"width: 22.5%; text-align: center;\" width=\"346\">Niedriglegierte St\u00e4hle von 800 N \/ mm2 bis 1100 N \/ mm2<\/td>\n<td style=\"width: 2.5%; text-align: center;\"><img loading=\"lazy\" src=\"https:\/\/tusa-precision.ch\/web\/wp-content\/uploads\/2019\/07\/m-N02.png\" alt=\"\" width=\"40\" height=\"40\" \/><\/td>\n<td style=\"width: 22.5%; text-align: center;\" width=\"346\">Aluminiumdruckgusslegierungen<\/td>\n<\/tr>\n<tr>\n<td style=\"width: 5%; text-align: center;\"><img loading=\"lazy\" src=\"https:\/\/tusa-precision.ch\/web\/wp-content\/uploads\/2019\/07\/m-P03.png\" alt=\"\" width=\"40\" height=\"40\" \/><\/td>\n<td style=\"width: 22.5%; text-align: center;\" width=\"346\">Hochlegierte St\u00e4hle von 1100 N \/ mm2 bis 1400 N \/ mm2<\/td>\n<td style=\"width: 2.5%; text-align: center;\"><img loading=\"lazy\" src=\"https:\/\/tusa-precision.ch\/web\/wp-content\/uploads\/2019\/07\/m-N03.png\" alt=\"\" width=\"40\" height=\"40\" \/><\/td>\n<td style=\"width: 22.5%; text-align: center;\" width=\"346\">Kupfer<\/td>\n<\/tr>\n<tr>\n<td style=\"width: 5%; text-align: center;\"><img loading=\"lazy\" src=\"https:\/\/tusa-precision.ch\/web\/wp-content\/uploads\/2019\/07\/m-M01.png\" alt=\"\" width=\"40\" height=\"40\" \/><\/td>\n<td style=\"width: 22.5%; text-align: center;\" width=\"82\">Ferritische rostfreie St\u00e4hle<\/td>\n<td style=\"width: 2.5%; text-align: center;\"><img loading=\"lazy\" src=\"https:\/\/tusa-precision.ch\/web\/wp-content\/uploads\/2019\/07\/m-N04.png\" alt=\"\" width=\"40\" height=\"40\" \/><\/td>\n<td style=\"width: 22.5%; text-align: center;\" width=\"346\">Messing &#8211; Bronze<\/td>\n<\/tr>\n<tr>\n<td style=\"width: 5%; text-align: center;\"><img loading=\"lazy\" src=\"https:\/\/tusa-precision.ch\/web\/wp-content\/uploads\/2019\/07\/m-M02.png\" alt=\"\" width=\"40\" height=\"40\" \/><\/td>\n<td style=\"width: 22.5%; text-align: center;\" width=\"346\">Martensitische rostfreie St\u00e4hle<\/td>\n<td style=\"width: 2.5%; text-align: center;\"><img loading=\"lazy\" src=\"https:\/\/tusa-precision.ch\/web\/wp-content\/uploads\/2019\/07\/m-N05.png\" alt=\"\" width=\"40\" height=\"40\" \/><\/td>\n<td style=\"width: 22.5%; text-align: center;\" width=\"346\">Bleifreies Messing<\/td>\n<\/tr>\n<tr>\n<td style=\"width: 5%; text-align: center;\"><img loading=\"lazy\" src=\"https:\/\/tusa-precision.ch\/web\/wp-content\/uploads\/2019\/07\/m-M03.png\" alt=\"\" width=\"40\" height=\"40\" \/><\/td>\n<td style=\"width: 22.5%; text-align: center;\" width=\"82\">Martensitische rostfreie St\u00e4hle &#8211; PH<\/td>\n<td style=\"width: 2.5%; text-align: center;\"><img loading=\"lazy\" src=\"https:\/\/tusa-precision.ch\/web\/wp-content\/uploads\/2019\/07\/m-S01.png\" alt=\"\" width=\"40\" height=\"40\" \/><\/td>\n<td style=\"width: 22.5%; text-align: center;\" width=\"83\">Superlegierungen (Inconel &#8211; Hastelloy &#8211; Nimonic)<\/td>\n<\/tr>\n<tr>\n<td style=\"width: 5%; text-align: center;\"><img loading=\"lazy\" src=\"https:\/\/tusa-precision.ch\/web\/wp-content\/uploads\/2019\/07\/m-M04.png\" alt=\"\" width=\"40\" height=\"40\" \/><\/td>\n<td style=\"width: 22.5%; text-align: center;\" width=\"346\">Austenitische rostfreie St\u00e4hle<\/td>\n<td style=\"width: 2.5%; text-align: center;\"><img loading=\"lazy\" src=\"https:\/\/tusa-precision.ch\/web\/wp-content\/uploads\/2019\/07\/m-S02.png\" alt=\"\" width=\"40\" height=\"40\" \/><\/td>\n<td style=\"width: 22.5%; text-align: center;\" width=\"346\">Reines Titan (Klasse 2 &#8211; Klasse 4)<\/td>\n<\/tr>\n<tr>\n<td style=\"width: 5%; text-align: center;\"><img loading=\"lazy\" src=\"https:\/\/tusa-precision.ch\/web\/wp-content\/uploads\/2019\/07\/m-K01.png\" alt=\"\" width=\"40\" height=\"40\" \/><\/td>\n<td style=\"width: 22.5%; text-align: center;\" width=\"82\">Grau\/Lamellengusseisen<\/td>\n<td style=\"width: 2.5%; text-align: center;\"><img loading=\"lazy\" src=\"https:\/\/tusa-precision.ch\/web\/wp-content\/uploads\/2019\/07\/m-S03.png\" alt=\"\" width=\"40\" height=\"40\" \/><\/td>\n<td style=\"width: 22.5%; text-align: center;\" width=\"346\">Titanlegierungen (Klasse 5)<\/td>\n<\/tr>\n<tr>\n<td style=\"width: 5%; text-align: center;\"><img loading=\"lazy\" src=\"https:\/\/tusa-precision.ch\/web\/wp-content\/uploads\/2019\/07\/m-K02.png\" alt=\"\" width=\"40\" height=\"40\" \/><\/td>\n<td style=\"width: 22.5%; text-align: center;\" width=\"82\">Knotiges\/knotiges Gusseisen<\/td>\n<td style=\"width: 2.5%; text-align: center;\"><img loading=\"lazy\" src=\"https:\/\/tusa-precision.ch\/web\/wp-content\/uploads\/2019\/07\/m-S04.png\" alt=\"\" width=\"40\" height=\"40\" \/><\/td>\n<td style=\"width: 22.5%; text-align: center;\" width=\"346\">Kobaltchromlegierungen<\/td>\n<\/tr>\n<tr>\n<td style=\"width: 5%; text-align: center;\"><img loading=\"lazy\" src=\"https:\/\/tusa-precision.ch\/web\/wp-content\/uploads\/2019\/07\/m-H01.png\" alt=\"\" width=\"40\" height=\"40\" \/><\/td>\n<td style=\"width: 22.5%; text-align: center;\" width=\"346\">Geh\u00e4rtete St\u00e4hle bis 55 HRC<\/td>\n<td style=\"width: 2.5%; text-align: center;\"><img loading=\"lazy\" src=\"https:\/\/tusa-precision.ch\/web\/wp-content\/uploads\/2019\/07\/m-H02.png\" alt=\"\" width=\"40\" height=\"40\" \/><\/td>\n<td style=\"width: 22.5%; text-align: center;\" width=\"346\">Geh\u00e4rtete St\u00e4hle ab 55 HRC<\/td>\n<\/tr>\n<\/thead>\n<\/table>\n<\/div>\n\t\t\t\t<\/div>\n\t\t\t\t\t\t\t\t<\/div>\n\t\t\t\t<\/div>\n\t\t\t\t<\/div>\n\t\t\t\t<div class=\"elementor-element elementor-element-63110336 elementor-widget elementor-widget-text-editor\" data-id=\"63110336\" data-element_type=\"widget\" data-widget_type=\"text-editor.default\">\n\t\t\t\t<div class=\"elementor-widget-container\">\n\t\t\t\t\t\t\t\t<div class=\"elementor-text-editor elementor-clearfix\">\n\t\t\t\t\t<script type='text\/javascript'>\n\n\t\tif ( 'undefined' === typeof lscfShortcodeData ) {\n\t\t\tvar lscfShortcodeData = [];\n\t\t}\n\n\t\t\/\/ split wp-content string to avoid the url to be rewriten by some CDN providers\n\t\tlscfShortcodeData.push({\n\t\t\t'ID':'bvvwzphstlupihv_4',\n\t\t\t'wpml': '1',\n\t\t\t'lang': 'de',\n\t\t\t'postType':'product',\n\t\t\t'post_per_page':'15',\n\t\t\t'plugin_url':'https:\/\/tusa-precision.ch\/web\/wp-content\/plugins\/live-search-and-custom-fields\/',\n\t\t\t'site_url':'https:\/\/tusa-precision.ch\/web',\n\t\t\t'ajax_url':'https:\/\/tusa-precision.ch\/web\/wp-admin\/admin-ajax.php',\n\t\t\t'rest_api_uri': 'https:\/\/tusa-precision.ch\/de\/wp-json\/',\n\t\t\t'options':{\"writing\":{\"load_more\":\"Load more\",\"view\":\"View\",\"any\":\"Any\",\"select\":\"W\\u00e4hlen\",\"filter\":\"Filter\",\"add_to_cart\":\"Add to Cart\",\"see_more\":\"See More\",\"see_less\":\"See Less\",\"no_results\":\"Keine Suchergebnisse\",\"sort_by\":\"Sort By\",\"sort_asc\":\"\",\"sort_desc\":\"\",\"date\":\"Date\",\"title\":\"Title\",\"close\":\"Close Filter\",\"search\":\"Search\",\"price\":\"Price\",\"grid\":\"Grid\",\"reset_filters\":\"Reset Filters\",\"range_field_from\":\"From\",\"range_field_to\":\"To\"},\"reset_button\":{\"status\":0,\"name\":\"Reset\",\"position\":\"top\"},\"grid_view\":0,\"see_more\":\"See More\",\"filter_type\":\"woocommerce\",\"run_shortcodes\":0,\"disable_empty_option_on_filtering\":0,\"infinite_scrolling\":0,\"checkboxes_conditional_logic\":\"or\",\"lscf_custom_fields_order_as\":\"number\",\"order_by\":{\"items\":[]},\"default_order_by\":{\"key\":\"default_order_by\",\"value\":\"post_title\",\"order_as\":\"asc\"},\"url_history\":0,\"instant_search\":0,\"general_search_by\":{\"items\":[{\"id\":\"post_title\",\"name\":\"Post Title\"}]},\"general_search_conditional_logic\":\"and\",\"general_search_algorithm\":\"algorithm-1\",\"keywords_conditional_logic\":\"and\",\"range_filtering_type\":\"lscf_number\",\"pagination_type\":\"load-more\",\"hide_see_more_on_checkboxes_list\":0,\"woo_price_format\":0,\"woo_instock\":0},\n\t\t\t'settings':{\"main-color\":\"#019505\",\"posts-per-page\":15,\"reset_button\":{\"position\":\"top\",\"name\":\"Reset\"},\"theme\":{\"display\":\"custom-theme\",\"columns\":4,\"viewchanger\":{\"list\":1},\"link_type\":\"0\",\"sidebar\":{\"position\":\"top\"},\"custom_template\":{\"url\":\"https:\\\/\\\/tusa-precision.ch\\\/web\\\/wp-content\\\/themes\\\/astra-child\\\/lscf-templates\\\/lscf-tusa-template.html\",\"name\":\"tusa template\",\"slug\":\"tusa-template\"},\"posts_display_from\":{\"post_taxonomies\":{\"product_cat\":{\"ID\":\"product_cat\",\"group_type\":\"taxonomies\",\"tax\":{\"terms\":[{\"data\":{\"name\":\"MTB103\",\"value\":478}},{\"data\":{\"name\":\"MTB104\",\"value\":482}},{\"data\":{\"name\":\"MTB25\",\"value\":235}},{\"data\":{\"name\":\"MTB25\\\/1.100\",\"value\":237}},{\"data\":{\"name\":\"MTB25\\\/3\",\"value\":239}},{\"data\":{\"name\":\"MTB27\",\"value\":292}},{\"data\":{\"name\":\"MTB27E\",\"value\":402}},{\"data\":{\"name\":\"MTB30\",\"value\":242}},{\"data\":{\"name\":\"MTB33\",\"value\":246}},{\"data\":{\"name\":\"MTB35\",\"value\":250}},{\"data\":{\"name\":\"MTB35\\\/L\",\"value\":253}},{\"data\":{\"name\":\"MTB40\",\"value\":215}},{\"data\":{\"name\":\"MTB40\",\"value\":399}},{\"data\":{\"name\":\"MTB41\",\"value\":217}},{\"data\":{\"name\":\"MTB43\",\"value\":228}},{\"data\":{\"name\":\"MTB44\",\"value\":230}},{\"data\":{\"name\":\"MTB45\",\"value\":254}},{\"data\":{\"name\":\"MTB50\",\"value\":257}},{\"data\":{\"name\":\"MTB60\",\"value\":260}},{\"data\":{\"name\":\"TA303B\",\"value\":288}},{\"data\":{\"name\":\"TA35\",\"value\":279}},{\"data\":{\"name\":\"TA803\",\"value\":461}},{\"data\":{\"name\":\"TC35\",\"value\":282}},{\"data\":{\"name\":\"TTD180E\",\"value\":485}},{\"data\":{\"name\":\"TTD203\",\"value\":263}},{\"data\":{\"name\":\"TTD204\",\"value\":267}},{\"data\":{\"name\":\"TTD206E\",\"value\":404}},{\"data\":{\"name\":\"TTD207\",\"value\":270}},{\"data\":{\"name\":\"TTD209\",\"value\":272}},{\"data\":{\"name\":\"TTD212E\",\"value\":407}},{\"data\":{\"name\":\"TTD215\",\"value\":277}},{\"data\":{\"name\":\"TTD218E\",\"value\":411}}]}},\"active_terms\":[\"478-product_cat\",\"482-product_cat\",\"235-product_cat\",\"237-product_cat\",\"239-product_cat\",\"292-product_cat\",\"402-product_cat\",\"242-product_cat\",\"246-product_cat\",\"250-product_cat\",\"253-product_cat\",\"215-product_cat\",\"399-product_cat\",\"217-product_cat\",\"228-product_cat\",\"230-product_cat\",\"254-product_cat\",\"257-product_cat\",\"260-product_cat\",\"288-product_cat\",\"279-product_cat\",\"461-product_cat\",\"282-product_cat\",\"485-product_cat\",\"263-product_cat\",\"267-product_cat\",\"404-product_cat\",\"270-product_cat\",\"272-product_cat\",\"407-product_cat\",\"277-product_cat\",\"411-product_cat\"]}}},\"main-color-rgb\":\"1, 149, 5\",\"is_administrator\":0,\"redirect_page\":\"\"}\t\t});\n\n\t\tdocument.getElementsByTagName(\"body\")[0].setAttribute(\"ng-app\", \"lscf-app\");\n\n\t<\/script>\n\n\t\n<div id=\"lscf-filter-wrapper-bvvwzphstlupihv_4\"\n\tclass=\"px-capf-wrapper row  lscf-theme-custom-theme\" >\n\n\n\t\t\t<div\n\t\t\tclass=\"col-sm-12 col-md-12 col-lg-12 lscf-container pxfilter-list-only\"\n\t\t\tdata-index=\"0\"\n\t\t\tng-controller=\"pxfilterController\" >\n\n\t\t\t\n\t\t\t<div\n\t\t\t\tclass=\"row\"\n\t\t\t\tid=\"lscf-posts-wrapper\"\n\t\t\t\tng-if=\"pluginSettings.existsPosts\"\n\t\t\t\tng-class=\"{'lscf-administrator' : pluginSettings.filterSettings.is_administrator == 1 }\">\n\n\t\t\t\t<div\n\t\t\t\t\tng-if=\"pluginSettings.filterSettings.theme.sidebar.position == 'left' || pluginSettings.filterSettings.theme.sidebar.position == 'top' \"\n\t\t\t\t\tclass=\"{{ 'col-xs-12 ' +pluginSettings.className.sidebar+' px-filter-fields' }}\"\n\t\t\t\t\tng-include=\"pluginSettings.pluginPath + 'app\/views\/filterFields.html'\">\n\t\t\t\t<\/div>\n\n\n\t\t\t\t<div class=\"{{ 'col-xs-12 ' + pluginSettings.className.posts_theme + 'lscf-posts' }} \">\n\n\t\t\t\t\t<div\n\t\t\t\t\t\tclass=\"px-posts-overlay-loading px-hide\"\n\t\t\t\t\t\tng-class=\"{'ang_ready' : loadMoreBtn.ready}\"\n\t\t\t\t\t\tng-if=\"loadMoreBtn.postsLoading\" >\n\n\t\t\t\t\t\t<img src=\"https:\/\/tusa-precision.ch\/web\/wp-content\/plugins\/live-search-and-custom-fields\/assets\/images\/loading_light.gif\">\n\t\t\t\t\t<\/div>\n\n\t\t\t\t\t<div\n\t\t\t\t\t\tclass=\"lscf-no-results-error px-hide\"\n\t\t\t\t\t\tng-class=\"{'ang_ready' : loadMoreBtn.ready}\"\n\t\t\t\t\t\tng-if=\"loadMoreBtn.noResults\">\n\t\t\t\t\t\t\t{{pluginSettings.generalSettings.writing.no_results}}\n\t\t\t\t\t<\/div>\n\n\t\t\t\t\t<div\n\t\t\t\t\t\tng-switch=\"pluginSettings.filterSettings.theme.display\"\n\t\t\t\t\t\tng-class=\" {'lscf-template-orderby-right-margin': 'woocommerce-grid-2' == pluginSettings.filterSettings.theme.display}\" >\n\n\t\t\t\t\t\t<div class=\"lscf-row-utils\">\n\t\t\t\t\t\t\t<div class=\"lscf-order-by\" sort-by><\/div>\n\n\t\t\t\t\t\t\t<div class=\"viewModeBlock\">\n\t\t\t\t\t\t\t\t<div class=\"viewMode\">\n\t\t\t\t\t\t\t\t\t<div id=\"blockView\" class=\"glyphicon glyphicon-th\"><\/div>\n\t\t\t\t\t\t\t\t\t<div id=\"listView\" class=\"active glyphicon glyphicon-th-list\"><\/div>\n\t\t\t\t\t\t\t\t<\/div>\n\t\t\t\t\t\t\t<\/div>\n\t\t\t\t\t\t<\/div>\n\n\t\t\t\t\t\t<div ng-switch-when=\"default\">\n\t\t\t\t\t\t\t<div id=\"lscf-posts-container-defaultTheme\" class=\"view lscf-posts-block lscf-grid-view\" viewmode-default><\/div>\n\n\t\t\t\t\t\t<\/div>\n\n\t\t\t\t\t\t<div ng-switch-when=\"accordion\" class=\"view lscf-posts-accordion lscf-posts-wrapper\">\n\t\t\t\t\t\t\t<div viewmode-accordion><\/div>\n\t\t\t\t\t\t<\/div>\n\n\t\t\t\t\t\t<div ng-switch-when=\"portrait\" class=\"view lscf-posts-portrait lscf-posts-wrapper lscf-grid-view\">\n\t\t\t\t\t\t\t<div viewmode-portrait><\/div>\n\t\t\t\t\t\t<\/div>\n\n\t\t\t\t\t\t<div ng-switch-when=\"basic-grid\" class=\"view lscf-posts-basic-grid lscf-posts-wrapper lscf-grid-view\">\n\t\t\t\t\t\t\t<div viewmode-basic-grid><\/div>\n\t\t\t\t\t\t<\/div>\n\n\t\t\t\t\t\t<div ng-switch-when=\"masonry-grid\" class=\"view lscf-posts-basic-grid lscf-posts-wrapper lscf-grid-view\">\n\t\t\t\t\t\t\t<div viewmode-masonry-grid><\/div>\n\t\t\t\t\t\t<\/div>\n\n\t\t\t\t\t\t<div ng-switch-when=\"woocommerce-grid\" class=\"view lscf-posts-basic-grid lscf-posts-wrapper lscf-grid-view\">\n\t\t\t\t\t\t\t<div viewmode-woocommerce><\/div>\n\t\t\t\t\t\t<\/div>\n\n\t\t\t\t\t\t<div ng-switch-when=\"woocommerce-grid-2\" class=\"lscf-posts-basic-grid lscf-posts-wrapper lscf-grid-view\">\n\t\t\t\t\t\t\t<div viewmode-woocommerce-grid><\/div>\n\t\t\t\t\t\t<\/div>\n\n\t\t\t\t\t\t<div ng-switch-when=\"custom-theme\" class=\"lscf-posts-wrapper lscf-custom-template-wrapper lscf-grid-view\">\n\t\t\t\t\t\t\t<div viewmode-custom ><\/div>\n\t\t\t\t\t\t<\/div>\n\n\t\t\t\t\t<\/div>\n\t\t\t\t\t<div class=\"clear\"><\/div>\n\n\t\t\t\t\t<div\n\t\t\t\t\t\tng-if=\" 'dynamic' === pluginSettings.generalSettings.pagination_type\"\n\t\t\t\t\t\tng-class=\"{'lscf-pagination-ready' : true === dynamicPaginationReady}\"\n\t\t\t\t\t\tpagination-dynamic>\n\t\t\t\t\t\t<div class=\"lscf-dynamic-pagination-container\">\n\t\t\t\t\t\t\t<span\n\t\t\t\t\t\t\t\tng-click=\"prevPage()\"\n\t\t\t\t\t\t\t\tclass=\"lscf-dynamic-pag-prev\"><\/span>\n\t\t\t\t\t\t\t<span class=\"lscf-dynamic-pag-main\">\n\t\t\t\t\t\t\t\t<input\n\t\t\t\t\t\t\t\t\tng-blur=\"onInputBlur()\"\n\t\t\t\t\t\t\t\t\tng-model=\"activepage\"\n\t\t\t\t\t\t\t\t\ttype=\"number\"\/>  of {{actionSettings.pagesCount}}\n\t\t\t\t\t\t\t<\/span>\n\t\t\t\t\t\t\t<span\n\t\t\t\t\t\t\t\tng-click=\"nextPage()\"\n\t\t\t\t\t\t\t\tclass=\"lscf-dynamic-pag-next\"><\/span>\n\t\t\t\t\t\t<\/div>\n\t\t\t\t\t\t<div class=\"clear\"><\/div>\n\t\t\t\t\t<\/div>\n\n\t\t\t\t\t<div\n\t\t\t\t\t\tng-if=\" 'load-more' === pluginSettings.generalSettings.pagination_type &#038;&#038; loadMoreBtn.morePostsAvailable\"\n\t\t\t\t\t\tclass=\"capf_loading px-hide\"\n\t\t\t\t\t\tng-class=\"{'ang_ready' : loadMoreBtn.ready}\">\n\t\t\t\t\t\t\t<img ng-if=\"loadMoreBtn.loading\" src=\"https:\/\/tusa-precision.ch\/web\/wp-content\/plugins\/live-search-and-custom-fields\/assets\/images\/loading_light.gif\">\n\t\t\t\t\t\t\t<br\/>\n\n\t\t\t\t\t\t\t<label\n\t\t\t\t\t\t\t\tclass=\"loadMore\"\n\t\t\t\t\t\t\t\tng-if=\"!loadMoreBtn.loading\"\n\t\t\t\t\t\t\t\tng-click=\"load_more()\">\n\n\t\t\t\t\t\t\t\tLoad more\t\t\t\t\t\t\t<\/label>\n\t\t\t\t\t<\/div>\n\t\t\t\t<\/div>\n\n\t\t\t\t<div\n\t\t\t\t\tng-if=\"pluginSettings.filterSettings.theme.sidebar.position == 'right' \"\n\t\t\t\t\tclass=\"{{ 'col-xs-12 ' +pluginSettings.className.sidebar+' px-filter-fields' }}\"\n\t\t\t\t\tng-include=\"pluginSettings.pluginPath + 'app\/views\/filterFields.html'\">\n\t\t\t\t<\/div>\n\n\t\t\t<\/div>\n\n\t\t<\/div>\n\n\t<\/div>\n\n\t\t\t\t\t<\/div>\n\t\t\t\t\t\t<\/div>\n\t\t\t\t<\/div>\n\t\t\t\t<div class=\"elementor-element elementor-element-cdce037 elementor-widget elementor-widget-html\" data-id=\"cdce037\" data-element_type=\"widget\" data-widget_type=\"html.default\">\n\t\t\t\t<div class=\"elementor-widget-container\">\n\t\t\t<script> \r\njQuery(document).ready(function($) { \r\nvar delay = 100; setTimeout(function() { \r\n$('.elementor-tab-title').removeClass('elementor-active');\r\n $('.elementor-tab-content').css('display', 'none'); }, delay); \r\n}); \r\n<\/script>\t\t<\/div>\n\t\t\t\t<\/div>\n\t\t\t\t\t\t<\/div>\n\t\t\t\t\t<\/div>\n\t\t<\/div>\n\t\t\t\t\t\t\t\t<\/div>\n\t\t\t\t\t<\/div>\n\t\t<\/section>\n\t\t\t\t\t\t\t\t\t<\/div>\n\t\t\t<\/div>\n\t\t\t\t\t<\/div>\n\t\t","protected":false},"excerpt":{"rendered":"<p>Materiallegende Cod. Materialart Cod. Materialart Unlegierte St\u00e4hle bis 800 N \/ mm2 Gezeichnete Aluminiumlegierungen Niedriglegierte St\u00e4hle von 800 N \/ mm2 bis 1100 N \/ mm2 Aluminiumdruckgusslegierungen Hochlegierte St\u00e4hle von 1100 N \/ mm2 bis 1400 N \/ mm2 Kupfer Ferritische rostfreie St\u00e4hle Messing &#8211; Bronze Martensitische rostfreie St\u00e4hle Bleifreies Messing Martensitische rostfreie St\u00e4hle &#8211; &hellip;<\/p>\n<p class=\"read-more\"> <a class=\"\" href=\"https:\/\/tusa-precision.ch\/de\/bohrwerkzeug\/\"> <span class=\"screen-reader-text\">Bohrwerkzeug<\/span> Read More &raquo;<\/a><\/p>\n","protected":false},"author":1,"featured_media":0,"parent":0,"menu_order":4,"comment_status":"closed","ping_status":"closed","template":"","meta":{"site-sidebar-layout":"default","site-content-layout":"default","ast-global-header-display":"","ast-main-header-display":"","ast-hfb-above-header-display":"","ast-hfb-below-header-display":"","ast-hfb-mobile-header-display":"","site-post-title":"disabled","ast-breadcrumbs-content":"disabled","ast-featured-img":"disabled","footer-sml-layout":"","theme-transparent-header-meta":"default","adv-header-id-meta":"","stick-header-meta":"","header-above-stick-meta":"","header-main-stick-meta":"","header-below-stick-meta":""},"_links":{"self":[{"href":"https:\/\/tusa-precision.ch\/de\/wp-json\/wp\/v2\/pages\/13422"}],"collection":[{"href":"https:\/\/tusa-precision.ch\/de\/wp-json\/wp\/v2\/pages"}],"about":[{"href":"https:\/\/tusa-precision.ch\/de\/wp-json\/wp\/v2\/types\/page"}],"author":[{"embeddable":true,"href":"https:\/\/tusa-precision.ch\/de\/wp-json\/wp\/v2\/users\/1"}],"replies":[{"embeddable":true,"href":"https:\/\/tusa-precision.ch\/de\/wp-json\/wp\/v2\/comments?post=13422"}],"version-history":[{"count":0,"href":"https:\/\/tusa-precision.ch\/de\/wp-json\/wp\/v2\/pages\/13422\/revisions"}],"wp:attachment":[{"href":"https:\/\/tusa-precision.ch\/de\/wp-json\/wp\/v2\/media?parent=13422"}],"curies":[{"name":"wp","href":"https:\/\/api.w.org\/{rel}","templated":true}]}}