{"id":13927,"date":"2021-04-27T10:02:06","date_gmt":"2021-04-27T08:02:06","guid":{"rendered":"https:\/\/tusa-precision.ch\/privacy-policy\/"},"modified":"2023-12-22T11:18:43","modified_gmt":"2023-12-22T10:18:43","slug":"privacy-policy","status":"publish","type":"page","link":"https:\/\/tusa-precision.ch\/de\/privacy-policy\/","title":{"rendered":"Privacy Policy"},"content":{"rendered":"\t\t<div data-elementor-type=\"wp-page\" data-elementor-id=\"13927\" class=\"elementor elementor-13927 elementor-3\">\n\t\t\t\t\t\t<div class=\"elementor-inner\">\n\t\t\t\t<div class=\"elementor-section-wrap\">\n\t\t\t\t\t\t\t\t\t<section class=\"elementor-section elementor-top-section elementor-element elementor-element-1f6942c elementor-section-boxed elementor-section-height-default elementor-section-height-default\" data-id=\"1f6942c\" data-element_type=\"section\">\n\t\t\t\t\t\t<div class=\"elementor-container elementor-column-gap-default\">\n\t\t\t\t\t\t\t<div class=\"elementor-row\">\n\t\t\t\t\t<div class=\"elementor-column elementor-col-100 elementor-top-column elementor-element elementor-element-7843a41f\" data-id=\"7843a41f\" data-element_type=\"column\">\n\t\t\t<div class=\"elementor-column-wrap elementor-element-populated\">\n\t\t\t\t\t\t\t<div class=\"elementor-widget-wrap\">\n\t\t\t\t\t\t<div class=\"elementor-element elementor-element-dd5ec31 elementor-widget elementor-widget-spacer\" data-id=\"dd5ec31\" data-element_type=\"widget\" data-widget_type=\"spacer.default\">\n\t\t\t\t<div class=\"elementor-widget-container\">\n\t\t\t\t\t<div class=\"elementor-spacer\">\n\t\t\t<div class=\"elementor-spacer-inner\"><\/div>\n\t\t<\/div>\n\t\t\t\t<\/div>\n\t\t\t\t<\/div>\n\t\t\t\t<div class=\"elementor-element elementor-element-52f5db42 elementor-widget elementor-widget-text-editor\" data-id=\"52f5db42\" data-element_type=\"widget\" data-widget_type=\"text-editor.default\">\n\t\t\t\t<div class=\"elementor-widget-container\">\n\t\t\t\t\t\t\t\t<div class=\"elementor-text-editor elementor-clearfix\">\n\t\t\t\t<h2><strong>Datenschutzhinweisd<\/strong><\/h2>\n<p>Der Hauptsitz von TUSA PRECISION TOOLS SA befindet sich in Mezzovico-Vira, Schweiz, und daher unterliegt dieses Unternehmen in erster Linie dem Bundesgesetz \u00fcber den Datenschutz (DSG) bei der Verwaltung von personenbezogenen Daten, insbesondere von in der Schweiz ans\u00e4ssigen Personen. Dar\u00fcber hinaus dient die Datenschutz-Grundverordnung (DSGVO) der Europ\u00e4ischen Union als rechtliche Grundlage f\u00fcr die Verwaltung von personenbezogenen Daten von B\u00fcrgern der Europ\u00e4ischen Union.<\/p>\n<p>In diesem Zusammenhang informiert TUSA PRECISION TOOLS SA dar\u00fcber, dass es die Notwendigkeit hat, die automatisch erfassten oder von Ihnen bereitgestellten personenbezogenen Daten durch die Nutzung der Website zu verarbeiten.<\/p>\n<p>&nbsp;<\/p>\n<p><strong>1. VERANTWORTLICHER F\u00dcR DIE DATENVERARBEITUNG<\/strong><\/p>\n<p>Der Verantwortliche f\u00fcr die Datenverarbeitung ist TUSA PRECISION TOOLS SA mit Sitz in Via San Mamete 82, CH-6805 Mezzovico-Vira (nachfolgend &#8220;Verantwortlicher f\u00fcr die Datenverarbeitung&#8221;).<\/p>\n<p>&nbsp;<\/p>\n<p><strong>2. DEFINITIONEN UND ART DER VERARBEITETEN PERSONENBEZOGENEN DATEN<\/strong><\/p>\n<p>Als personenbezogene Daten gelten alle Informationen, die eine nat\u00fcrliche Person direkt oder indirekt identifizieren oder identifizierbar machen und Informationen \u00fcber ihre Merkmale, Gewohnheiten, Lebensstil, pers\u00f6nlichen Beziehungen, Gesundheitszustand, wirtschaftliche Situation usw. liefern k\u00f6nnen.<\/p>\n<p>Unter der Verarbeitung personenbezogener Daten versteht man jede Operation oder Gesamtheit von Operationen, die mit oder ohne Hilfe automatisierter Prozesse durchgef\u00fchrt wird und auf personenbezogene Daten oder Gruppen von personenbezogenen Daten angewendet wird. Dazu geh\u00f6rt die Erhebung, Aufzeichnung, Organisation, Speicherung, \u00c4nderung, Extraktion, Nutzung, \u00dcbermittlung, Verbreitung oder jede andere Form der Bereitstellung, Einschr\u00e4nkung, L\u00f6schung oder Zerst\u00f6rung.<\/p>\n<p>Die personenbezogenen Daten, die zur Beantwortung von Informationsanfragen verarbeitet werden, umfassen:<\/p>\n<ul>\n<li>E-Mail-Adresse.<\/li>\n<\/ul>\n<p>Im Rahmen der Nutzung der Website wird darauf hingewiesen, dass im Allgemeinen alle Benutzer die Website ohne Bereitstellung personenbezogener Informationen besuchen k\u00f6nnen.<\/p>\n<p>Im Folgenden werden die Arten von verarbeiteten Daten und die entsprechenden Informationen zu &#8220;Cookies&#8221; n\u00e4her erl\u00e4utert.<\/p>\n<p>&nbsp;<\/p>\n<p><strong>Nutzungsdaten<\/strong><\/p>\n<p>W\u00e4hrend ihres normalen Betriebs erfassen die Softwareprozesse und Computersysteme, die den Betrieb der Website bestimmen, bestimmte personenbezogene Daten, deren \u00dcbermittlung in der Verwendung der Internetkommunikationsprotokolle implizit ist.<\/p>\n<p>Diese Informationen werden nicht gesammelt, um mit identifizierten Personen in Verbindung gebracht zu werden. Es wird jedoch darauf hingewiesen, dass sie aufgrund ihrer Natur durch Verarbeitung und Verkn\u00fcpfung mit anderen Daten, die dem Verantwortlichen oder Dritten vorliegen, die Identifizierung der Benutzer erm\u00f6glichen k\u00f6nnten.<\/p>\n<p>In diese Kategorie von Daten fallen:<\/p>\n<ul>\n<li>Die IP-Adressen der Computer, die von den Benutzern verwendet werden, die sich mit der Website verbinden, werden f\u00fcr die Statistik anonymisiert.<\/li>\n<li>Die Adressen in URI-Notation (Uniform Resource Identifier) der angeforderten Ressourcen.<\/li>\n<li>Die Zeit der Anfrage.<\/li>\n<li>Die Methode, die bei der \u00dcbermittlung der Anfrage an den Server verwendet wird.<\/li>\n<li>Die Gr\u00f6\u00dfe der in der Antwort erhaltenen Datei.<\/li>\n<li>Der numerische Code, der den Status der Antwort des Servers angibt (erfolgreich, Fehler usw.).<\/li>\n<li>Andere Parameter im Zusammenhang mit dem Betriebssystem und der IT-Umgebung des Benutzers.<\/li>\n<\/ul>\n<p>Diese Daten k\u00f6nnen vom Verantwortlichen nur f\u00fcr den Zweck verwendet werden, anonyme statistische Informationen \u00fcber die Nutzung der Website zu erhalten und gegebenenfalls deren ordnungsgem\u00e4\u00dfe Funktion zu \u00fcberwachen.<\/p>\n<p>Dar\u00fcber hinaus k\u00f6nnten die gesammelten Daten, in \u00dcbereinstimmung mit der Justizbeh\u00f6rde, auch zur Feststellung von Verantwortlichkeiten im Falle hypothetischer Computerstraftaten gegen\u00fcber dem Verantwortlichen. Mit Ausnahme dieser Hypothese wird darauf hingewiesen, dass die auf die Website \u00fcbermittelten Kontaktdaten nicht l\u00e4nger als drei\u00dfig Tage auf den Servern gespeichert werden.<\/p>\n<p>&nbsp;<\/p>\n<p><strong>Daten, die vom Benutzer freiwillig bereitgestellt werden<\/strong><\/p>\n<p>F\u00fcr die Nutzung der Website ist keine Bereitstellung personenbezogener Daten durch den Benutzer erforderlich.<\/p>\n<p>Jedoch f\u00fchrt jegliche Kontaktaufnahme mit TUSA PRECISION TOOLS SA oder das freiwillige, explizite und spontane Versenden von Nachrichten per E-Mail oder auf herk\u00f6mmlichem Postweg an die auf der Website angegebenen Kontakte zur nachfolgenden Erfassung der E-Mail-Adresse sowie gegebenenfalls der postalischen Adresse oder Telefonnummer des Absenders. Diese Informationen sind notwendig, um auf Anfragen zu antworten, und k\u00f6nnen auch andere pers\u00f6nliche Daten enthalten, die in den entsprechenden Mitteilungen enthalten sind.<\/p>\n<p>Diese Daten werden ausschlie\u00dflich zum Zweck der Bearbeitung der Benutzeranfrage verwendet und k\u00f6nnen nur dann an Dritte weitergegeben werden, wenn dies f\u00fcr diesen Zweck erforderlich ist. F\u00fcr die Verarbeitung dieser Daten zu diesen Zwecken ist Ihre Zustimmung nicht erforderlich, da die Verarbeitung notwendig ist, um einen Vertrag zu erf\u00fcllen, an dem Sie beteiligt sind, oder um vorvertragliche Ma\u00dfnahmen auf Ihre Anfrage hindurchzuf\u00fchren. Wenn zutreffend, dient die Verarbeitung auch der Erf\u00fcllung einer rechtlichen Verpflichtung.<\/p>\n<p>Diese Daten werden nur so lange aufbewahrt, wie es unbedingt erforderlich ist, um dem Benutzer den angeforderten Service bereitzustellen, und werden unmittelbar danach gel\u00f6scht, es sei denn, es bestehen weitere gesetzliche Aufbewahrungspflichten. Ihre Daten werden nicht ver\u00f6ffentlicht.<\/p>\n<p>&nbsp;<\/p>\n<p><strong>Cookie-Richtlinien<\/strong><\/p>\n<p>Im Folgenden werden die Arten von Cookies spezifiziert, die von dieser Website verwendet werden, um zu verstehen, wie personenbezogene Daten durch diese Art von Technologien verarbeitet werden.<\/p>\n<p>&nbsp;<\/p>\n<p><strong>Technische Cookies<\/strong><\/p>\n<p>Diese Website verwendet sogenannte &#8220;technische Cookies&#8221;, das sind kleine Textfragmente, die eine bestimmte Menge an Informationen zwischen der Website und Ihrem Endger\u00e4t austauschen und die normale Navigation auf der Website erm\u00f6glichen. Sie sind unerl\u00e4sslich, um den ordnungsgem\u00e4\u00dfen Betrieb der Website zu gew\u00e4hrleisten. Die Website verwendet technische Cookies f\u00fcr Zwecke, die einen reibungslosen Betrieb erm\u00f6glichen. Es werden jedoch keine Cookies zur \u00dcbertragung pers\u00f6nlicher Informationen verwendet, und es werden keine sogenannten persistenten Cookies jeglicher Art verwendet, au\u00dfer f\u00fcr den Zugang der Systemadministratoren.<\/p>\n<p>&nbsp;<\/p>\n<p><strong>Analytische Cookies<\/strong><\/p>\n<p>Diese Website verwendet sogenannte &#8220;analytische Cookies&#8221;, die von Dritten erstellt und zur Verf\u00fcgung gestellt werden, namentlich Google Analytics. Dies geschieht f\u00fcr interne statistische Analysen des Zugriffs, um die Website zu verbessern und die Nutzung zu vereinfachen, sowie um den ordnungsgem\u00e4\u00dfen Betrieb zu \u00fcberwachen. Der Verantwortliche f\u00fcr die Datenverarbeitung hat jedoch die geeignetsten Instrumente implementiert, um die Identifizierbarkeit dieser Art von Cookies auf ein Minimum zu reduzieren. Google Analytics ver\u00f6ffentlicht hier seine Cookie-Richtlinie: <a href=\"https:\/\/marketingplatform.google.com\/about\/analytics\/terms\/de\/\">https:\/\/marketingplatform.google.com\/about\/analytics\/terms\/de\/<\/a><\/p>\n<p>&nbsp;<\/p>\n<p><strong>Cookies von Drittanbietern<\/strong><\/p>\n<p>Die Website verwendet auch Cookies von Drittanbietern auf folgende Weise:<\/p>\n<ul>\n<li>Der Benutzer ist \u00fcber die Entscheidung bez\u00fcglich der Verwendung solcher Cookies w\u00e4hrend seiner Sitzung auf der Website durch Annahme oder Ablehnung \u00fcber das Cookie-Hinweisbanner verantwortlich.<\/li>\n<li>TUSA PRECISION TOOLS SA erh\u00e4lt keinerlei identifizierende Daten durch die Verwendung dieser Cookies und ist nicht in der Lage, Einzelpersonen in den Statistiken individuell zu identifizieren.<\/li>\n<li>TUSA PRECISION TOOLS SA und der Benutzer haben beide die Informationen und Servicebedingungen der Plattformbesitzer, auf die sich die Cookies von Drittanbietern beziehen, akzeptiert. Daher liegt die Verantwortung f\u00fcr die Verwendung personenbezogener Daten allein beim Dritten.<\/li>\n<li>TUSA PRECISION TOOLS SA ist ausschlie\u00dflich f\u00fcr die Entscheidung \u00fcber die Angemessenheit in Bezug auf die Annahme von Cookies von Drittanbietern und die technischen Ma\u00dfnahmen (Banner mit der M\u00f6glichkeit zur vollst\u00e4ndigen oder selektiven Ablehnung), die es dem Benutzer erm\u00f6glichen, dieses Tracking nicht zu akzeptieren, verantwortlich.<\/li>\n<li>Dritte haben ihre eigenen Datenschutzrichtlinien und Datensammlungsmethoden. Die Informationen dazu sind unter den folgenden Links abrufbar:<\/li>\n<li>Google (Analytics) \u2013 <a href=\"https:\/\/marketingplatform.google.com\/about\/analytics\/terms\/de\/\">https:\/\/marketingplatform.google.com\/about\/analytics\/terms\/de\/<\/a><\/li>\n<\/ul>\n<p><strong>Profilierungscookies<\/strong><\/p>\n<p>Diese Website verwendet keine sogenannten &#8220;Profilierungscookies&#8221;, da der f\u00fcr die Datenverarbeitung Verantwortliche keine Profile des Benutzers erstellt, um Werbenachrichten gem\u00e4\u00df den vom Benutzer w\u00e4hrend des Internet Browsings ge\u00e4u\u00dferten Pr\u00e4ferenzen zu senden.<\/p>\n<p><strong>\u00a0<\/strong><\/p>\n<p><strong>Optionen zur Verwendung von Cookies durch die Website \u00fcber die Browsereinstellungen<\/strong><\/p>\n<p>Die Bereitstellung aller Cookies, sowohl Erstanbieter- als auch Drittanbieter-Cookies, kann durch Eingriffe in die Einstellungen Ihres verwendeten Browsers deaktiviert werden. Es ist jedoch zu beachten, dass dies die Website unbrauchbar machen k\u00f6nnte, wenn unverzichtbare Cookies f\u00fcr die Bereitstellung bestimmter Dienste blockiert werden. Jeder Browser hat unterschiedliche Einstellungen f\u00fcr die Deaktivierung von Cookies.<\/p>\n<p>&nbsp;<\/p>\n<p><strong>3. ZWECK DER DATENVERARBEITUNG UND RECHTSGRUNDLAGE<\/strong><\/p>\n<p>Die Verarbeitung personenbezogener Daten erfolgt ausschlie\u00dflich zu folgenden Zwecken:<\/p>\n<ul>\n<li>Zur Beantwortung von Informations- und Unterst\u00fctzungsanfragen des Benutzers. Die Verarbeitung erfolgt zur Erf\u00fcllung einer Anfrage des Benutzers und basiert auf der Durchf\u00fchrung eines Vertrags oder vorvertraglicher Ma\u00dfnahmen.<\/li>\n<li>Zur Gew\u00e4hrleistung des ordnungsgem\u00e4\u00dfen Betriebs der Webseiten und ihrer Inhalte. In diesem Fall basiert die Datenverarbeitung auf dem legitimen Interesse des Verantwortlichen.<\/li>\n<li>Zur Mitteilung Ihrer pers\u00f6nlichen Daten, wenn dies von den zust\u00e4ndigen Beh\u00f6rden verlangt wird. In diesem Fall basiert die Verarbeitung Ihrer Daten auf der Notwendigkeit, einer gesetzlichen Verpflichtung nachzukommen.<\/li>\n<\/ul>\n<p>Durch die Akzeptanz dieser Datenschutzrichtlinie erkl\u00e4ren Sie, dass Sie ihr in allen Punkten zustimmen.<\/p>\n<p>&nbsp;<\/p>\n<p><strong>4. SPEICHERDAUER DER PERSONENBEZOGENEN DATEN<\/strong><\/p>\n<p>Personenbezogene Daten werden sowohl mit automatisierten Mitteln als auch auf Papier ausschlie\u00dflich f\u00fcr die genannten Zwecke und f\u00fcr die f\u00fcr ihre Erhebung erforderliche Zeit verarbeitet. Es wird klargestellt, dass der Verantwortliche alle notwendigen Sicherheitsma\u00dfnahmen getroffen hat, um Datenverlust, unrechtm\u00e4\u00dfige oder unsachgem\u00e4\u00dfe Nutzung und unbefugten Zugriff zu verhindern.<\/p>\n<p>Die Kontaktdaten der Website-Besucher werden nicht l\u00e4nger als drei\u00dfig Tage gespeichert, es sei denn, sie sind erforderlich, um die Verantwortlichkeit im Falle hypothetischer Computerstraftaten.<\/p>\n<p>Daten zu Anfragen, die pers\u00f6nliche Informationen enthalten, werden nach 6 Monaten ab Erhalt gel\u00f6scht.<\/p>\n<p>Hinsichtlich m\u00f6glicher weiterer personenbezogener Daten, f\u00fcr die der genaue Aufbewahrungszeitraum nicht bestimmt werden kann, verpflichtet sich der Verantwortliche bereits jetzt, die Verarbeitung dieser personenbezogenen Daten an den Grunds\u00e4tzen der Angemessenheit, Relevanz und Datenminimierung auszurichten, wie vom Europ\u00e4ischen Datenschutzrecht und dem Bundesgesetz gefordert, und die Notwendigkeit ihrer Aufbewahrung st\u00e4ndig zu \u00fcberpr\u00fcfen.<\/p>\n<p>Daher werden sie, sobald die Zwecke erreicht sind, f\u00fcr die sie gesammelt und verarbeitet wurden, aus den Systemen entfernt oder vollst\u00e4ndig anonymisiert.<\/p>\n<p>&nbsp;<\/p>\n<p><strong>5. KATEGORIEN VON DATENEMPF\u00c4NGERN<\/strong><\/p>\n<p>Zur Verfolgung der oben genannten Zwecke k\u00f6nnte das Unternehmen verpflichtet sein, Ihre personenbezogenen Daten an folgende Kategorien von Empf\u00e4ngern weiterzugeben:<\/p>\n<ul>\n<li>Das firmeneigene Mitarbeiterpersonal, das vom Verantwortlichen f\u00fcr die Datenverarbeitung gem\u00e4\u00df der Europ\u00e4ischen Datenschutzverordnung und den Bundesgesetzen ordnungsgem\u00e4\u00df autorisiert und als Systemadministrator benannt wurde;<\/li>\n<li>Dritte, die aufgrund von gesetzlichen Bestimmungen des Rechts der Europ\u00e4ischen Union oder des Mitgliedstaats, dem der Verantwortliche f\u00fcr die Datenverarbeitung unterliegt, auf die Daten zugreifen k\u00f6nnen;<\/li>\n<li>Dritte (Unternehmen, Freiberufler usw.), die sowohl innerhalb als auch au\u00dferhalb der Schweizerischen Eidgenossenschaft t\u00e4tig sind und sich verpflichten, sich ausschlie\u00dflich innerhalb der Grenzen der Europ\u00e4ischen Union und der L\u00e4nder, die die DSGVO anwenden, zu bewegen. Diese Dritten verarbeiten Ihre personenbezogenen Daten im Rahmen von Hilfst\u00e4tigkeiten f\u00fcr die zuvor genannten Aktivit\u00e4ten und Dienstleistungen, wie Unternehmen, die Werbe-, Marketing- und Kommunikationsdienstleistungen, Informatik- und Informationstechnologiedienstleistungen, die Gestaltung und Umsetzung von Websites anbieten.<\/li>\n<\/ul>\n<p>Die m\u00f6gliche Weitergabe von personenbezogenen Daten erfolgt unter voller Einhaltung der gesetzlichen Bestimmungen des schweizerischen und europ\u00e4ischen Rechts sowie der von der Gesellschaft ergriffenen technischen und organisatorischen Ma\u00dfnahmen, um ein angemessenes Sicherheitsniveau zu gew\u00e4hrleisten.<\/p>\n<p>&nbsp;<\/p>\n<p><strong>6. \u00dcBERMITTLUNG VON PERSONENBEZOGENEN DATEN IN DRITTL\u00c4NDER<\/strong><\/p>\n<p>Die Daten werden haupts\u00e4chlich innerhalb des Landes verarbeitet, k\u00f6nnen jedoch auch in andere L\u00e4nder innerhalb der EU \u00fcbertragen werden. Eine m\u00f6gliche \u00dcbertragung der Daten des Betroffenen in L\u00e4nder au\u00dferhalb der Europ\u00e4ischen Union erfolgt ausschlie\u00dflich unter Einhaltung angemessener Garantien f\u00fcr die \u00dcbertragung selbst, das hei\u00dft, dass die Eidgenossenschaft best\u00e4tigt hat, dass das Drittland ein angemessenes Datenschutzniveau bietet oder andere Garantien in Bezug auf deren Schutz bestehen, wie verbindliche Unternehmensregeln oder die Unterzeichnung der Standardvertragsklauseln der EU.<\/p>\n<p>&nbsp;<\/p>\n<p><strong>7. RECHTE DER BETEILIGTEN PERSON<\/strong><\/p>\n<p>Die Personen, auf die sich die personenbezogenen Daten beziehen, haben das Recht, jederzeit die Best\u00e4tigung der Existenz dieser Daten zu erhalten und deren Inhalt zu erfahren, die Richtigkeit zu \u00fcberpr\u00fcfen oder deren Erg\u00e4nzung oder Aktualisierung zu verlangen bzw. eine Berichtigung zu beantragen.<\/p>\n<p>Es wird auch darauf hingewiesen:<\/p>\n<ul>\n<li>Es besteht die M\u00f6glichkeit, die Einwilligung zur Verarbeitung jederzeit zu widerrufen. Es sei jedoch darauf hingewiesen, dass der Widerruf der Einwilligung die Rechtm\u00e4\u00dfigkeit, der aufgrund der Einwilligung vor dem Widerruf erfolgten Verarbeitung nicht beeintr\u00e4chtigt.<\/li>\n<li>Es besteht die M\u00f6glichkeit, vom Verantwortlichen f\u00fcr die Datenverarbeitung den Zugang zu den personenbezogenen Daten zu verlangen.<\/li>\n<li>Es besteht die M\u00f6glichkeit, vom Verantwortlichen f\u00fcr die Datenverarbeitung die Berichtigung und Erg\u00e4nzung der als unrichtig erachteten personenbezogenen Daten zu erhalten, auch durch Abgabe einer einfachen erg\u00e4nzenden Erkl\u00e4rung.<\/li>\n<li>Es besteht die M\u00f6glichkeit, vom Verantwortlichen f\u00fcr die Datenverarbeitung die L\u00f6schung der personenbezogenen Daten zu erhalten.<\/li>\n<li>Es besteht die M\u00f6glichkeit, vom Verantwortlichen f\u00fcr die Datenverarbeitung die Einschr\u00e4nkung der Verarbeitung der personenbezogenen Daten zu erhalten, sofern eine der im einschl\u00e4gigen Recht vorgesehenen Bedingungen erf\u00fcllt ist.<\/li>\n<li>Es besteht die M\u00f6glichkeit, vom Verantwortlichen f\u00fcr die Datenverarbeitung die personenbezogenen Daten, die Sie betreffen, in einem strukturierten, g\u00e4ngigen und maschinenlesbaren Format zu erhalten, und es besteht die M\u00f6glichkeit, dass diese Daten ohne Behinderung einem anderen Verantwortlichen f\u00fcr die Datenverarbeitung \u00fcbermittelt werden, wie dies vom einschl\u00e4gigen Recht vorgesehen ist.<\/li>\n<li>Es besteht die M\u00f6glichkeit, jederzeit, aus Gr\u00fcnden, die sich aus Ihrer besonderen Situation ergeben, gegen die Verarbeitung der Sie betreffenden personenbezogenen Daten, einschlie\u00dflich Profiling, Widerspruch einzulegen.<\/li>\n<li>Es besteht die M\u00f6glichkeit, bei der Datenschutzbeh\u00f6rde Beschwerde einzureichen, wenn Sie der Ansicht sind, dass die Verarbeitung Ihrer Daten gegen die geltenden Vorschriften verst\u00f6\u00dft. Die Beschwerde kann in dem Land eingereicht werden, in dem Sie Ihren gew\u00f6hnlichen Aufenthalt haben, arbeiten oder der Ort ist, an dem die mutma\u00dfliche Verletzung stattgefunden hat.<\/li>\n<\/ul>\n<p>Um eines Ihrer Rechte auszu\u00fcben, richten Sie Ihre Anfragen bitte an:<\/p>\n<ul>\n<li>per E-Mail an die Adresse info@tusa-precision.ch;<\/li>\n<li>oder per Post an TUSA PRECISION TOOLS SA \u2013 Via S. Mamete 82, 6805 Mezzovico-Vira;<\/li>\n<li>unter Angabe der folgenden Daten:<\/li>\n<li>Vorname, Nachname und Postanschrift;<\/li>\n<li>Details der Anfrage;<\/li>\n<li>eine farbige und gut lesbare Kopie eines g\u00fcltigen Ausweisdokuments.<\/li>\n<\/ul>\n\t\t\t\t\t<\/div>\n\t\t\t\t\t\t<\/div>\n\t\t\t\t<\/div>\n\t\t\t\t<div class=\"elementor-element elementor-element-33f6ade elementor-widget elementor-widget-spacer\" data-id=\"33f6ade\" data-element_type=\"widget\" data-widget_type=\"spacer.default\">\n\t\t\t\t<div class=\"elementor-widget-container\">\n\t\t\t\t\t<div class=\"elementor-spacer\">\n\t\t\t<div class=\"elementor-spacer-inner\"><\/div>\n\t\t<\/div>\n\t\t\t\t<\/div>\n\t\t\t\t<\/div>\n\t\t\t\t\t\t<\/div>\n\t\t\t\t\t<\/div>\n\t\t<\/div>\n\t\t\t\t\t\t\t\t<\/div>\n\t\t\t\t\t<\/div>\n\t\t<\/section>\n\t\t\t\t\t\t\t\t\t<\/div>\n\t\t\t<\/div>\n\t\t\t\t\t<\/div>\n\t\t","protected":false},"excerpt":{"rendered":"<p>Datenschutzhinweisd Der Hauptsitz von TUSA PRECISION TOOLS SA befindet sich in Mezzovico-Vira, Schweiz, und daher unterliegt dieses Unternehmen in erster Linie dem Bundesgesetz \u00fcber den Datenschutz (DSG) bei der Verwaltung von personenbezogenen Daten, insbesondere von in der Schweiz ans\u00e4ssigen Personen. Dar\u00fcber hinaus dient die Datenschutz-Grundverordnung (DSGVO) der Europ\u00e4ischen Union als rechtliche Grundlage f\u00fcr die Verwaltung &hellip;<\/p>\n<p class=\"read-more\"> <a class=\"\" href=\"https:\/\/tusa-precision.ch\/de\/privacy-policy\/\"> <span class=\"screen-reader-text\">Privacy Policy<\/span> Read More &raquo;<\/a><\/p>\n","protected":false},"author":1,"featured_media":0,"parent":0,"menu_order":9,"comment_status":"closed","ping_status":"open","template":"","meta":{"site-sidebar-layout":"default","site-content-layout":"default","ast-global-header-display":"","ast-main-header-display":"","ast-hfb-above-header-display":"","ast-hfb-below-header-display":"","ast-hfb-mobile-header-display":"","site-post-title":"disabled","ast-breadcrumbs-content":"","ast-featured-img":"disabled","footer-sml-layout":"","theme-transparent-header-meta":"default","adv-header-id-meta":"","stick-header-meta":"","header-above-stick-meta":"","header-main-stick-meta":"","header-below-stick-meta":""},"_links":{"self":[{"href":"https:\/\/tusa-precision.ch\/de\/wp-json\/wp\/v2\/pages\/13927"}],"collection":[{"href":"https:\/\/tusa-precision.ch\/de\/wp-json\/wp\/v2\/pages"}],"about":[{"href":"https:\/\/tusa-precision.ch\/de\/wp-json\/wp\/v2\/types\/page"}],"author":[{"embeddable":true,"href":"https:\/\/tusa-precision.ch\/de\/wp-json\/wp\/v2\/users\/1"}],"replies":[{"embeddable":true,"href":"https:\/\/tusa-precision.ch\/de\/wp-json\/wp\/v2\/comments?post=13927"}],"version-history":[{"count":5,"href":"https:\/\/tusa-precision.ch\/de\/wp-json\/wp\/v2\/pages\/13927\/revisions"}],"predecessor-version":[{"id":26120,"href":"https:\/\/tusa-precision.ch\/de\/wp-json\/wp\/v2\/pages\/13927\/revisions\/26120"}],"wp:attachment":[{"href":"https:\/\/tusa-precision.ch\/de\/wp-json\/wp\/v2\/media?parent=13927"}],"curies":[{"name":"wp","href":"https:\/\/api.w.org\/{rel}","templated":true}]}}