{"id":20293,"date":"2022-04-29T11:48:18","date_gmt":"2022-04-29T09:48:18","guid":{"rendered":"https:\/\/tusa-precision.ch\/news\/"},"modified":"2022-07-21T11:59:54","modified_gmt":"2022-07-21T09:59:54","slug":"news","status":"publish","type":"page","link":"https:\/\/tusa-precision.ch\/de\/news\/","title":{"rendered":"News"},"content":{"rendered":"\t\t<div data-elementor-type=\"wp-page\" data-elementor-id=\"20293\" class=\"elementor elementor-20293 elementor-20200\">\n\t\t\t\t\t\t<div class=\"elementor-inner\">\n\t\t\t\t<div class=\"elementor-section-wrap\">\n\t\t\t\t\t\t\t\t\t<section class=\"elementor-section elementor-top-section elementor-element elementor-element-c3a586a elementor-section-boxed elementor-section-height-default elementor-section-height-default\" data-id=\"c3a586a\" data-element_type=\"section\">\n\t\t\t\t\t\t<div class=\"elementor-container elementor-column-gap-default\">\n\t\t\t\t\t\t\t<div class=\"elementor-row\">\n\t\t\t\t\t<div class=\"elementor-column elementor-col-100 elementor-top-column elementor-element elementor-element-0e08388\" data-id=\"0e08388\" data-element_type=\"column\">\n\t\t\t<div class=\"elementor-column-wrap elementor-element-populated\">\n\t\t\t\t\t\t\t<div class=\"elementor-widget-wrap\">\n\t\t\t\t\t\t<div class=\"elementor-element elementor-element-7b93698 elementor-widget elementor-widget-upk-elite-grid\" data-id=\"7b93698\" data-element_type=\"widget\" data-widget_type=\"upk-elite-grid.default\">\n\t\t\t\t<div class=\"elementor-widget-container\">\n\t\t\t\t\t<div class=\"upk-elite-grid\">\n\t\t\t<div class=\"upk-post-grid upk-style-2\">\n\n\t\t\t\t\n\t\t\t\t\t\t\t<div class=\"upk-item\">\n\t\t\t<div class=\"upk-item-box\">\n\t\t\t\t<div class=\"upk-image-wrap\">\n\t\t\t\t\t<div class=\"upk-main-image\">\n\t\t\t\t\t\t\t\t<img class=\"upk-img\" src=\"https:\/\/tusa-precision.ch\/web\/wp-content\/uploads\/2024\/03\/Logo-S-1024x1024.webp\" alt=\"SIAMS Messe: TUSA f\u00fchrend in der Innovation\">\r\n\t\t\t\t\t\t<\/div>\n\n\t\t\t\t\t\n\t\t\t\t\t\t\t\t\t\t\t<div class=\"upk-meta-wrap\">\n\t\t\t\t\t\t\t\t\t<div class=\"upk-elite-grid-date\">\n\t\t\t11 March 2024\t\t<\/div>\n\t\t\t\t\t\t\t\t\t\t\t\t<div class=\"upk-category\">\r\n\t\t\t<a href=\"https:\/\/tusa-precision.ch\/de\/category\/ausstellungen\/\">Ausstellungen<\/a>\t\t<\/div>\r\n\t\t\t\t\t\t\t<\/div>\n\t\t\t\t\t\t\t\t\t<\/div>\n\n\t\t\t\t<div class=\"upk-content\">\n\t\t\t\t\t<div>\n\t\t\t\t\t\t<h3 class=\"upk-title\"><a href=\"https:\/\/tusa-precision.ch\/de\/siams-messe-tusa-fuehrend-in-der-innovation\/\" title=\"SIAMS Messe: TUSA f\u00fchrend in der Innovation\" class=\"title-animation-\" >SIAMS Messe: TUSA f\u00fchrend in der Innovation<\/a><\/h3>\t\t\t\t\t\t<div class=\"upk-text-wrap\">\n\t\t\t\t\t\t\t\t\t<div class=\"upk-text\">\r\n\t\t\t<p>TUSA freut sich, seine Teilnahme an der renommierten SIAMS Messe anzuk\u00fcndigen, die vom 16. bis 19. April stattfinden wird. Mit einem festen Engagement f\u00fcr Innovation und Exzellenz in der Branche pr\u00e4sentiert sich TUSA als f\u00fchrender Akteur bei diesem wichtigen Ereignis. SIAMS, anerkannt als eine der wichtigsten Messen im Bereich der Werkzeugproduktion, bietet uns die M\u00f6glichkeit, unsere neuesten Innovationen zu pr\u00e4sentieren.<\/p>\n\t\t<\/div>\r\n\t\t\t\t\t\t\t\t<\/div>\n\n\t\t\t\t\t\t\t\t\t\t\t\t\t<div class=\"upk-meta-list upk-flex upk-flex-middle\">\n\t\t\t\t\t\t\t\t\t\t<div class=\"upk-category\">\r\n\t\t\t<a href=\"https:\/\/tusa-precision.ch\/de\/category\/ausstellungen\/\">Ausstellungen<\/a>\t\t<\/div>\r\n\t\t\t\t\t\t\t\t\t\t\t<div class=\"upk-elite-grid-date\">\n\t\t\t11 March 2024\t\t<\/div>\n\t\t\t\t\t\t\t\t\t\t<\/div>\n\t\t\t\t\t\t\n\t\t\t\t\t<\/div>\n\t\t\t\t<\/div>\n\n\t\t\t<\/div>\n\t\t<\/div>\n\n\n\t\n\t\t\t\t\n\t\t\t\t\t\t\t<div class=\"upk-item\">\n\t\t\t<div class=\"upk-item-box\">\n\t\t\t\t<div class=\"upk-image-wrap\">\n\t\t\t\t\t<div class=\"upk-main-image\">\n\t\t\t\t\t\t\t\t<img class=\"upk-img\" src=\"https:\/\/tusa-precision.ch\/web\/wp-content\/uploads\/2023\/08\/EMO-Logo_DATE_cmyk_pos_minimal-size.jpg\" alt=\"EMO Messe 2023\">\r\n\t\t\t\t\t\t<\/div>\n\n\t\t\t\t\t\n\t\t\t\t\t\t\t\t\t\t\t<div class=\"upk-meta-wrap\">\n\t\t\t\t\t\t\t\t\t<div class=\"upk-elite-grid-date\">\n\t\t\t3 August 2023\t\t<\/div>\n\t\t\t\t\t\t\t\t\t\t\t\t<div class=\"upk-category\">\r\n\t\t\t<a href=\"https:\/\/tusa-precision.ch\/de\/category\/ausstellungen\/\">Ausstellungen<\/a>\t\t<\/div>\r\n\t\t\t\t\t\t\t<\/div>\n\t\t\t\t\t\t\t\t\t<\/div>\n\n\t\t\t\t<div class=\"upk-content\">\n\t\t\t\t\t<div>\n\t\t\t\t\t\t<h3 class=\"upk-title\"><a href=\"https:\/\/tusa-precision.ch\/de\/emo-messe-2023\/\" title=\"EMO Messe 2023\" class=\"title-animation-\" >EMO Messe 2023<\/a><\/h3>\t\t\t\t\t\t<div class=\"upk-text-wrap\">\n\t\t\t\t\t\t\t\t\t<div class=\"upk-text\">\r\n\t\t\t<p>Tusa Precision Tools m\u00f6chte Sie dar\u00fcber informieren, dass es als Aussteller an der n\u00e4chsten EMO-Messe vom 18. bis 23. September 2023 in Hannover (Deutschland) teilnehmen wird! Am Stand D84&nbsp;in Halle 5 finden Sie eine kleine Auswahl unserer Werkzeuge wie Bohrer, Fr\u00e4ser und Reibahlen. Dar\u00fcber hinaus geben wir Ihnen gerne wichtige Produktneuigkeiten bekannt und freuen uns, Ihnen unseren Katalog offiziell vorzustellen!<\/p>\n\t\t<\/div>\r\n\t\t\t\t\t\t\t\t<\/div>\n\n\t\t\t\t\t\t\t\t\t\t\t\t\t<div class=\"upk-meta-list upk-flex upk-flex-middle\">\n\t\t\t\t\t\t\t\t\t\t<div class=\"upk-category\">\r\n\t\t\t<a href=\"https:\/\/tusa-precision.ch\/de\/category\/ausstellungen\/\">Ausstellungen<\/a>\t\t<\/div>\r\n\t\t\t\t\t\t\t\t\t\t\t<div class=\"upk-elite-grid-date\">\n\t\t\t3 August 2023\t\t<\/div>\n\t\t\t\t\t\t\t\t\t\t<\/div>\n\t\t\t\t\t\t\n\t\t\t\t\t<\/div>\n\t\t\t\t<\/div>\n\n\t\t\t<\/div>\n\t\t<\/div>\n\n\n\t\n\t\t\t\t\n\t\t\t\t\t\t\t<div class=\"upk-item\">\n\t\t\t<div class=\"upk-item-box\">\n\t\t\t\t<div class=\"upk-image-wrap\">\n\t\t\t\t\t<div class=\"upk-main-image\">\n\t\t\t\t\t\t\t\t<img class=\"upk-img\" src=\"https:\/\/tusa-precision.ch\/web\/wp-content\/uploads\/2023\/06\/1_edited-1-750x1024.jpg\" alt=\"Unsere neue Waschmaschine\">\r\n\t\t\t\t\t\t<\/div>\n\n\t\t\t\t\t\n\t\t\t\t\t\t\t\t\t\t\t<div class=\"upk-meta-wrap\">\n\t\t\t\t\t\t\t\t\t<div class=\"upk-elite-grid-date\">\n\t\t\t6 June 2023\t\t<\/div>\n\t\t\t\t\t\t\t\t\t\t\t\t<div class=\"upk-category\">\r\n\t\t\t<a href=\"https:\/\/tusa-precision.ch\/de\/category\/maschinen\/\">Maschinen<\/a>\t\t<\/div>\r\n\t\t\t\t\t\t\t<\/div>\n\t\t\t\t\t\t\t\t\t<\/div>\n\n\t\t\t\t<div class=\"upk-content\">\n\t\t\t\t\t<div>\n\t\t\t\t\t\t<h3 class=\"upk-title\"><a href=\"https:\/\/tusa-precision.ch\/de\/unsere-neue-waschmaschine\/\" title=\"Unsere neue Waschmaschine\" class=\"title-animation-\" >Unsere neue Waschmaschine<\/a><\/h3>\t\t\t\t\t\t<div class=\"upk-text-wrap\">\n\t\t\t\t\t\t\t\t\t<div class=\"upk-text\">\r\n\t\t\t<p>Heute pr\u00e4sentieren wir unsere neue Maschine zum Waschen unserer Produkte. Dank der Verwendung von modifizierten Alkoholen sowie der Vorrichtungen zur Ultraschallreinigung und Vakuumfunktion k\u00f6nnen wir eine besonders gr\u00fcndliche Reinigung all unserer Werkzeuge gew\u00e4hrleisten, ohne dass dabei R\u00fcckst\u00e4nde in der Umgebung verbleiben. Die Reinigungsphase nimmt eine zentrale Rolle in der Vorbehandlung der Beschichtung ein, da sie es uns erm\u00f6glicht, s\u00e4mtliche Verunreinigungen<\/p>\n\t\t<\/div>\r\n\t\t\t\t\t\t\t\t<\/div>\n\n\t\t\t\t\t\t\t\t\t\t\t\t\t<div class=\"upk-meta-list upk-flex upk-flex-middle\">\n\t\t\t\t\t\t\t\t\t\t<div class=\"upk-category\">\r\n\t\t\t<a href=\"https:\/\/tusa-precision.ch\/de\/category\/maschinen\/\">Maschinen<\/a>\t\t<\/div>\r\n\t\t\t\t\t\t\t\t\t\t\t<div class=\"upk-elite-grid-date\">\n\t\t\t6 June 2023\t\t<\/div>\n\t\t\t\t\t\t\t\t\t\t<\/div>\n\t\t\t\t\t\t\n\t\t\t\t\t<\/div>\n\t\t\t\t<\/div>\n\n\t\t\t<\/div>\n\t\t<\/div>\n\n\n\t\n\t\t\t\t\n\t\t\t\t\t\t\t<div class=\"upk-item\">\n\t\t\t<div class=\"upk-item-box\">\n\t\t\t\t<div class=\"upk-image-wrap\">\n\t\t\t\t\t<div class=\"upk-main-image\">\n\t\t\t\t\t\t\t\t<img class=\"upk-img\" src=\"https:\/\/tusa-precision.ch\/web\/wp-content\/uploads\/2022\/07\/img-pag-certificazioni.jpg\" alt=\"ISO 9001:2015 \u00dcberwachungsaudit\">\r\n\t\t\t\t\t\t<\/div>\n\n\t\t\t\t\t\n\t\t\t\t\t\t\t\t\t\t\t<div class=\"upk-meta-wrap\">\n\t\t\t\t\t\t\t\t\t<div class=\"upk-elite-grid-date\">\n\t\t\t19 April 2023\t\t<\/div>\n\t\t\t\t\t\t\t\t\t\t\t\t<div class=\"upk-category\">\r\n\t\t\t<a href=\"https:\/\/tusa-precision.ch\/de\/category\/zertifikaten\/\">Zertifikaten<\/a>\t\t<\/div>\r\n\t\t\t\t\t\t\t<\/div>\n\t\t\t\t\t\t\t\t\t<\/div>\n\n\t\t\t\t<div class=\"upk-content\">\n\t\t\t\t\t<div>\n\t\t\t\t\t\t<h3 class=\"upk-title\"><a href=\"https:\/\/tusa-precision.ch\/de\/iso-90012015-ueberwachungsaudit\/\" title=\"ISO 9001:2015 \u00dcberwachungsaudit\" class=\"title-animation-\" >ISO 9001:2015 \u00dcberwachungsaudit<\/a><\/h3>\t\t\t\t\t\t<div class=\"upk-text-wrap\">\n\t\t\t\t\t\t\t\t\t<div class=\"upk-text\">\r\n\t\t\t<p>Wir freuen uns Ihnen mitteilen zu k\u00f6nnen, dass wir das ISO 9001:2015 \u00dcberwachungsaudit bestanden haben! Im vergangenen Monat haben wir uns einer strengen Pr\u00fcfung durch den Auditor unterzogen, die unsere Kompetenz bewertet haben sowohl im Management- als auch im Verwaltungsbereich unseres Unternehmens. Als Team halten wir es f\u00fcr wichtig, diese \u00dcberpr\u00fcfung zu bestehen, da sie erneut unsere F\u00e4higkeit bescheinigt, Produkte<\/p>\n\t\t<\/div>\r\n\t\t\t\t\t\t\t\t<\/div>\n\n\t\t\t\t\t\t\t\t\t\t\t\t\t<div class=\"upk-meta-list upk-flex upk-flex-middle\">\n\t\t\t\t\t\t\t\t\t\t<div class=\"upk-category\">\r\n\t\t\t<a href=\"https:\/\/tusa-precision.ch\/de\/category\/zertifikaten\/\">Zertifikaten<\/a>\t\t<\/div>\r\n\t\t\t\t\t\t\t\t\t\t\t<div class=\"upk-elite-grid-date\">\n\t\t\t19 April 2023\t\t<\/div>\n\t\t\t\t\t\t\t\t\t\t<\/div>\n\t\t\t\t\t\t\n\t\t\t\t\t<\/div>\n\t\t\t\t<\/div>\n\n\t\t\t<\/div>\n\t\t<\/div>\n\n\n\t\n\t\t\t\t\n\t\t\t\t\t\t\t<div class=\"upk-item\">\n\t\t\t<div class=\"upk-item-box\">\n\t\t\t\t<div class=\"upk-image-wrap\">\n\t\t\t\t\t<div class=\"upk-main-image\">\n\t\t\t\t\t\t\t\t<img class=\"upk-img\" src=\"https:\/\/tusa-precision.ch\/web\/wp-content\/uploads\/2023\/03\/immagine-1_edited-768x1024.jpg\" alt=\"Rollomatic 630XS\">\r\n\t\t\t\t\t\t<\/div>\n\n\t\t\t\t\t\n\t\t\t\t\t\t\t\t\t\t\t<div class=\"upk-meta-wrap\">\n\t\t\t\t\t\t\t\t\t<div class=\"upk-elite-grid-date\">\n\t\t\t3 March 2023\t\t<\/div>\n\t\t\t\t\t\t\t\t\t\t\t\t<div class=\"upk-category\">\r\n\t\t\t<a href=\"https:\/\/tusa-precision.ch\/de\/category\/maschinen\/\">Maschinen<\/a>\t\t<\/div>\r\n\t\t\t\t\t\t\t<\/div>\n\t\t\t\t\t\t\t\t\t<\/div>\n\n\t\t\t\t<div class=\"upk-content\">\n\t\t\t\t\t<div>\n\t\t\t\t\t\t<h3 class=\"upk-title\"><a href=\"https:\/\/tusa-precision.ch\/de\/rollomatic-630xs\/\" title=\"Rollomatic 630XS\" class=\"title-animation-\" >Rollomatic 630XS<\/a><\/h3>\t\t\t\t\t\t<div class=\"upk-text-wrap\">\n\t\t\t\t\t\t\t\t\t<div class=\"upk-text\">\r\n\t\t\t<p>Heute freuen wir uns, Ihnen eine unserer neuen Maschinen vorzustellen! Dieses hochmoderne CNC-Schleifsystem bietet eine sehr hohe Pr\u00e4zision bei schneller Bearbeitung, sodass wir w\u00e4hrend des gesamten Produktionszyklus sehr enge Toleranzen erreichen k\u00f6nnen. Insbesondere sind wir sicher, mit dieser Investition die Bed\u00fcrfnisse unserer Kunden zu erf\u00fcllen und unsere Position als f\u00fchrender Hersteller von Pr\u00e4zisionswerkzeugen zu festigen. Wir sind stolz darauf, jeden<\/p>\n\t\t<\/div>\r\n\t\t\t\t\t\t\t\t<\/div>\n\n\t\t\t\t\t\t\t\t\t\t\t\t\t<div class=\"upk-meta-list upk-flex upk-flex-middle\">\n\t\t\t\t\t\t\t\t\t\t<div class=\"upk-category\">\r\n\t\t\t<a href=\"https:\/\/tusa-precision.ch\/de\/category\/maschinen\/\">Maschinen<\/a>\t\t<\/div>\r\n\t\t\t\t\t\t\t\t\t\t\t<div class=\"upk-elite-grid-date\">\n\t\t\t3 March 2023\t\t<\/div>\n\t\t\t\t\t\t\t\t\t\t<\/div>\n\t\t\t\t\t\t\n\t\t\t\t\t<\/div>\n\t\t\t\t<\/div>\n\n\t\t\t<\/div>\n\t\t<\/div>\n\n\n\t\n\t\t\t\t\t\t\t<\/div>\n\t\t<\/div>\n\n\t\t\t\t<\/div>\n\t\t\t\t<\/div>\n\t\t\t\t\t\t<\/div>\n\t\t\t\t\t<\/div>\n\t\t<\/div>\n\t\t\t\t\t\t\t\t<\/div>\n\t\t\t\t\t<\/div>\n\t\t<\/section>\n\t\t\t\t<section class=\"elementor-section elementor-top-section elementor-element elementor-element-57e96f5 elementor-section-boxed elementor-section-height-default elementor-section-height-default\" data-id=\"57e96f5\" data-element_type=\"section\">\n\t\t\t\t\t\t<div class=\"elementor-container elementor-column-gap-default\">\n\t\t\t\t\t\t\t<div class=\"elementor-row\">\n\t\t\t\t\t<div class=\"elementor-column elementor-col-100 elementor-top-column elementor-element elementor-element-737885a\" data-id=\"737885a\" data-element_type=\"column\">\n\t\t\t<div class=\"elementor-column-wrap elementor-element-populated\">\n\t\t\t\t\t\t\t<div class=\"elementor-widget-wrap\">\n\t\t\t\t\t\t<div class=\"elementor-element elementor-element-f7604ba elementor-widget elementor-widget-spacer\" data-id=\"f7604ba\" data-element_type=\"widget\" data-widget_type=\"spacer.default\">\n\t\t\t\t<div class=\"elementor-widget-container\">\n\t\t\t\t\t<div class=\"elementor-spacer\">\n\t\t\t<div class=\"elementor-spacer-inner\"><\/div>\n\t\t<\/div>\n\t\t\t\t<\/div>\n\t\t\t\t<\/div>\n\t\t\t\t\t\t<\/div>\n\t\t\t\t\t<\/div>\n\t\t<\/div>\n\t\t\t\t\t\t\t\t<\/div>\n\t\t\t\t\t<\/div>\n\t\t<\/section>\n\t\t\t\t\t\t\t\t\t<\/div>\n\t\t\t<\/div>\n\t\t\t\t\t<\/div>\n\t\t","protected":false},"excerpt":{"rendered":"<p>21 Luglio 2022 Certificazioni Certificazione ISO9001:2015 Tusa Precision Tools \u00e8 lieta di annunciare il rinnovo della certificazione ISO9001:2015, ossia la norma che definisce i requisiti gestionali per la qualit\u00e0 di un\u2019impresa.L\u2019azienda si impegna a rinnovare tale certificato fin dal 2006, poich\u00e9 ritiene che esso possa migliorare la credibilit\u00e0 dell\u2019organizzazione, la consapevolezza dell\u2019esistenza del marchio e &hellip;<\/p>\n<p class=\"read-more\"> <a class=\"\" href=\"https:\/\/tusa-precision.ch\/de\/rollomatic-630xs\/\"> <span class=\"screen-reader-text\">Rollomatic 630XS<\/span> Read More &raquo;<\/a><\/p>\n","protected":false},"author":1,"featured_media":0,"parent":0,"menu_order":0,"comment_status":"closed","ping_status":"closed","template":"","meta":{"site-sidebar-layout":"no-sidebar","site-content-layout":"page-builder","ast-global-header-display":"","ast-main-header-display":"","ast-hfb-above-header-display":"","ast-hfb-below-header-display":"","ast-hfb-mobile-header-display":"","site-post-title":"disabled","ast-breadcrumbs-content":"disabled","ast-featured-img":"disabled","footer-sml-layout":"","theme-transparent-header-meta":"default","adv-header-id-meta":"","stick-header-meta":"","header-above-stick-meta":"","header-main-stick-meta":"","header-below-stick-meta":""},"_links":{"self":[{"href":"https:\/\/tusa-precision.ch\/de\/wp-json\/wp\/v2\/pages\/20293"}],"collection":[{"href":"https:\/\/tusa-precision.ch\/de\/wp-json\/wp\/v2\/pages"}],"about":[{"href":"https:\/\/tusa-precision.ch\/de\/wp-json\/wp\/v2\/types\/page"}],"author":[{"embeddable":true,"href":"https:\/\/tusa-precision.ch\/de\/wp-json\/wp\/v2\/users\/1"}],"replies":[{"embeddable":true,"href":"https:\/\/tusa-precision.ch\/de\/wp-json\/wp\/v2\/comments?post=20293"}],"version-history":[{"count":0,"href":"https:\/\/tusa-precision.ch\/de\/wp-json\/wp\/v2\/pages\/20293\/revisions"}],"wp:attachment":[{"href":"https:\/\/tusa-precision.ch\/de\/wp-json\/wp\/v2\/media?parent=20293"}],"curies":[{"name":"wp","href":"https:\/\/api.w.org\/{rel}","templated":true}]}}