{"id":2329,"date":"2019-05-15T16:48:19","date_gmt":"2019-05-15T14:48:19","guid":{"rendered":"https:\/\/tusa-precision.ch\/miniatur-zentrierer-mtb43-mtb44\/"},"modified":"2022-05-16T11:34:44","modified_gmt":"2022-05-16T09:34:44","slug":"miniatur-zentrierer-mtb43-mtb44","status":"publish","type":"page","link":"https:\/\/tusa-precision.ch\/de\/miniatur-zentrierer-mtb43-mtb44\/","title":{"rendered":"Miniatur Zentrierer MTB43 \u2013 MTB44"},"content":{"rendered":"\t\t<div data-elementor-type=\"wp-post\" data-elementor-id=\"2329\" class=\"elementor elementor-2329 elementor-691\">\n\t\t\t\t\t\t<div class=\"elementor-inner\">\n\t\t\t\t<div class=\"elementor-section-wrap\">\n\t\t\t\t\t\t\t\t\t<section class=\"elementor-section elementor-top-section elementor-element elementor-element-56df9399 elementor-section-height-min-height elementor-section-boxed elementor-section-height-default elementor-section-items-middle elementor-invisible\" data-id=\"56df9399\" data-element_type=\"section\" data-settings=\"{&quot;background_background&quot;:&quot;classic&quot;,&quot;animation&quot;:&quot;fadeIn&quot;,&quot;shape_divider_bottom&quot;:&quot;curve&quot;,&quot;shape_divider_bottom_negative&quot;:&quot;yes&quot;}\">\n\t\t\t\t\t<div class=\"elementor-shape elementor-shape-bottom\" data-negative=\"true\">\n\t\t\t<svg xmlns=\"http:\/\/www.w3.org\/2000\/svg\" viewBox=\"0 0 1000 100\" preserveAspectRatio=\"none\">\n\t<path class=\"elementor-shape-fill\" d=\"M500,97C126.7,96.3,0.8,19.8,0,0v100l1000,0V1C1000,19.4,873.3,97.8,500,97z\"\/>\n<\/svg>\t\t<\/div>\n\t\t\t\t\t<div class=\"elementor-container elementor-column-gap-default\">\n\t\t\t\t\t\t\t<div class=\"elementor-row\">\n\t\t\t\t\t<div class=\"elementor-column elementor-col-100 elementor-top-column elementor-element elementor-element-b4b998c\" data-id=\"b4b998c\" data-element_type=\"column\">\n\t\t\t<div class=\"elementor-column-wrap elementor-element-populated\">\n\t\t\t\t\t\t\t<div class=\"elementor-widget-wrap\">\n\t\t\t\t\t\t<div class=\"elementor-element elementor-element-79e175c5 elementor-invisible elementor-widget elementor-widget-heading\" data-id=\"79e175c5\" data-element_type=\"widget\" data-settings=\"{&quot;_animation&quot;:&quot;fadeInDown&quot;,&quot;_animation_delay&quot;:200}\" data-widget_type=\"heading.default\">\n\t\t\t\t<div class=\"elementor-widget-container\">\n\t\t\t<h2 class=\"elementor-heading-title elementor-size-default\">Micro NC Anbohrer 90\u00b0-118\u00b0<\/h2>\t\t<\/div>\n\t\t\t\t<\/div>\n\t\t\t\t\t\t<\/div>\n\t\t\t\t\t<\/div>\n\t\t<\/div>\n\t\t\t\t\t\t\t\t<\/div>\n\t\t\t\t\t<\/div>\n\t\t<\/section>\n\t\t\t\t<section class=\"elementor-section elementor-top-section elementor-element elementor-element-637bd55d elementor-section-boxed elementor-section-height-default elementor-section-height-default\" data-id=\"637bd55d\" data-element_type=\"section\">\n\t\t\t\t\t\t<div class=\"elementor-container elementor-column-gap-default\">\n\t\t\t\t\t\t\t<div class=\"elementor-row\">\n\t\t\t\t\t<div class=\"elementor-column elementor-col-100 elementor-top-column elementor-element elementor-element-256afe38\" data-id=\"256afe38\" data-element_type=\"column\">\n\t\t\t<div class=\"elementor-column-wrap elementor-element-populated\">\n\t\t\t\t\t\t\t<div class=\"elementor-widget-wrap\">\n\t\t\t\t\t\t<div class=\"elementor-element elementor-element-6f89d30f elementor-widget-divider--view-line elementor-invisible elementor-widget elementor-widget-divider\" data-id=\"6f89d30f\" data-element_type=\"widget\" data-settings=\"{&quot;_animation&quot;:&quot;fadeIn&quot;}\" data-widget_type=\"divider.default\">\n\t\t\t\t<div class=\"elementor-widget-container\">\n\t\t\t\t\t<div class=\"elementor-divider\">\n\t\t\t<span class=\"elementor-divider-separator\">\n\t\t\t\t\t\t<\/span>\n\t\t<\/div>\n\t\t\t\t<\/div>\n\t\t\t\t<\/div>\n\t\t\t\t<section class=\"elementor-section elementor-inner-section elementor-element elementor-element-49e394e7 elementor-section-content-middle elementor-section-boxed elementor-section-height-default elementor-section-height-default elementor-invisible\" data-id=\"49e394e7\" data-element_type=\"section\" data-settings=\"{&quot;animation&quot;:&quot;fadeInUp&quot;}\">\n\t\t\t\t\t\t<div class=\"elementor-container elementor-column-gap-default\">\n\t\t\t\t\t\t\t<div class=\"elementor-row\">\n\t\t\t\t\t<div class=\"elementor-column elementor-col-50 elementor-inner-column elementor-element elementor-element-70a57da1\" data-id=\"70a57da1\" data-element_type=\"column\" data-settings=\"{&quot;background_background&quot;:&quot;classic&quot;}\">\n\t\t\t<div class=\"elementor-column-wrap elementor-element-populated\">\n\t\t\t\t\t\t\t<div class=\"elementor-widget-wrap\">\n\t\t\t\t\t\t<div class=\"elementor-element elementor-element-42285b00 elementor-widget elementor-widget-spacer\" data-id=\"42285b00\" data-element_type=\"widget\" data-widget_type=\"spacer.default\">\n\t\t\t\t<div class=\"elementor-widget-container\">\n\t\t\t\t\t<div class=\"elementor-spacer\">\n\t\t\t<div class=\"elementor-spacer-inner\"><\/div>\n\t\t<\/div>\n\t\t\t\t<\/div>\n\t\t\t\t<\/div>\n\t\t\t\t\t\t<\/div>\n\t\t\t\t\t<\/div>\n\t\t<\/div>\n\t\t\t\t<div class=\"elementor-column elementor-col-50 elementor-inner-column elementor-element elementor-element-75b96cd\" data-id=\"75b96cd\" data-element_type=\"column\">\n\t\t\t<div class=\"elementor-column-wrap elementor-element-populated\">\n\t\t\t\t\t\t\t<div class=\"elementor-widget-wrap\">\n\t\t\t\t\t\t<div class=\"elementor-element elementor-element-632833bb elementor-widget elementor-widget-text-editor\" data-id=\"632833bb\" data-element_type=\"widget\" data-widget_type=\"text-editor.default\">\n\t\t\t\t<div class=\"elementor-widget-container\">\n\t\t\t\t\t\t\t\t<div class=\"elementor-text-editor elementor-clearfix\">\n\t\t\t\t<p>F\u00fcr den Fall, dass eine kleine Bohrung sehr genau platziert und \/ oder eine geneigte oder unregelm\u00e4\u00dfige Oberfl\u00e4che gebohrt werden muss, ist der Micro NC Anbohrer das optimale und unverzichtbare Werkzeug. \r\nDie Micro NC Anbohrer sind in zwei Varianten erh\u00e4ltlich, mit einem Spitzenwinkel von 90 \u00b0 oder 118 \u00b0. Die Spitze ist so ausgelegt, dass sie bei kleinen Durchmessern eine hervorragende Zentrierung erreicht.<\/p><p>\r\nSowohl MTB43 als auch MTB44 sind in den Durchmessern 0.6 mm, 1.2 mm und 2.0 mm erh\u00e4ltlich.<\/p>\t\t\t\t\t<\/div>\n\t\t\t\t\t\t<\/div>\n\t\t\t\t<\/div>\n\t\t\t\t\t\t<\/div>\n\t\t\t\t\t<\/div>\n\t\t<\/div>\n\t\t\t\t\t\t\t\t<\/div>\n\t\t\t\t\t<\/div>\n\t\t<\/section>\n\t\t\t\t\t\t<\/div>\n\t\t\t\t\t<\/div>\n\t\t<\/div>\n\t\t\t\t\t\t\t\t<\/div>\n\t\t\t\t\t<\/div>\n\t\t<\/section>\n\t\t\t\t<section class=\"elementor-section elementor-top-section elementor-element elementor-element-869c549 elementor-section-boxed elementor-section-height-default elementor-section-height-default\" data-id=\"869c549\" data-element_type=\"section\">\n\t\t\t\t\t\t<div class=\"elementor-container elementor-column-gap-default\">\n\t\t\t\t\t\t\t<div class=\"elementor-row\">\n\t\t\t\t\t<div class=\"elementor-column elementor-col-100 elementor-top-column elementor-element elementor-element-4ed95ad4\" data-id=\"4ed95ad4\" data-element_type=\"column\">\n\t\t\t<div class=\"elementor-column-wrap elementor-element-populated\">\n\t\t\t\t\t\t\t<div class=\"elementor-widget-wrap\">\n\t\t\t\t\t\t<section class=\"elementor-section elementor-inner-section elementor-element elementor-element-241f014b elementor-section-content-middle elementor-section-boxed elementor-section-height-default elementor-section-height-default elementor-invisible\" data-id=\"241f014b\" data-element_type=\"section\" data-settings=\"{&quot;animation&quot;:&quot;fadeInUp&quot;}\">\n\t\t\t\t\t\t<div class=\"elementor-container elementor-column-gap-default\">\n\t\t\t\t\t\t\t<div class=\"elementor-row\">\n\t\t\t\t\t<div class=\"elementor-column elementor-col-50 elementor-inner-column elementor-element elementor-element-76ac3895\" data-id=\"76ac3895\" data-element_type=\"column\">\n\t\t\t<div class=\"elementor-column-wrap elementor-element-populated\">\n\t\t\t\t\t\t\t<div class=\"elementor-widget-wrap\">\n\t\t\t\t\t\t<div class=\"elementor-element elementor-element-70d6e754 elementor-widget elementor-widget-text-editor\" data-id=\"70d6e754\" data-element_type=\"widget\" data-widget_type=\"text-editor.default\">\n\t\t\t\t<div class=\"elementor-widget-container\">\n\t\t\t\t\t\t\t\t<div class=\"elementor-text-editor elementor-clearfix\">\n\t\t\t\tDie Micro NC Anbohrer werden standardm\u00e4ssig in Feinkorn Vollhartmetall mit einer TiAlN-Beschichtung geliefert. Um eine einwandfreie Verwendung zu gew\u00e4hrleisten sind die Geometrien mit maximaler Sorgfalt ausgef\u00fchrt.\t\t\t\t\t<\/div>\n\t\t\t\t\t\t<\/div>\n\t\t\t\t<\/div>\n\t\t\t\t<div class=\"elementor-element elementor-element-506aa10 elementor-widget elementor-widget-image\" data-id=\"506aa10\" data-element_type=\"widget\" data-widget_type=\"image.default\">\n\t\t\t\t<div class=\"elementor-widget-container\">\n\t\t\t\t\t\t\t\t<div class=\"elementor-image\">\n\t\t\t\t\t\t\t\t\t\t\t\t<img width=\"1024\" height=\"307\" src=\"https:\/\/tusa-precision.ch\/web\/wp-content\/uploads\/2019\/02\/MTB43-44_TOP-e1551175562139-1024x307.jpg\" class=\"attachment-large size-large wp-image-1800\" alt=\"\" loading=\"lazy\" srcset=\"https:\/\/tusa-precision.ch\/web\/wp-content\/uploads\/2019\/02\/MTB43-44_TOP-e1551175562139-1024x307.jpg 1024w, https:\/\/tusa-precision.ch\/web\/wp-content\/uploads\/2019\/02\/MTB43-44_TOP-e1551175562139-600x180.jpg 600w, https:\/\/tusa-precision.ch\/web\/wp-content\/uploads\/2019\/02\/MTB43-44_TOP-e1551175562139-300x90.jpg 300w, https:\/\/tusa-precision.ch\/web\/wp-content\/uploads\/2019\/02\/MTB43-44_TOP-e1551175562139-768x230.jpg 768w, https:\/\/tusa-precision.ch\/web\/wp-content\/uploads\/2019\/02\/MTB43-44_TOP-e1551175562139.jpg 2000w\" sizes=\"(max-width: 1024px) 100vw, 1024px\" \/>\t\t\t\t\t\t\t\t\t\t\t\t\t\t<\/div>\n\t\t\t\t\t\t<\/div>\n\t\t\t\t<\/div>\n\t\t\t\t\t\t<\/div>\n\t\t\t\t\t<\/div>\n\t\t<\/div>\n\t\t\t\t<div class=\"elementor-column elementor-col-50 elementor-inner-column elementor-element elementor-element-77c5c52c\" data-id=\"77c5c52c\" data-element_type=\"column\">\n\t\t\t<div class=\"elementor-column-wrap elementor-element-populated\">\n\t\t\t\t\t\t\t<div class=\"elementor-widget-wrap\">\n\t\t\t\t\t\t<div class=\"elementor-element elementor-element-7021656a elementor-widget elementor-widget-image\" data-id=\"7021656a\" data-element_type=\"widget\" data-widget_type=\"image.default\">\n\t\t\t\t<div class=\"elementor-widget-container\">\n\t\t\t\t\t\t\t\t<div class=\"elementor-image\">\n\t\t\t\t\t\t\t\t\t\t\t\t<img width=\"681\" height=\"680\" src=\"https:\/\/tusa-precision.ch\/web\/wp-content\/uploads\/2019\/02\/MTB44-44_dett_orizz.jpg\" class=\"attachment-large size-large wp-image-1806\" alt=\"\" loading=\"lazy\" srcset=\"https:\/\/tusa-precision.ch\/web\/wp-content\/uploads\/2019\/02\/MTB44-44_dett_orizz.jpg 681w, https:\/\/tusa-precision.ch\/web\/wp-content\/uploads\/2019\/02\/MTB44-44_dett_orizz-300x300.jpg 300w, https:\/\/tusa-precision.ch\/web\/wp-content\/uploads\/2019\/02\/MTB44-44_dett_orizz-100x100.jpg 100w, https:\/\/tusa-precision.ch\/web\/wp-content\/uploads\/2019\/02\/MTB44-44_dett_orizz-600x599.jpg 600w, https:\/\/tusa-precision.ch\/web\/wp-content\/uploads\/2019\/02\/MTB44-44_dett_orizz-150x150.jpg 150w\" sizes=\"(max-width: 681px) 100vw, 681px\" \/>\t\t\t\t\t\t\t\t\t\t\t\t\t\t<\/div>\n\t\t\t\t\t\t<\/div>\n\t\t\t\t<\/div>\n\t\t\t\t\t\t<\/div>\n\t\t\t\t\t<\/div>\n\t\t<\/div>\n\t\t\t\t\t\t\t\t<\/div>\n\t\t\t\t\t<\/div>\n\t\t<\/section>\n\t\t\t\t<section class=\"elementor-section elementor-inner-section elementor-element elementor-element-3534b337 elementor-section-content-middle elementor-section-boxed elementor-section-height-default elementor-section-height-default elementor-invisible\" data-id=\"3534b337\" data-element_type=\"section\" data-settings=\"{&quot;animation&quot;:&quot;fadeInUp&quot;}\">\n\t\t\t\t\t\t<div class=\"elementor-container elementor-column-gap-default\">\n\t\t\t\t\t\t\t<div class=\"elementor-row\">\n\t\t\t\t\t<div class=\"elementor-column elementor-col-50 elementor-inner-column elementor-element elementor-element-19bdb659\" data-id=\"19bdb659\" data-element_type=\"column\">\n\t\t\t<div class=\"elementor-column-wrap elementor-element-populated\">\n\t\t\t\t\t\t\t<div class=\"elementor-widget-wrap\">\n\t\t\t\t\t\t<div class=\"elementor-element elementor-element-33e4030 elementor-widget elementor-widget-image\" data-id=\"33e4030\" data-element_type=\"widget\" data-widget_type=\"image.default\">\n\t\t\t\t<div class=\"elementor-widget-container\">\n\t\t\t\t\t\t\t\t<div class=\"elementor-image\">\n\t\t\t\t\t\t\t\t\t\t\t\t<img width=\"1024\" height=\"576\" src=\"https:\/\/tusa-precision.ch\/web\/wp-content\/uploads\/2019\/02\/018-1024x576.jpg\" class=\"attachment-large size-large wp-image-1809\" alt=\"\" loading=\"lazy\" srcset=\"https:\/\/tusa-precision.ch\/web\/wp-content\/uploads\/2019\/02\/018-1024x576.jpg 1024w, https:\/\/tusa-precision.ch\/web\/wp-content\/uploads\/2019\/02\/018-600x338.jpg 600w, https:\/\/tusa-precision.ch\/web\/wp-content\/uploads\/2019\/02\/018-300x169.jpg 300w, https:\/\/tusa-precision.ch\/web\/wp-content\/uploads\/2019\/02\/018-768x432.jpg 768w, https:\/\/tusa-precision.ch\/web\/wp-content\/uploads\/2019\/02\/018.jpg 1280w\" sizes=\"(max-width: 1024px) 100vw, 1024px\" \/>\t\t\t\t\t\t\t\t\t\t\t\t\t\t<\/div>\n\t\t\t\t\t\t<\/div>\n\t\t\t\t<\/div>\n\t\t\t\t\t\t<\/div>\n\t\t\t\t\t<\/div>\n\t\t<\/div>\n\t\t\t\t<div class=\"elementor-column elementor-col-50 elementor-inner-column elementor-element elementor-element-712ba3c8\" data-id=\"712ba3c8\" data-element_type=\"column\">\n\t\t\t<div class=\"elementor-column-wrap elementor-element-populated\">\n\t\t\t\t\t\t\t<div class=\"elementor-widget-wrap\">\n\t\t\t\t\t\t<div class=\"elementor-element elementor-element-41b2f683 elementor-widget elementor-widget-text-editor\" data-id=\"41b2f683\" data-element_type=\"widget\" data-widget_type=\"text-editor.default\">\n\t\t\t\t<div class=\"elementor-widget-container\">\n\t\t\t\t\t\t\t\t<div class=\"elementor-text-editor elementor-clearfix\">\n\t\t\t\tNat\u00fcrlich kann die TUSA AG auch ma\u00dfgeschneiderte Anbohrer mit anderen Winkeln und \/ oder L\u00e4ngen anbieten.\t\t\t\t\t<\/div>\n\t\t\t\t\t\t<\/div>\n\t\t\t\t<\/div>\n\t\t\t\t\t\t<\/div>\n\t\t\t\t\t<\/div>\n\t\t<\/div>\n\t\t\t\t\t\t\t\t<\/div>\n\t\t\t\t\t<\/div>\n\t\t<\/section>\n\t\t\t\t\t\t<\/div>\n\t\t\t\t\t<\/div>\n\t\t<\/div>\n\t\t\t\t\t\t\t\t<\/div>\n\t\t\t\t\t<\/div>\n\t\t<\/section>\n\t\t\t\t<section class=\"elementor-section elementor-inner-section elementor-element elementor-element-a04c0cc elementor-section-boxed elementor-section-height-default elementor-section-height-default elementor-invisible\" data-id=\"a04c0cc\" data-element_type=\"section\" data-settings=\"{&quot;animation&quot;:&quot;fadeIn&quot;,&quot;animation_delay&quot;:500}\">\n\t\t\t\t\t\t<div class=\"elementor-container elementor-column-gap-default\">\n\t\t\t\t\t\t\t<div class=\"elementor-row\">\n\t\t\t\t\t<div class=\"elementor-column elementor-col-100 elementor-inner-column elementor-element elementor-element-827171e elementor-invisible\" data-id=\"827171e\" data-element_type=\"column\" data-settings=\"{&quot;animation&quot;:&quot;fadeIn&quot;}\">\n\t\t\t<div class=\"elementor-column-wrap elementor-element-populated\">\n\t\t\t\t\t\t\t<div class=\"elementor-widget-wrap\">\n\t\t\t\t\t\t<div class=\"elementor-element elementor-element-692a6c9 elementor-widget-divider--view-line elementor-widget elementor-widget-divider\" data-id=\"692a6c9\" data-element_type=\"widget\" data-widget_type=\"divider.default\">\n\t\t\t\t<div class=\"elementor-widget-container\">\n\t\t\t\t\t<div class=\"elementor-divider\">\n\t\t\t<span class=\"elementor-divider-separator\">\n\t\t\t\t\t\t<\/span>\n\t\t<\/div>\n\t\t\t\t<\/div>\n\t\t\t\t<\/div>\n\t\t\t\t<div class=\"elementor-element elementor-element-c50be85 elementor-widget elementor-widget-heading\" data-id=\"c50be85\" data-element_type=\"widget\" data-widget_type=\"heading.default\">\n\t\t\t\t<div class=\"elementor-widget-container\">\n\t\t\t<h3 class=\"elementor-heading-title elementor-size-default\">Technisches Datenblatt<\/h3>\t\t<\/div>\n\t\t\t\t<\/div>\n\t\t\t\t\t\t<\/div>\n\t\t\t\t\t<\/div>\n\t\t<\/div>\n\t\t\t\t\t\t\t\t<\/div>\n\t\t\t\t\t<\/div>\n\t\t<\/section>\n\t\t\t\t<section class=\"elementor-section elementor-inner-section elementor-element elementor-element-5a03f134 elementor-section-height-min-height elementor-section-boxed elementor-section-height-default elementor-invisible\" data-id=\"5a03f134\" data-element_type=\"section\" data-settings=\"{&quot;animation&quot;:&quot;fadeIn&quot;,&quot;animation_delay&quot;:800}\">\n\t\t\t\t\t\t<div class=\"elementor-container elementor-column-gap-default\">\n\t\t\t\t\t\t\t<div class=\"elementor-row\">\n\t\t\t\t\t<div class=\"elementor-column elementor-col-100 elementor-inner-column elementor-element elementor-element-7b59159f\" data-id=\"7b59159f\" data-element_type=\"column\">\n\t\t\t<div class=\"elementor-column-wrap elementor-element-populated\">\n\t\t\t\t\t\t\t<div class=\"elementor-widget-wrap\">\n\t\t\t\t\t\t<div class=\"elementor-element elementor-element-3d172a22 elementor-widget elementor-widget-image\" data-id=\"3d172a22\" data-element_type=\"widget\" data-widget_type=\"image.default\">\n\t\t\t\t<div class=\"elementor-widget-container\">\n\t\t\t\t\t\t\t\t<div class=\"elementor-image\">\n\t\t\t\t\t\t\t\t\t<figure class=\"wp-caption\">\n\t\t\t\t\t\t\t\t\t\t\t<a href=\"https:\/\/tusa-precision.ch\/web\/wp-content\/uploads\/2019\/02\/MTB43_44.pdf\" target=\"_blank\">\n\t\t\t\t\t\t\t<img src=\"https:\/\/tusa-precision.ch\/web\/wp-content\/uploads\/elementor\/thumbs\/MTB43_44-1-o647y0titjqwr8ul2uume6n5aa858ombirrhc0hk3k.jpg\" title=\"MTB43_44-1\" alt=\"MTB43_44-1\" class=\"elementor-animation-bob\" loading=\"lazy\" \/>\t\t\t\t\t\t\t\t<\/a>\n\t\t\t\t\t\t\t\t\t\t\t<figcaption class=\"widget-image-caption wp-caption-text\">MTB43-MTB44<\/figcaption>\n\t\t\t\t\t\t\t\t\t\t<\/figure>\n\t\t\t\t\t\t\t\t<\/div>\n\t\t\t\t\t\t<\/div>\n\t\t\t\t<\/div>\n\t\t\t\t\t\t<\/div>\n\t\t\t\t\t<\/div>\n\t\t<\/div>\n\t\t\t\t\t\t\t\t<\/div>\n\t\t\t\t\t<\/div>\n\t\t<\/section>\n\t\t\t\t<section class=\"elementor-section elementor-top-section elementor-element elementor-element-072d9be elementor-section-boxed elementor-section-height-default elementor-section-height-default\" data-id=\"072d9be\" data-element_type=\"section\">\n\t\t\t\t\t\t<div class=\"elementor-container elementor-column-gap-default\">\n\t\t\t\t\t\t\t<div class=\"elementor-row\">\n\t\t\t\t\t<div class=\"elementor-column elementor-col-100 elementor-top-column elementor-element elementor-element-e8391db\" data-id=\"e8391db\" data-element_type=\"column\">\n\t\t\t<div class=\"elementor-column-wrap elementor-element-populated\">\n\t\t\t\t\t\t\t<div class=\"elementor-widget-wrap\">\n\t\t\t\t\t\t<div class=\"elementor-element elementor-element-fe3d7c2 elementor-widget elementor-widget-spacer\" data-id=\"fe3d7c2\" data-element_type=\"widget\" data-widget_type=\"spacer.default\">\n\t\t\t\t<div class=\"elementor-widget-container\">\n\t\t\t\t\t<div class=\"elementor-spacer\">\n\t\t\t<div class=\"elementor-spacer-inner\"><\/div>\n\t\t<\/div>\n\t\t\t\t<\/div>\n\t\t\t\t<\/div>\n\t\t\t\t\t\t<\/div>\n\t\t\t\t\t<\/div>\n\t\t<\/div>\n\t\t\t\t\t\t\t\t<\/div>\n\t\t\t\t\t<\/div>\n\t\t<\/section>\n\t\t\t\t\t\t\t\t\t<\/div>\n\t\t\t<\/div>\n\t\t\t\t\t<\/div>\n\t\t","protected":false},"excerpt":{"rendered":"<p>Micro NC Anbohrer 90\u00b0-118\u00b0 F\u00fcr den Fall, dass eine kleine Bohrung sehr genau platziert und \/ oder eine geneigte oder unregelm\u00e4\u00dfige Oberfl\u00e4che gebohrt werden muss, ist der Micro NC Anbohrer das optimale und unverzichtbare Werkzeug. Die Micro NC Anbohrer sind in zwei Varianten erh\u00e4ltlich, mit einem Spitzenwinkel von 90 \u00b0 oder 118 \u00b0. Die Spitze &hellip;<\/p>\n<p class=\"read-more\"> <a class=\"\" href=\"https:\/\/tusa-precision.ch\/de\/miniatur-zentrierer-mtb43-mtb44\/\"> <span class=\"screen-reader-text\">Miniatur Zentrierer MTB43 \u2013 MTB44<\/span> Read More &raquo;<\/a><\/p>\n","protected":false},"author":1,"featured_media":0,"parent":0,"menu_order":9,"comment_status":"closed","ping_status":"closed","template":"","meta":{"site-sidebar-layout":"default","site-content-layout":"default","ast-global-header-display":"","ast-main-header-display":"","ast-hfb-above-header-display":"","ast-hfb-below-header-display":"","ast-hfb-mobile-header-display":"","site-post-title":"disabled","ast-breadcrumbs-content":"","ast-featured-img":"disabled","footer-sml-layout":"","theme-transparent-header-meta":"","adv-header-id-meta":null,"stick-header-meta":null,"header-above-stick-meta":null,"header-main-stick-meta":null,"header-below-stick-meta":null},"_links":{"self":[{"href":"https:\/\/tusa-precision.ch\/de\/wp-json\/wp\/v2\/pages\/2329"}],"collection":[{"href":"https:\/\/tusa-precision.ch\/de\/wp-json\/wp\/v2\/pages"}],"about":[{"href":"https:\/\/tusa-precision.ch\/de\/wp-json\/wp\/v2\/types\/page"}],"author":[{"embeddable":true,"href":"https:\/\/tusa-precision.ch\/de\/wp-json\/wp\/v2\/users\/1"}],"replies":[{"embeddable":true,"href":"https:\/\/tusa-precision.ch\/de\/wp-json\/wp\/v2\/comments?post=2329"}],"version-history":[{"count":0,"href":"https:\/\/tusa-precision.ch\/de\/wp-json\/wp\/v2\/pages\/2329\/revisions"}],"wp:attachment":[{"href":"https:\/\/tusa-precision.ch\/de\/wp-json\/wp\/v2\/media?parent=2329"}],"curies":[{"name":"wp","href":"https:\/\/api.w.org\/{rel}","templated":true}]}}