{"id":23374,"date":"2023-03-15T12:04:08","date_gmt":"2023-03-15T11:04:08","guid":{"rendered":"https:\/\/tusa-precision.ch\/allgemeine-einkaufsbedingungen\/"},"modified":"2023-03-15T12:04:11","modified_gmt":"2023-03-15T11:04:11","slug":"allgemeine-einkaufsbedingungen","status":"publish","type":"page","link":"https:\/\/tusa-precision.ch\/de\/allgemeine-einkaufsbedingungen\/","title":{"rendered":"Allgemeine Einkaufsbedingungen"},"content":{"rendered":"\t\t<div data-elementor-type=\"wp-page\" data-elementor-id=\"23374\" class=\"elementor elementor-23374 elementor-23342\">\n\t\t\t\t\t\t<div class=\"elementor-inner\">\n\t\t\t\t<div class=\"elementor-section-wrap\">\n\t\t\t\t\t\t\t\t\t<section class=\"elementor-section elementor-top-section elementor-element elementor-element-71d6add elementor-section-boxed elementor-section-height-default elementor-section-height-default\" data-id=\"71d6add\" data-element_type=\"section\">\n\t\t\t\t\t\t<div class=\"elementor-container elementor-column-gap-default\">\n\t\t\t\t\t\t\t<div class=\"elementor-row\">\n\t\t\t\t\t<div class=\"elementor-column elementor-col-100 elementor-top-column elementor-element elementor-element-00f54da\" data-id=\"00f54da\" data-element_type=\"column\">\n\t\t\t<div class=\"elementor-column-wrap elementor-element-populated\">\n\t\t\t\t\t\t\t<div class=\"elementor-widget-wrap\">\n\t\t\t\t\t\t<div class=\"elementor-element elementor-element-becaa6f elementor-widget elementor-widget-spacer\" data-id=\"becaa6f\" data-element_type=\"widget\" data-widget_type=\"spacer.default\">\n\t\t\t\t<div class=\"elementor-widget-container\">\n\t\t\t\t\t<div class=\"elementor-spacer\">\n\t\t\t<div class=\"elementor-spacer-inner\"><\/div>\n\t\t<\/div>\n\t\t\t\t<\/div>\n\t\t\t\t<\/div>\n\t\t\t\t<div class=\"elementor-element elementor-element-b7da3b8 elementor-widget elementor-widget-text-editor\" data-id=\"b7da3b8\" data-element_type=\"widget\" data-widget_type=\"text-editor.default\">\n\t\t\t\t<div class=\"elementor-widget-container\">\n\t\t\t\t\t\t\t\t<div class=\"elementor-text-editor elementor-clearfix\">\n\t\t\t\t<h3>Allgemeine Einkaufsbedingungen<\/h3>\n<p>&nbsp;<\/p>\n<p><strong>1. G\u00fcltigkeit<br \/>\n<\/strong>Es gelten nur unsere Einkaufsbedingungen. Wenn der Lieferant andere Bedingungen hat, akzeptieren wir sie nur wenn wir diesen schriftlich zustimmen.<br \/>\nWenn der Lieferant aufgrund unserer Anfrage ein Angebot erstellt, muss er sich genau an unsere Anfrage halten und uns ausdr\u00fccklich auf Abweichungen hinweisen.<br \/>\nWir behalten uns das Recht vor, angemessene \u00c4nderungen an Konstruktion und Ausf\u00fchrung des Liefergegenstandes vom Lieferanten zu verlangen, sofern es zumutbar ist. In diesem Fall m\u00fcssen wir uns einvernehmlich auf die Auswirkungen der \u00c4nderungen, insbesondere hinsichtlich der Kosten und Liefertermine, verst\u00e4ndigen.<\/p>\n<p><strong>2. Bezahlung und Lieferung<br \/>\n<\/strong>Die Begleichung einer Rechnung bedeutet nicht automatisch, dass wir die Lieferung als vertragsgem\u00e4\u00df anerkennen oder auf das Recht verzichten, M\u00e4ngel an der gelieferten Ware zu beanstanden. Falls die Lieferung fehlerhaft ist, behalten wir uns das Recht vor, die Zahlung entsprechend zur\u00fcckzuhalten, bis die Lieferung ordnungsgem\u00e4\u00df erf\u00fcllt wurde. Wir behalten uns auch weitere Aufrechnungs- und Zur\u00fcckbehaltungsrechte im gesetzlichen Umfang vor.<br \/>\nDer Lieferant darf nur mit unserer ausdr\u00fccklichen Zustimmung Teillieferungen durchf\u00fchren. Andernfalls tr\u00e4gt der Lieferant s\u00e4mtliche Kosten f\u00fcr Nachlieferungen.<\/p>\n<p><strong>3. \u00c4nderungen<br \/>\n<\/strong>Ereignisse h\u00f6herer Gewalt wie unverschuldete Betriebsst\u00f6rungen, Unruhen, beh\u00f6rdliche Ma\u00dfnahmen, ver\u00e4nderte Marktsituationen und andere unvermeidliche Ereignisse befreien die Vertragsparteien von ihren Verpflichtungen in dem Ma\u00dfe und f\u00fcr die Dauer der St\u00f6rung. Beide Parteien sind verpflichtet, sich im Rahmen des Zumutbaren umgehend gegenseitig zu informieren und ihre Verpflichtungen den ver\u00e4nderten Umst\u00e4nden entsprechend in gutem Glauben anzupassen.<\/p>\n<p><strong>4. <\/strong><strong>Verpackung und Trasport<br \/>\n<\/strong>Die Waren m\u00fcssen entsprechend den angeforderten Bedingungen verpackt sein, um Transportbesch\u00e4-digungen zu vermeiden. Der Lieferant haftet f\u00fcr Sch\u00e4den, die aufgrund von mangelhafter Verpackung entstehen.<\/p>\n<p><strong>5. Qualit\u00e4t<br \/>\n<\/strong>Der Lieferant garantiert die Verwendung von identifizierten, kontrollierten und r\u00fcckverfolgbaren Rohstoffen und den Einsatz von Anlagen, Maschinen und Ger\u00e4ten, die f\u00fcr den Produktionsprozess regelm\u00e4\u00dfig \u00fcberpr\u00fcft und gewartet werden.<br \/>\nWir behalten uns das Recht vor, vereinbarte interne Audits von uns oder durch Dritte durchzuf\u00fchren, um zu best\u00e4tigen, dass die oben genannten Anforderungen umgesetzt werden.<\/p>\n<p><strong>6. Gewerbliches und geistiges Eigentum<br \/>\n<\/strong>Vor einer eventuellen Untervergabe des Auftrags durch den Lieferanten ist es notwendig, dass eine R\u00fccksprache mit uns erfolgt. Nur mit der unserer ausdr\u00fccklichen Zustimmung kann eine Untervergabe erfolgen.<br \/>\nDie Spezifikationen des zu verwendenden Rohmaterials (Qualit\u00e4t, Herkunft, &#8230;) k\u00f6nnen auch ausdr\u00fccklich von uns angefordert werden: In diesem Fall muss jede allf\u00e4llige Abweichung gegen\u00fcber dem Gew\u00fcnschten ausdr\u00fccklich mit uns vereinbart werden.<br \/>\n<span style=\"font-size: 16px;\">Die von uns bereitgestellten Teile und\/oder Materialien bleiben unser Eigentum. Der Lieferant ist verpflichtet, diese Materialien getrennt zu lagern und eindeutig zu kennzeichnen. Dar\u00fcber hinaus muss er sicherstellen, dass die Materialien ausreichend gegen Feuer, Wasser, Diebstahl und andere Schadensf\u00e4lle versichert sind, wobei die Kosten hierf\u00fcr vom Lieferanten getragen werden.<\/span><\/p>\n<p><strong>7. Datenschutz<br \/>\n<\/strong>Der Lieferant ist verpflichtet, alle kaufm\u00e4nnischen und technischen Informationen und\/oder Daten vertraulich zu behandeln und geheim zu halten. Dies schlie\u00dft auch die Verpflichtung mit ein, Unterlieferanten entsprechend zur Vertraulichkeit zu verpflichten.<\/p>\n<p><strong>8. Anwendbares Recht<br \/>\n<\/strong>Es gilt ausschlie\u00dflich das schweizerische Obligationsrecht.<br \/>\nGerichtsstand ist ausschlie\u00dflich der von Tusa Precision Tools SA, welcher sich in Lugano befindet.<\/p>\n<p>TUSA PRECISION TOOLS SA<br \/>\n<span style=\"font-size: 15px;\"><i>Zaghini Marco<br \/>\nCEO<\/i><\/span><\/p>\n\t\t\t\t\t<\/div>\n\t\t\t\t\t\t<\/div>\n\t\t\t\t<\/div>\n\t\t\t\t\t\t<\/div>\n\t\t\t\t\t<\/div>\n\t\t<\/div>\n\t\t\t\t\t\t\t\t<\/div>\n\t\t\t\t\t<\/div>\n\t\t<\/section>\n\t\t\t\t\t\t\t\t\t<\/div>\n\t\t\t<\/div>\n\t\t\t\t\t<\/div>\n\t\t","protected":false},"excerpt":{"rendered":"<p>Allgemeine Einkaufsbedingungen &nbsp; 1. G\u00fcltigkeit Es gelten nur unsere Einkaufsbedingungen. Wenn der Lieferant andere Bedingungen hat, akzeptieren wir sie nur wenn wir diesen schriftlich zustimmen. Wenn der Lieferant aufgrund unserer Anfrage ein Angebot erstellt, muss er sich genau an unsere Anfrage halten und uns ausdr\u00fccklich auf Abweichungen hinweisen. Wir behalten uns das Recht vor, angemessene &hellip;<\/p>\n<p class=\"read-more\"> <a class=\"\" href=\"https:\/\/tusa-precision.ch\/de\/allgemeine-einkaufsbedingungen\/\"> <span class=\"screen-reader-text\">Allgemeine Einkaufsbedingungen<\/span> Read More &raquo;<\/a><\/p>\n","protected":false},"author":1,"featured_media":0,"parent":0,"menu_order":2,"comment_status":"closed","ping_status":"closed","template":"","meta":{"site-sidebar-layout":"no-sidebar","site-content-layout":"page-builder","ast-global-header-display":"","ast-main-header-display":"","ast-hfb-above-header-display":"","ast-hfb-below-header-display":"","ast-hfb-mobile-header-display":"","site-post-title":"disabled","ast-breadcrumbs-content":"","ast-featured-img":"disabled","footer-sml-layout":"","theme-transparent-header-meta":"default","adv-header-id-meta":"","stick-header-meta":"","header-above-stick-meta":"","header-main-stick-meta":"","header-below-stick-meta":""},"_links":{"self":[{"href":"https:\/\/tusa-precision.ch\/de\/wp-json\/wp\/v2\/pages\/23374"}],"collection":[{"href":"https:\/\/tusa-precision.ch\/de\/wp-json\/wp\/v2\/pages"}],"about":[{"href":"https:\/\/tusa-precision.ch\/de\/wp-json\/wp\/v2\/types\/page"}],"author":[{"embeddable":true,"href":"https:\/\/tusa-precision.ch\/de\/wp-json\/wp\/v2\/users\/1"}],"replies":[{"embeddable":true,"href":"https:\/\/tusa-precision.ch\/de\/wp-json\/wp\/v2\/comments?post=23374"}],"version-history":[{"count":0,"href":"https:\/\/tusa-precision.ch\/de\/wp-json\/wp\/v2\/pages\/23374\/revisions"}],"wp:attachment":[{"href":"https:\/\/tusa-precision.ch\/de\/wp-json\/wp\/v2\/media?parent=23374"}],"curies":[{"name":"wp","href":"https:\/\/api.w.org\/{rel}","templated":true}]}}