{"id":2352,"date":"2019-05-21T10:25:28","date_gmt":"2019-05-21T08:25:28","guid":{"rendered":"https:\/\/tusa-precision.ch\/verzollung-eu\/"},"modified":"2019-06-13T09:11:36","modified_gmt":"2019-06-13T07:11:36","slug":"verzollung-eu","status":"publish","type":"page","link":"https:\/\/tusa-precision.ch\/de\/verzollung-eu\/","title":{"rendered":"Verzollung EU"},"content":{"rendered":"\t\t<div data-elementor-type=\"wp-post\" data-elementor-id=\"2352\" class=\"elementor elementor-2352 elementor-1213\">\n\t\t\t\t\t\t<div class=\"elementor-inner\">\n\t\t\t\t<div class=\"elementor-section-wrap\">\n\t\t\t\t\t\t\t\t\t<section class=\"elementor-section elementor-top-section elementor-element elementor-element-5a447ef elementor-section-boxed elementor-section-height-default elementor-section-height-default\" data-id=\"5a447ef\" data-element_type=\"section\">\n\t\t\t\t\t\t<div class=\"elementor-container elementor-column-gap-default\">\n\t\t\t\t\t\t\t<div class=\"elementor-row\">\n\t\t\t\t\t<div class=\"elementor-column elementor-col-100 elementor-top-column elementor-element elementor-element-ffef67b\" data-id=\"ffef67b\" data-element_type=\"column\">\n\t\t\t<div class=\"elementor-column-wrap elementor-element-populated\">\n\t\t\t\t\t\t\t<div class=\"elementor-widget-wrap\">\n\t\t\t\t\t\t<div class=\"elementor-element elementor-element-7f47e84 elementor-widget elementor-widget-spacer\" data-id=\"7f47e84\" data-element_type=\"widget\" data-widget_type=\"spacer.default\">\n\t\t\t\t<div class=\"elementor-widget-container\">\n\t\t\t\t\t<div class=\"elementor-spacer\">\n\t\t\t<div class=\"elementor-spacer-inner\"><\/div>\n\t\t<\/div>\n\t\t\t\t<\/div>\n\t\t\t\t<\/div>\n\t\t\t\t<div class=\"elementor-element elementor-element-b5c4762 elementor-widget elementor-widget-heading\" data-id=\"b5c4762\" data-element_type=\"widget\" data-widget_type=\"heading.default\">\n\t\t\t\t<div class=\"elementor-widget-container\">\n\t\t\t<h2 class=\"elementor-heading-title elementor-size-default\">Auf dem EU-Markt so schnell wie in den Mitgliedstaaten<\/h2>\t\t<\/div>\n\t\t\t\t<\/div>\n\t\t\t\t<div class=\"elementor-element elementor-element-248cbe9 elementor-widget elementor-widget-spacer\" data-id=\"248cbe9\" data-element_type=\"widget\" data-widget_type=\"spacer.default\">\n\t\t\t\t<div class=\"elementor-widget-container\">\n\t\t\t\t\t<div class=\"elementor-spacer\">\n\t\t\t<div class=\"elementor-spacer-inner\"><\/div>\n\t\t<\/div>\n\t\t\t\t<\/div>\n\t\t\t\t<\/div>\n\t\t\t\t<div class=\"elementor-element elementor-element-6c315e5 elementor-widget elementor-widget-text-editor\" data-id=\"6c315e5\" data-element_type=\"widget\" data-widget_type=\"text-editor.default\">\n\t\t\t\t<div class=\"elementor-widget-container\">\n\t\t\t\t\t\t\t\t<div class=\"elementor-text-editor elementor-clearfix\">\n\t\t\t\t<p><strong>Auch in der Schweiz, k\u00f6nnen wir Dank der EU-Verzollung, das gleiche Verfahren wie die Hersteller und Lieferanten der Europ\u00e4ischen Union anwenden und so wettbewerbsf\u00e4hig sein. Nutzen Sie diesen Vorteil!<\/strong><\/p>\n\t\t\t\t\t<\/div>\n\t\t\t\t\t\t<\/div>\n\t\t\t\t<\/div>\n\t\t\t\t<div class=\"elementor-element elementor-element-035074f elementor-widget elementor-widget-spacer\" data-id=\"035074f\" data-element_type=\"widget\" data-widget_type=\"spacer.default\">\n\t\t\t\t<div class=\"elementor-widget-container\">\n\t\t\t\t\t<div class=\"elementor-spacer\">\n\t\t\t<div class=\"elementor-spacer-inner\"><\/div>\n\t\t<\/div>\n\t\t\t\t<\/div>\n\t\t\t\t<\/div>\n\t\t\t\t\t\t<\/div>\n\t\t\t\t\t<\/div>\n\t\t<\/div>\n\t\t\t\t\t\t\t\t<\/div>\n\t\t\t\t\t<\/div>\n\t\t<\/section>\n\t\t\t\t<section class=\"elementor-section elementor-top-section elementor-element elementor-element-db128f5 elementor-section-boxed elementor-section-height-default elementor-section-height-default\" data-id=\"db128f5\" data-element_type=\"section\">\n\t\t\t\t\t\t<div class=\"elementor-container elementor-column-gap-default\">\n\t\t\t\t\t\t\t<div class=\"elementor-row\">\n\t\t\t\t\t<div class=\"elementor-column elementor-col-50 elementor-top-column elementor-element elementor-element-14ef381\" data-id=\"14ef381\" data-element_type=\"column\">\n\t\t\t<div class=\"elementor-column-wrap elementor-element-populated\">\n\t\t\t\t\t\t\t<div class=\"elementor-widget-wrap\">\n\t\t\t\t\t\t<div class=\"elementor-element elementor-element-374e068 elementor-widget elementor-widget-text-editor\" data-id=\"374e068\" data-element_type=\"widget\" data-widget_type=\"text-editor.default\">\n\t\t\t\t<div class=\"elementor-widget-container\">\n\t\t\t\t\t\t\t\t<div class=\"elementor-text-editor elementor-clearfix\">\n\t\t\t\t<p><strong>EU-Zollabfertigung<\/strong><br \/>\nDie EU-Zollabfertigung ist ein besonderer Mehrwertdienst, der f\u00fcr den Versand von Waren im gesamten Wirtschaftsgebiet der Europ\u00e4ischen Union vorgesehen ist. Dank dieser innergemeinschaftlichen Lieferungen vermeiden wir, dass unsere Kunden, die im Rahmen des Intrastat-Verfahrens automatisch anfallende Mehrwertsteuer vom Zoll zahlen. Im Gegensatz zu herk\u00f6mmlichen Sendungen, die im Bestimmungsland abgefertigt werden, werden Sendungen mit EU-Verzollung bereits am Eingang der Europ\u00e4ischen Union abgefertigt und werden daher schneller zugestellt.<\/p>\n\t\t\t\t\t<\/div>\n\t\t\t\t\t\t<\/div>\n\t\t\t\t<\/div>\n\t\t\t\t<div class=\"elementor-element elementor-element-0660233 elementor-widget elementor-widget-image\" data-id=\"0660233\" data-element_type=\"widget\" data-widget_type=\"image.default\">\n\t\t\t\t<div class=\"elementor-widget-container\">\n\t\t\t\t\t\t\t\t<div class=\"elementor-image\">\n\t\t\t\t\t\t\t\t\t\t\t\t<img src=\"https:\/\/tusa-precision.ch\/web\/wp-content\/uploads\/elementor\/thumbs\/Italian_traffic_signs_-_dogana.svg-o4iov1f1e3lryq7bzpeaqeipfbosxh6ssql6ejmths.png\" title=\"Italian_traffic_signs_-_dogana.svg\" alt=\"Italian_traffic_signs_-_dogana.svg\" loading=\"lazy\" \/>\t\t\t\t\t\t\t\t\t\t\t\t\t\t<\/div>\n\t\t\t\t\t\t<\/div>\n\t\t\t\t<\/div>\n\t\t\t\t\t\t<\/div>\n\t\t\t\t\t<\/div>\n\t\t<\/div>\n\t\t\t\t<div class=\"elementor-column elementor-col-50 elementor-top-column elementor-element elementor-element-120cffc\" data-id=\"120cffc\" data-element_type=\"column\">\n\t\t\t<div class=\"elementor-column-wrap elementor-element-populated\">\n\t\t\t\t\t\t\t<div class=\"elementor-widget-wrap\">\n\t\t\t\t\t\t<div class=\"elementor-element elementor-element-f450447 elementor-widget elementor-widget-text-editor\" data-id=\"f450447\" data-element_type=\"widget\" data-widget_type=\"text-editor.default\">\n\t\t\t\t<div class=\"elementor-widget-container\">\n\t\t\t\t\t\t\t\t<div class=\"elementor-text-editor elementor-clearfix\">\n\t\t\t\t<p><strong>Vereinfachte Formalit\u00e4ten<br \/>\n<\/strong>F\u00fcr die Durchf\u00fchrung des Verwaltungsverfahren im Bestimmungsland ist die Umsatzsteueridentifikations-nummer des Rechnungsempf\u00e4ngers ausreichend.<br \/>\nZu diesem Zweck enth\u00e4lt die Handelsrechnung auch die Angabe der Steuervertretung.<br \/>\nWir f\u00fchren alle Zollabfertigungen in der EU durch, w\u00e4hrend unser Steuervertreter die Verwaltungspflichten im Zusammenhang mit der Intrastat-Kommunikation erf\u00fcllt.<\/p>\n\t\t\t\t\t<\/div>\n\t\t\t\t\t\t<\/div>\n\t\t\t\t<\/div>\n\t\t\t\t<div class=\"elementor-element elementor-element-69529a3 elementor-widget elementor-widget-image\" data-id=\"69529a3\" data-element_type=\"widget\" data-widget_type=\"image.default\">\n\t\t\t\t<div class=\"elementor-widget-container\">\n\t\t\t\t\t\t\t\t<div class=\"elementor-image\">\n\t\t\t\t\t\t\t\t\t\t\t\t<img width=\"300\" height=\"232\" src=\"https:\/\/tusa-precision.ch\/web\/wp-content\/uploads\/2019\/03\/burocrazia-300x232.png\" class=\"attachment-medium size-medium wp-image-2124\" alt=\"\" loading=\"lazy\" srcset=\"https:\/\/tusa-precision.ch\/web\/wp-content\/uploads\/2019\/03\/burocrazia-300x232.png 300w, https:\/\/tusa-precision.ch\/web\/wp-content\/uploads\/2019\/03\/burocrazia.png 640w\" sizes=\"(max-width: 300px) 100vw, 300px\" \/>\t\t\t\t\t\t\t\t\t\t\t\t\t\t<\/div>\n\t\t\t\t\t\t<\/div>\n\t\t\t\t<\/div>\n\t\t\t\t\t\t<\/div>\n\t\t\t\t\t<\/div>\n\t\t<\/div>\n\t\t\t\t\t\t\t\t<\/div>\n\t\t\t\t\t<\/div>\n\t\t<\/section>\n\t\t\t\t<section class=\"elementor-section elementor-top-section elementor-element elementor-element-df8c9d9 elementor-section-boxed elementor-section-height-default elementor-section-height-default\" data-id=\"df8c9d9\" data-element_type=\"section\">\n\t\t\t\t\t\t<div class=\"elementor-container elementor-column-gap-default\">\n\t\t\t\t\t\t\t<div class=\"elementor-row\">\n\t\t\t\t\t<div class=\"elementor-column elementor-col-50 elementor-top-column elementor-element elementor-element-6a09d8a\" data-id=\"6a09d8a\" data-element_type=\"column\">\n\t\t\t<div class=\"elementor-column-wrap elementor-element-populated\">\n\t\t\t\t\t\t\t<div class=\"elementor-widget-wrap\">\n\t\t\t\t\t\t<div class=\"elementor-element elementor-element-c7add4e elementor-widget elementor-widget-text-editor\" data-id=\"c7add4e\" data-element_type=\"widget\" data-widget_type=\"text-editor.default\">\n\t\t\t\t<div class=\"elementor-widget-container\">\n\t\t\t\t\t\t\t\t<div class=\"elementor-text-editor elementor-clearfix\">\n\t\t\t\t<p><strong>Wirtschaftlicher Vorteil<br \/>\n<\/strong><br \/>\nNormalerweise muss die Mehrwertsteuer bezahlt werden, wenn die Waren in das Bestimmungsland eingef\u00fchrt werden. Mit der EU-Verzollung muss keine Vorsteuer auf die H\u00f6he des Importgesch\u00e4fts abgegeben werden. Dies f\u00fchrt zu einer Verbesserung der Liquidit\u00e4t und zu Zinsvorteilen.<\/p>\n\t\t\t\t\t<\/div>\n\t\t\t\t\t\t<\/div>\n\t\t\t\t<\/div>\n\t\t\t\t<div class=\"elementor-element elementor-element-f36143e elementor-widget elementor-widget-image\" data-id=\"f36143e\" data-element_type=\"widget\" data-widget_type=\"image.default\">\n\t\t\t\t<div class=\"elementor-widget-container\">\n\t\t\t\t\t\t\t\t<div class=\"elementor-image\">\n\t\t\t\t\t\t\t\t\t\t\t\t<img width=\"270\" height=\"300\" src=\"https:\/\/tusa-precision.ch\/web\/wp-content\/uploads\/2019\/03\/obstacleIVA-270x300.jpg\" class=\"attachment-medium size-medium wp-image-2127\" alt=\"\" loading=\"lazy\" srcset=\"https:\/\/tusa-precision.ch\/web\/wp-content\/uploads\/2019\/03\/obstacleIVA-270x300.jpg 270w, https:\/\/tusa-precision.ch\/web\/wp-content\/uploads\/2019\/03\/obstacleIVA.jpg 397w\" sizes=\"(max-width: 270px) 100vw, 270px\" \/>\t\t\t\t\t\t\t\t\t\t\t\t\t\t<\/div>\n\t\t\t\t\t\t<\/div>\n\t\t\t\t<\/div>\n\t\t\t\t\t\t<\/div>\n\t\t\t\t\t<\/div>\n\t\t<\/div>\n\t\t\t\t<div class=\"elementor-column elementor-col-50 elementor-top-column elementor-element elementor-element-8bf14a4\" data-id=\"8bf14a4\" data-element_type=\"column\">\n\t\t\t<div class=\"elementor-column-wrap elementor-element-populated\">\n\t\t\t\t\t\t\t<div class=\"elementor-widget-wrap\">\n\t\t\t\t\t\t<div class=\"elementor-element elementor-element-c55ea31 elementor-widget elementor-widget-text-editor\" data-id=\"c55ea31\" data-element_type=\"widget\" data-widget_type=\"text-editor.default\">\n\t\t\t\t<div class=\"elementor-widget-container\">\n\t\t\t\t\t\t\t\t<div class=\"elementor-text-editor elementor-clearfix\">\n\t\t\t\t<p><strong>Direkter und schneller Versand<\/strong><br \/>\nEs ist nicht notwendig, Ihre Sendungen im Voraus mit der EU-Zollabfertigung vorzubereiten, da sie gleichzeitig mit den f\u00fcr den Rest der Welt bestimmten Sendungen abgeholt werden.<br \/>\nAm Abend des Abholens deklarieren wir Ihre Sendung beim Zoll in Belgien oder Frankreich. Die Zollabfertigung erfolgt am n\u00e4chsten Tag sodass die Lieferung bereits verzollt sind.<\/p>\n\t\t\t\t\t<\/div>\n\t\t\t\t\t\t<\/div>\n\t\t\t\t<\/div>\n\t\t\t\t<div class=\"elementor-element elementor-element-15039ab elementor-widget elementor-widget-image\" data-id=\"15039ab\" data-element_type=\"widget\" data-widget_type=\"image.default\">\n\t\t\t\t<div class=\"elementor-widget-container\">\n\t\t\t\t\t\t\t\t<div class=\"elementor-image\">\n\t\t\t\t\t\t\t\t\t\t\t\t<img src=\"https:\/\/tusa-precision.ch\/web\/wp-content\/uploads\/elementor\/thumbs\/MG_0697-1-o4iutaqogfolk9sqy5pjob3kqpe8vl0ovj2ynlwgus.jpg\" title=\"_MG_0697\" alt=\"_MG_0697\" loading=\"lazy\" \/>\t\t\t\t\t\t\t\t\t\t\t\t\t\t<\/div>\n\t\t\t\t\t\t<\/div>\n\t\t\t\t<\/div>\n\t\t\t\t\t\t<\/div>\n\t\t\t\t\t<\/div>\n\t\t<\/div>\n\t\t\t\t\t\t\t\t<\/div>\n\t\t\t\t\t<\/div>\n\t\t<\/section>\n\t\t\t\t<section class=\"elementor-section elementor-top-section elementor-element elementor-element-a0973d8 elementor-section-boxed elementor-section-height-default elementor-section-height-default\" data-id=\"a0973d8\" data-element_type=\"section\">\n\t\t\t\t\t\t<div class=\"elementor-container elementor-column-gap-default\">\n\t\t\t\t\t\t\t<div class=\"elementor-row\">\n\t\t\t\t\t<div class=\"elementor-column elementor-col-100 elementor-top-column elementor-element elementor-element-83da126\" data-id=\"83da126\" data-element_type=\"column\">\n\t\t\t<div class=\"elementor-column-wrap elementor-element-populated\">\n\t\t\t\t\t\t\t<div class=\"elementor-widget-wrap\">\n\t\t\t\t\t\t<div class=\"elementor-element elementor-element-bf22493 elementor-widget elementor-widget-spacer\" data-id=\"bf22493\" data-element_type=\"widget\" data-widget_type=\"spacer.default\">\n\t\t\t\t<div class=\"elementor-widget-container\">\n\t\t\t\t\t<div class=\"elementor-spacer\">\n\t\t\t<div class=\"elementor-spacer-inner\"><\/div>\n\t\t<\/div>\n\t\t\t\t<\/div>\n\t\t\t\t<\/div>\n\t\t\t\t\t\t<\/div>\n\t\t\t\t\t<\/div>\n\t\t<\/div>\n\t\t\t\t\t\t\t\t<\/div>\n\t\t\t\t\t<\/div>\n\t\t<\/section>\n\t\t\t\t\t\t\t\t\t<\/div>\n\t\t\t<\/div>\n\t\t\t\t\t<\/div>\n\t\t","protected":false},"excerpt":{"rendered":"<p>Auf dem EU-Markt so schnell wie in den Mitgliedstaaten Auch in der Schweiz, k\u00f6nnen wir Dank der EU-Verzollung, das gleiche Verfahren wie die Hersteller und Lieferanten der Europ\u00e4ischen Union anwenden und so wettbewerbsf\u00e4hig sein. Nutzen Sie diesen Vorteil! EU-Zollabfertigung Die EU-Zollabfertigung ist ein besonderer Mehrwertdienst, der f\u00fcr den Versand von Waren im gesamten Wirtschaftsgebiet der &hellip;<\/p>\n<p class=\"read-more\"> <a class=\"\" href=\"https:\/\/tusa-precision.ch\/de\/verzollung-eu\/\"> <span class=\"screen-reader-text\">Verzollung EU<\/span> Read More &raquo;<\/a><\/p>\n","protected":false},"author":1,"featured_media":0,"parent":0,"menu_order":10,"comment_status":"closed","ping_status":"closed","template":"","meta":{"site-sidebar-layout":"default","site-content-layout":"default","ast-global-header-display":"","ast-main-header-display":"","ast-hfb-above-header-display":"","ast-hfb-below-header-display":"","ast-hfb-mobile-header-display":"","site-post-title":"disabled","ast-breadcrumbs-content":"","ast-featured-img":"disabled","footer-sml-layout":"","theme-transparent-header-meta":"","adv-header-id-meta":"","stick-header-meta":"","header-above-stick-meta":"","header-main-stick-meta":"","header-below-stick-meta":""},"_links":{"self":[{"href":"https:\/\/tusa-precision.ch\/de\/wp-json\/wp\/v2\/pages\/2352"}],"collection":[{"href":"https:\/\/tusa-precision.ch\/de\/wp-json\/wp\/v2\/pages"}],"about":[{"href":"https:\/\/tusa-precision.ch\/de\/wp-json\/wp\/v2\/types\/page"}],"author":[{"embeddable":true,"href":"https:\/\/tusa-precision.ch\/de\/wp-json\/wp\/v2\/users\/1"}],"replies":[{"embeddable":true,"href":"https:\/\/tusa-precision.ch\/de\/wp-json\/wp\/v2\/comments?post=2352"}],"version-history":[{"count":0,"href":"https:\/\/tusa-precision.ch\/de\/wp-json\/wp\/v2\/pages\/2352\/revisions"}],"wp:attachment":[{"href":"https:\/\/tusa-precision.ch\/de\/wp-json\/wp\/v2\/media?parent=2352"}],"curies":[{"name":"wp","href":"https:\/\/api.w.org\/{rel}","templated":true}]}}