{"id":2358,"date":"2019-05-21T17:08:21","date_gmt":"2019-05-21T15:08:21","guid":{"rendered":"https:\/\/tusa-precision.ch\/cobalt-leaching\/"},"modified":"2019-05-27T10:32:41","modified_gmt":"2019-05-27T08:32:41","slug":"cobalt-leaching","status":"publish","type":"page","link":"https:\/\/tusa-precision.ch\/de\/cobalt-leaching\/","title":{"rendered":"Cobalt Leaching"},"content":{"rendered":"\t\t<div data-elementor-type=\"wp-post\" data-elementor-id=\"2358\" class=\"elementor elementor-2358 elementor-1322 elementor-bc-flex-widget\">\n\t\t\t\t\t\t<div class=\"elementor-inner\">\n\t\t\t\t<div class=\"elementor-section-wrap\">\n\t\t\t\t\t\t\t\t\t<section class=\"elementor-section elementor-top-section elementor-element elementor-element-72a2f5c elementor-section-boxed elementor-section-height-default elementor-section-height-default\" data-id=\"72a2f5c\" data-element_type=\"section\">\n\t\t\t\t\t\t<div class=\"elementor-container elementor-column-gap-default\">\n\t\t\t\t\t\t\t<div class=\"elementor-row\">\n\t\t\t\t\t<div class=\"elementor-column elementor-col-100 elementor-top-column elementor-element elementor-element-9f41923\" data-id=\"9f41923\" data-element_type=\"column\">\n\t\t\t<div class=\"elementor-column-wrap elementor-element-populated\">\n\t\t\t\t\t\t\t<div class=\"elementor-widget-wrap\">\n\t\t\t\t\t\t<div class=\"elementor-element elementor-element-b435fd9 elementor-widget elementor-widget-spacer\" data-id=\"b435fd9\" data-element_type=\"widget\" data-widget_type=\"spacer.default\">\n\t\t\t\t<div class=\"elementor-widget-container\">\n\t\t\t\t\t<div class=\"elementor-spacer\">\n\t\t\t<div class=\"elementor-spacer-inner\"><\/div>\n\t\t<\/div>\n\t\t\t\t<\/div>\n\t\t\t\t<\/div>\n\t\t\t\t<div class=\"elementor-element elementor-element-940f48f elementor-widget elementor-widget-text-editor\" data-id=\"940f48f\" data-element_type=\"widget\" data-widget_type=\"text-editor.default\">\n\t\t\t\t<div class=\"elementor-widget-container\">\n\t\t\t\t\t\t\t\t<div class=\"elementor-text-editor elementor-clearfix\">\n\t\t\t\t<p>Die Cobaltauslaugung (Cobalt Leaching) ist ein ernstes Problem, das auch in international anerkannten Werkzeugen (Marken) auftritt. Dieses Problem verursacht eine Cobaltabscheidung an der Oberfl\u00e4che des Materials. Da Cobalt das zur Herstellung von Wolframkarbid verwendete Bindemittel ist, f\u00fchrt seine Dissipation (Aufl\u00f6sung) zu einer Verringerung der Bindung und Haftung zwischen den Karbiden (Wolframkarbid und gemischten Karbiden) und der Beschichtung (PVD) mit ernsthaften Problemen des vorzeitigen Verschlei\u00dfes.<br \/>Um das Werkzeug nicht negativ zu beeintr\u00e4chtigen muss daher dieser Vorgang m\u00f6glichst vermieden werden. Die Gr\u00fcnde f\u00fcr diese Cobaltauslaugung sind vielf\u00e4ltig. Die wichtigsten Einfl\u00fcsse haben chemische und thermische Faktoren. Um &#8220;Cobalt Leaching&#8221; zu vermeiden ist die Wahl eines geeigneter K\u00fchlschmierstoffes w\u00e4hrend der mechanischen Bearbeitungsphasen massgebend, sowie die Bearbeitungsparameter (Durchsatz des K\u00fchlschmierstoffs, Schleifdruck, Vorschub, Geschwindigkeit der Schleifscheibe usw.) m\u00fcssen ebenfalls auf der Grundlage der zu bearbeitenden Materialien und der vorgesehenen Beschichtungen definiert werden. Um sicherzustellen, dass die PVD-Beschichtung das gew\u00fcnschte Resultat erzielt, muss der gesamte Produktionsprozess betrachtet werden.<\/p>\n\t\t\t\t\t<\/div>\n\t\t\t\t\t\t<\/div>\n\t\t\t\t<\/div>\n\t\t\t\t\t\t<\/div>\n\t\t\t\t\t<\/div>\n\t\t<\/div>\n\t\t\t\t\t\t\t\t<\/div>\n\t\t\t\t\t<\/div>\n\t\t<\/section>\n\t\t\t\t<section class=\"elementor-section elementor-top-section elementor-element elementor-element-5b04a54 elementor-section-content-middle elementor-section-boxed elementor-section-height-default elementor-section-height-default\" data-id=\"5b04a54\" data-element_type=\"section\">\n\t\t\t\t\t\t<div class=\"elementor-container elementor-column-gap-default\">\n\t\t\t\t\t\t\t<div class=\"elementor-row\">\n\t\t\t\t\t<div class=\"elementor-column elementor-col-50 elementor-top-column elementor-element elementor-element-e25b07f\" data-id=\"e25b07f\" data-element_type=\"column\">\n\t\t\t<div class=\"elementor-column-wrap elementor-element-populated\">\n\t\t\t\t\t\t\t<div class=\"elementor-widget-wrap\">\n\t\t\t\t\t\t<div class=\"elementor-element elementor-element-3577cea elementor-widget elementor-widget-image\" data-id=\"3577cea\" data-element_type=\"widget\" data-widget_type=\"image.default\">\n\t\t\t\t<div class=\"elementor-widget-container\">\n\t\t\t\t\t\t\t\t<div class=\"elementor-image\">\n\t\t\t\t\t\t\t\t\t\t\t\t<img width=\"646\" height=\"401\" src=\"https:\/\/tusa-precision.ch\/web\/wp-content\/uploads\/2019\/03\/cobalt.jpg\" class=\"attachment-large size-large wp-image-2199\" alt=\"\" loading=\"lazy\" srcset=\"https:\/\/tusa-precision.ch\/web\/wp-content\/uploads\/2019\/03\/cobalt.jpg 646w, https:\/\/tusa-precision.ch\/web\/wp-content\/uploads\/2019\/03\/cobalt-300x186.jpg 300w\" sizes=\"(max-width: 646px) 100vw, 646px\" \/>\t\t\t\t\t\t\t\t\t\t\t\t\t\t<\/div>\n\t\t\t\t\t\t<\/div>\n\t\t\t\t<\/div>\n\t\t\t\t\t\t<\/div>\n\t\t\t\t\t<\/div>\n\t\t<\/div>\n\t\t\t\t<div class=\"elementor-column elementor-col-50 elementor-top-column elementor-element elementor-element-19936a4\" data-id=\"19936a4\" data-element_type=\"column\">\n\t\t\t<div class=\"elementor-column-wrap elementor-element-populated\">\n\t\t\t\t\t\t\t<div class=\"elementor-widget-wrap\">\n\t\t\t\t\t\t<div class=\"elementor-element elementor-element-ed61c05 elementor-widget elementor-widget-text-editor\" data-id=\"ed61c05\" data-element_type=\"widget\" data-widget_type=\"text-editor.default\">\n\t\t\t\t<div class=\"elementor-widget-container\">\n\t\t\t\t\t\t\t\t<div class=\"elementor-text-editor elementor-clearfix\">\n\t\t\t\t<p>Querschnitt des TiN-beschichteten Wolframcarbid-Schliffes, welches das Ph\u00e4nomen &#8220;Cobalt Leaching&#8221; (links) hervorhebt. Das EXD-Linescan (rechts) zeigt, wie der Abbau von Cobalt auf der Oberfl\u00e4chenschicht die Verbindung zwischen dem Carbidk\u00f6rper und der Oberfl\u00e4chenbeschichtung des Werkzeugs beeintr\u00e4chtigt. Unter diesen Bedingungen kann keine gute Haftung der Beschichtung erreicht werden.<\/p>\n\t\t\t\t\t<\/div>\n\t\t\t\t\t\t<\/div>\n\t\t\t\t<\/div>\n\t\t\t\t\t\t<\/div>\n\t\t\t\t\t<\/div>\n\t\t<\/div>\n\t\t\t\t\t\t\t\t<\/div>\n\t\t\t\t\t<\/div>\n\t\t<\/section>\n\t\t\t\t<section class=\"elementor-section elementor-top-section elementor-element elementor-element-f910c05 elementor-section-boxed elementor-section-height-default elementor-section-height-default\" data-id=\"f910c05\" data-element_type=\"section\">\n\t\t\t\t\t\t<div class=\"elementor-container elementor-column-gap-default\">\n\t\t\t\t\t\t\t<div class=\"elementor-row\">\n\t\t\t\t\t<div class=\"elementor-column elementor-col-100 elementor-top-column elementor-element elementor-element-0d45098\" data-id=\"0d45098\" data-element_type=\"column\">\n\t\t\t<div class=\"elementor-column-wrap elementor-element-populated\">\n\t\t\t\t\t\t\t<div class=\"elementor-widget-wrap\">\n\t\t\t\t\t\t<div class=\"elementor-element elementor-element-57ab4f4 elementor-widget elementor-widget-spacer\" data-id=\"57ab4f4\" data-element_type=\"widget\" data-widget_type=\"spacer.default\">\n\t\t\t\t<div class=\"elementor-widget-container\">\n\t\t\t\t\t<div class=\"elementor-spacer\">\n\t\t\t<div class=\"elementor-spacer-inner\"><\/div>\n\t\t<\/div>\n\t\t\t\t<\/div>\n\t\t\t\t<\/div>\n\t\t\t\t\t\t<\/div>\n\t\t\t\t\t<\/div>\n\t\t<\/div>\n\t\t\t\t\t\t\t\t<\/div>\n\t\t\t\t\t<\/div>\n\t\t<\/section>\n\t\t\t\t\t\t\t\t\t<\/div>\n\t\t\t<\/div>\n\t\t\t\t\t<\/div>\n\t\t","protected":false},"excerpt":{"rendered":"<p>Die Cobaltauslaugung (Cobalt Leaching) ist ein ernstes Problem, das auch in international anerkannten Werkzeugen (Marken) auftritt. Dieses Problem verursacht eine Cobaltabscheidung an der Oberfl\u00e4che des Materials. Da Cobalt das zur Herstellung von Wolframkarbid verwendete Bindemittel ist, f\u00fchrt seine Dissipation (Aufl\u00f6sung) zu einer Verringerung der Bindung und Haftung zwischen den Karbiden (Wolframkarbid und gemischten Karbiden) und &hellip;<\/p>\n<p class=\"read-more\"> <a class=\"\" href=\"https:\/\/tusa-precision.ch\/de\/cobalt-leaching\/\"> <span class=\"screen-reader-text\">Cobalt Leaching<\/span> Read More &raquo;<\/a><\/p>\n","protected":false},"author":1,"featured_media":0,"parent":0,"menu_order":14,"comment_status":"closed","ping_status":"closed","template":"","meta":{"site-sidebar-layout":"default","site-content-layout":"default","ast-global-header-display":"","ast-main-header-display":"","ast-hfb-above-header-display":"","ast-hfb-below-header-display":"","ast-hfb-mobile-header-display":"","site-post-title":"disabled","ast-breadcrumbs-content":"","ast-featured-img":"disabled","footer-sml-layout":"","theme-transparent-header-meta":"","adv-header-id-meta":"","stick-header-meta":"","header-above-stick-meta":"","header-main-stick-meta":"","header-below-stick-meta":""},"_links":{"self":[{"href":"https:\/\/tusa-precision.ch\/de\/wp-json\/wp\/v2\/pages\/2358"}],"collection":[{"href":"https:\/\/tusa-precision.ch\/de\/wp-json\/wp\/v2\/pages"}],"about":[{"href":"https:\/\/tusa-precision.ch\/de\/wp-json\/wp\/v2\/types\/page"}],"author":[{"embeddable":true,"href":"https:\/\/tusa-precision.ch\/de\/wp-json\/wp\/v2\/users\/1"}],"replies":[{"embeddable":true,"href":"https:\/\/tusa-precision.ch\/de\/wp-json\/wp\/v2\/comments?post=2358"}],"version-history":[{"count":0,"href":"https:\/\/tusa-precision.ch\/de\/wp-json\/wp\/v2\/pages\/2358\/revisions"}],"wp:attachment":[{"href":"https:\/\/tusa-precision.ch\/de\/wp-json\/wp\/v2\/media?parent=2358"}],"curies":[{"name":"wp","href":"https:\/\/api.w.org\/{rel}","templated":true}]}}