{"id":2439,"date":"2019-05-24T17:17:45","date_gmt":"2019-05-24T15:17:45","guid":{"rendered":"https:\/\/tusa-precision.ch\/was-machen-wir\/"},"modified":"2024-11-13T11:02:25","modified_gmt":"2024-11-13T10:02:25","slug":"was-machen-wir","status":"publish","type":"page","link":"https:\/\/tusa-precision.ch\/de\/was-machen-wir\/","title":{"rendered":"Was machen wir"},"content":{"rendered":"\t\t<div data-elementor-type=\"wp-post\" data-elementor-id=\"2439\" class=\"elementor elementor-2439 elementor-1113\">\n\t\t\t\t\t\t<div class=\"elementor-inner\">\n\t\t\t\t<div class=\"elementor-section-wrap\">\n\t\t\t\t\t\t\t\t\t<section class=\"elementor-section elementor-top-section elementor-element elementor-element-db9aa34 elementor-section-boxed elementor-section-height-default elementor-section-height-default\" data-id=\"db9aa34\" data-element_type=\"section\">\n\t\t\t\t\t\t<div class=\"elementor-container elementor-column-gap-default\">\n\t\t\t\t\t\t\t<div class=\"elementor-row\">\n\t\t\t\t\t<div class=\"elementor-column elementor-col-100 elementor-top-column elementor-element elementor-element-00b54d5\" data-id=\"00b54d5\" data-element_type=\"column\">\n\t\t\t<div class=\"elementor-column-wrap elementor-element-populated\">\n\t\t\t\t\t\t\t<div class=\"elementor-widget-wrap\">\n\t\t\t\t\t\t<div class=\"elementor-element elementor-element-92f6789 elementor-aspect-ratio-169 elementor-widget elementor-widget-video\" data-id=\"92f6789\" data-element_type=\"widget\" data-settings=\"{&quot;video_type&quot;:&quot;hosted&quot;,&quot;autoplay&quot;:&quot;yes&quot;,&quot;mute&quot;:&quot;yes&quot;,&quot;loop&quot;:&quot;yes&quot;,&quot;aspect_ratio&quot;:&quot;169&quot;}\" data-widget_type=\"video.default\">\n\t\t\t\t<div class=\"elementor-widget-container\">\n\t\t\t\t\t<div class=\"e-hosted-video elementor-wrapper elementor-fit-aspect-ratio elementor-open-inline\">\n\t\t\t\t\t<video class=\"elementor-video\" src=\"https:\/\/tusa-precision.ch\/web\/wp-content\/uploads\/2019\/03\/Blue-5194.mp4\" autoplay=\"\" loop=\"\" muted=\"muted\" controlsList=\"nodownload\"><\/video>\n\t\t\t\t<\/div>\n\t\t\t\t<\/div>\n\t\t\t\t<\/div>\n\t\t\t\t<div class=\"elementor-element elementor-element-a70239d elementor-widget elementor-widget-heading\" data-id=\"a70239d\" data-element_type=\"widget\" data-widget_type=\"heading.default\">\n\t\t\t\t<div class=\"elementor-widget-container\">\n\t\t\t<h2 class=\"elementor-heading-title elementor-size-default\">Precision is our Job!<\/h2>\t\t<\/div>\n\t\t\t\t<\/div>\n\t\t\t\t\t\t<\/div>\n\t\t\t\t\t<\/div>\n\t\t<\/div>\n\t\t\t\t\t\t\t\t<\/div>\n\t\t\t\t\t<\/div>\n\t\t<\/section>\n\t\t\t\t<section class=\"elementor-section elementor-top-section elementor-element elementor-element-c35d9e8 elementor-section-boxed elementor-section-height-default elementor-section-height-default\" data-id=\"c35d9e8\" data-element_type=\"section\">\n\t\t\t\t\t\t<div class=\"elementor-container elementor-column-gap-default\">\n\t\t\t\t\t\t\t<div class=\"elementor-row\">\n\t\t\t\t\t<div class=\"elementor-column elementor-col-100 elementor-top-column elementor-element elementor-element-826fd9d\" data-id=\"826fd9d\" data-element_type=\"column\">\n\t\t\t<div class=\"elementor-column-wrap elementor-element-populated\">\n\t\t\t\t\t\t\t<div class=\"elementor-widget-wrap\">\n\t\t\t\t\t\t<div class=\"elementor-element elementor-element-c2d8c70 elementor-widget elementor-widget-text-editor\" data-id=\"c2d8c70\" data-element_type=\"widget\" data-widget_type=\"text-editor.default\">\n\t\t\t\t<div class=\"elementor-widget-container\">\n\t\t\t\t\t\t\t\t<div class=\"elementor-text-editor elementor-clearfix\">\n\t\t\t\t<p>Seit \u00fcber 60 Jahren produziert <strong>TUSA PRECISION TOOLS SA<\/strong> Schneidwerkzeuge.<br \/>\nEin gro\u00dfer Teil der Werkzeuge dient der spanabhebenden Bearbeitung wie Bohrer, Mikrobohrer, Fr\u00e4swerkzeuge, Reibahlen usw.<br \/>\nDie meisten dieser Werkzeuge bestehen aus Hartmetall von h\u00f6chster Qualit\u00e4t.<br \/>\nEin Teil der Produkte ist in unseren Katalogen definiert und kann direkt ab Lager geliefert werden, der andere Teil sind Spezialwerkzeug, die auf dem spezifischen Kundenbed\u00fcrfnis zugeschnitten sind.<br \/>\nAusserdem beraten wir Sie in allen Bereichen der spanabhebenden Bearbeitung.<\/p>\n\t\t\t\t\t<\/div>\n\t\t\t\t\t\t<\/div>\n\t\t\t\t<\/div>\n\t\t\t\t\t\t<\/div>\n\t\t\t\t\t<\/div>\n\t\t<\/div>\n\t\t\t\t\t\t\t\t<\/div>\n\t\t\t\t\t<\/div>\n\t\t<\/section>\n\t\t\t\t<section class=\"elementor-section elementor-top-section elementor-element elementor-element-41c31a7 elementor-section-boxed elementor-section-height-default elementor-section-height-default\" data-id=\"41c31a7\" data-element_type=\"section\">\n\t\t\t\t\t\t<div class=\"elementor-container elementor-column-gap-default\">\n\t\t\t\t\t\t\t<div class=\"elementor-row\">\n\t\t\t\t\t<div class=\"elementor-column elementor-col-100 elementor-top-column elementor-element elementor-element-4c1f5b1\" data-id=\"4c1f5b1\" data-element_type=\"column\">\n\t\t\t<div class=\"elementor-column-wrap elementor-element-populated\">\n\t\t\t\t\t\t\t<div class=\"elementor-widget-wrap\">\n\t\t\t\t\t\t<div class=\"elementor-element elementor-element-4925ee8 elementor-widget elementor-widget-spacer\" data-id=\"4925ee8\" data-element_type=\"widget\" data-widget_type=\"spacer.default\">\n\t\t\t\t<div class=\"elementor-widget-container\">\n\t\t\t\t\t<div class=\"elementor-spacer\">\n\t\t\t<div class=\"elementor-spacer-inner\"><\/div>\n\t\t<\/div>\n\t\t\t\t<\/div>\n\t\t\t\t<\/div>\n\t\t\t\t\t\t<\/div>\n\t\t\t\t\t<\/div>\n\t\t<\/div>\n\t\t\t\t\t\t\t\t<\/div>\n\t\t\t\t\t<\/div>\n\t\t<\/section>\n\t\t\t\t\t\t\t\t\t<\/div>\n\t\t\t<\/div>\n\t\t\t\t\t<\/div>\n\t\t","protected":false},"excerpt":{"rendered":"<p>https:\/\/tusa-precision.ch\/web\/wp-content\/uploads\/2019\/03\/Blue-5194.mp4 Precision is our Job! Seit \u00fcber 60 Jahren produziert TUSA PRECISION TOOLS SA Schneidwerkzeuge. Ein gro\u00dfer Teil der Werkzeuge dient der spanabhebenden Bearbeitung wie Bohrer, Mikrobohrer, Fr\u00e4swerkzeuge, Reibahlen usw. Die meisten dieser Werkzeuge bestehen aus Hartmetall von h\u00f6chster Qualit\u00e4t. Ein Teil der Produkte ist in unseren Katalogen definiert und kann direkt ab Lager geliefert &hellip;<\/p>\n<p class=\"read-more\"> <a class=\"\" href=\"https:\/\/tusa-precision.ch\/de\/was-machen-wir\/\"> <span class=\"screen-reader-text\">Was machen wir<\/span> Read More &raquo;<\/a><\/p>\n","protected":false},"author":1,"featured_media":0,"parent":0,"menu_order":2,"comment_status":"closed","ping_status":"closed","template":"","meta":{"site-sidebar-layout":"default","site-content-layout":"default","ast-global-header-display":"","ast-main-header-display":"","ast-hfb-above-header-display":"","ast-hfb-below-header-display":"","ast-hfb-mobile-header-display":"","site-post-title":"disabled","ast-breadcrumbs-content":"","ast-featured-img":"disabled","footer-sml-layout":"","theme-transparent-header-meta":"","adv-header-id-meta":"","stick-header-meta":"","header-above-stick-meta":"","header-main-stick-meta":"","header-below-stick-meta":""},"_links":{"self":[{"href":"https:\/\/tusa-precision.ch\/de\/wp-json\/wp\/v2\/pages\/2439"}],"collection":[{"href":"https:\/\/tusa-precision.ch\/de\/wp-json\/wp\/v2\/pages"}],"about":[{"href":"https:\/\/tusa-precision.ch\/de\/wp-json\/wp\/v2\/types\/page"}],"author":[{"embeddable":true,"href":"https:\/\/tusa-precision.ch\/de\/wp-json\/wp\/v2\/users\/1"}],"replies":[{"embeddable":true,"href":"https:\/\/tusa-precision.ch\/de\/wp-json\/wp\/v2\/comments?post=2439"}],"version-history":[{"count":1,"href":"https:\/\/tusa-precision.ch\/de\/wp-json\/wp\/v2\/pages\/2439\/revisions"}],"predecessor-version":[{"id":27888,"href":"https:\/\/tusa-precision.ch\/de\/wp-json\/wp\/v2\/pages\/2439\/revisions\/27888"}],"wp:attachment":[{"href":"https:\/\/tusa-precision.ch\/de\/wp-json\/wp\/v2\/media?parent=2439"}],"curies":[{"name":"wp","href":"https:\/\/api.w.org\/{rel}","templated":true}]}}