{"id":8898,"date":"2020-02-20T15:51:29","date_gmt":"2020-02-20T14:51:29","guid":{"rendered":"https:\/\/tusa-precision.ch\/iexplorer\/"},"modified":"2020-03-04T17:24:38","modified_gmt":"2020-03-04T16:24:38","slug":"iexplorer","status":"publish","type":"page","link":"https:\/\/tusa-precision.ch\/de\/iexplorer\/","title":{"rendered":"iexplorer"},"content":{"rendered":"\t\t<div data-elementor-type=\"wp-page\" data-elementor-id=\"8898\" class=\"elementor elementor-8898 elementor-8840\">\n\t\t\t\t\t\t<div class=\"elementor-inner\">\n\t\t\t\t<div class=\"elementor-section-wrap\">\n\t\t\t\t\t\t\t\t\t<section class=\"elementor-section elementor-top-section elementor-element elementor-element-6a5d008 elementor-section-boxed elementor-section-height-default elementor-section-height-default\" data-id=\"6a5d008\" data-element_type=\"section\">\n\t\t\t\t\t\t<div class=\"elementor-container elementor-column-gap-default\">\n\t\t\t\t\t\t\t<div class=\"elementor-row\">\n\t\t\t\t\t<div class=\"elementor-column elementor-col-100 elementor-top-column elementor-element elementor-element-1369a4c\" data-id=\"1369a4c\" data-element_type=\"column\">\n\t\t\t<div class=\"elementor-column-wrap elementor-element-populated\">\n\t\t\t\t\t\t\t<div class=\"elementor-widget-wrap\">\n\t\t\t\t\t\t<div class=\"elementor-element elementor-element-06a1008 elementor-widget elementor-widget-spacer\" data-id=\"06a1008\" data-element_type=\"widget\" data-widget_type=\"spacer.default\">\n\t\t\t\t<div class=\"elementor-widget-container\">\n\t\t\t\t\t<div class=\"elementor-spacer\">\n\t\t\t<div class=\"elementor-spacer-inner\"><\/div>\n\t\t<\/div>\n\t\t\t\t<\/div>\n\t\t\t\t<\/div>\n\t\t\t\t<div class=\"elementor-element elementor-element-2be576a elementor-widget elementor-widget-text-editor\" data-id=\"2be576a\" data-element_type=\"widget\" data-widget_type=\"text-editor.default\">\n\t\t\t\t<div class=\"elementor-widget-container\">\n\t\t\t\t\t\t\t\t<div class=\"elementor-text-editor elementor-clearfix\">\n\t\t\t\t<p>Wir haben die Verwendung von Internet Explorer f\u00fcr das Surfen im Internet festgestellt. Leider ist dieses Programm mittlerweile veraltet und gef\u00e4hrdet das Surfen. Deshalb wird es von uns nicht unterst\u00fctzt.<\/p>\n<p><span style=\"font-size: 15px;\">Um unsere Website korrekt anzuzeigen und Ihre Online-Sicherheit zu gew\u00e4hrleisten, empfehlen wir die Verwendung eines modernen Browsers, der Kompatibilit\u00e4t und hohe Sicherheitsstandards gew\u00e4hrleistet.<\/span><\/p>\n<p><span style=\"font-size: 15px;\">Nachfolgend hinterlassen wir Ihnen die Links, \u00fcber die Sie das von Ihnen bevorzugte Navigationsprogramm herunterladen k\u00f6nnen.<\/span><\/p>\n\t\t\t\t\t<\/div>\n\t\t\t\t\t\t<\/div>\n\t\t\t\t<\/div>\n\t\t\t\t\t\t<\/div>\n\t\t\t\t\t<\/div>\n\t\t<\/div>\n\t\t\t\t\t\t\t\t<\/div>\n\t\t\t\t\t<\/div>\n\t\t<\/section>\n\t\t\t\t<section class=\"elementor-section elementor-top-section elementor-element elementor-element-ee16a5a elementor-section-boxed elementor-section-height-default elementor-section-height-default\" data-id=\"ee16a5a\" data-element_type=\"section\">\n\t\t\t\t\t\t<div class=\"elementor-container elementor-column-gap-default\">\n\t\t\t\t\t\t\t<div class=\"elementor-row\">\n\t\t\t\t\t<div class=\"elementor-column elementor-col-33 elementor-top-column elementor-element elementor-element-df54523\" data-id=\"df54523\" data-element_type=\"column\">\n\t\t\t<div class=\"elementor-column-wrap elementor-element-populated\">\n\t\t\t\t\t\t\t<div class=\"elementor-widget-wrap\">\n\t\t\t\t\t\t<div class=\"elementor-element elementor-element-e1b6afb elementor-widget elementor-widget-image\" data-id=\"e1b6afb\" data-element_type=\"widget\" data-widget_type=\"image.default\">\n\t\t\t\t<div class=\"elementor-widget-container\">\n\t\t\t\t\t\t\t\t<div class=\"elementor-image\">\n\t\t\t\t\t\t\t\t\t\t\t\t\t<a href=\"https:\/\/www.google.com\/chrome\/\">\n\t\t\t\t\t\t\t<img width=\"150\" height=\"150\" src=\"https:\/\/tusa-precision.ch\/web\/wp-content\/uploads\/2020\/02\/Google_Chrome_icon_2011-150x150.png\" class=\"attachment-thumbnail size-thumbnail wp-image-8851\" alt=\"\" loading=\"lazy\" srcset=\"https:\/\/tusa-precision.ch\/web\/wp-content\/uploads\/2020\/02\/Google_Chrome_icon_2011-150x150.png 150w, https:\/\/tusa-precision.ch\/web\/wp-content\/uploads\/2020\/02\/Google_Chrome_icon_2011-300x300.png 300w, https:\/\/tusa-precision.ch\/web\/wp-content\/uploads\/2020\/02\/Google_Chrome_icon_2011-100x100.png 100w, https:\/\/tusa-precision.ch\/web\/wp-content\/uploads\/2020\/02\/Google_Chrome_icon_2011.png 512w\" sizes=\"(max-width: 150px) 100vw, 150px\" \/>\t\t\t\t\t\t\t\t<\/a>\n\t\t\t\t\t\t\t\t\t\t\t\t\t\t<\/div>\n\t\t\t\t\t\t<\/div>\n\t\t\t\t<\/div>\n\t\t\t\t<div class=\"elementor-element elementor-element-4e4766b elementor-widget elementor-widget-heading\" data-id=\"4e4766b\" data-element_type=\"widget\" data-widget_type=\"heading.default\">\n\t\t\t\t<div class=\"elementor-widget-container\">\n\t\t\t<h4 class=\"elementor-heading-title elementor-size-default\"><a href=\"https:\/\/www.google.com\/chrome\/\">Google Chrome<\/a><\/h4>\t\t<\/div>\n\t\t\t\t<\/div>\n\t\t\t\t\t\t<\/div>\n\t\t\t\t\t<\/div>\n\t\t<\/div>\n\t\t\t\t<div class=\"elementor-column elementor-col-33 elementor-top-column elementor-element elementor-element-34c9c0b\" data-id=\"34c9c0b\" data-element_type=\"column\">\n\t\t\t<div class=\"elementor-column-wrap elementor-element-populated\">\n\t\t\t\t\t\t\t<div class=\"elementor-widget-wrap\">\n\t\t\t\t\t\t<div class=\"elementor-element elementor-element-65e32b7 elementor-widget elementor-widget-image\" data-id=\"65e32b7\" data-element_type=\"widget\" data-widget_type=\"image.default\">\n\t\t\t\t<div class=\"elementor-widget-container\">\n\t\t\t\t\t\t\t\t<div class=\"elementor-image\">\n\t\t\t\t\t\t\t\t\t\t\t\t\t<a href=\"https:\/\/www.mozilla.org\/firefox\/new\/\">\n\t\t\t\t\t\t\t<img width=\"150\" height=\"150\" src=\"https:\/\/tusa-precision.ch\/web\/wp-content\/uploads\/2020\/02\/1024px-Firefox_logo_2019.svg-150x150.png\" class=\"attachment-thumbnail size-thumbnail wp-image-8855\" alt=\"\" loading=\"lazy\" srcset=\"https:\/\/tusa-precision.ch\/web\/wp-content\/uploads\/2020\/02\/1024px-Firefox_logo_2019.svg-150x150.png 150w, https:\/\/tusa-precision.ch\/web\/wp-content\/uploads\/2020\/02\/1024px-Firefox_logo_2019.svg-300x300.png 300w, https:\/\/tusa-precision.ch\/web\/wp-content\/uploads\/2020\/02\/1024px-Firefox_logo_2019.svg-100x100.png 100w\" sizes=\"(max-width: 150px) 100vw, 150px\" \/>\t\t\t\t\t\t\t\t<\/a>\n\t\t\t\t\t\t\t\t\t\t\t\t\t\t<\/div>\n\t\t\t\t\t\t<\/div>\n\t\t\t\t<\/div>\n\t\t\t\t<div class=\"elementor-element elementor-element-354152c elementor-widget elementor-widget-heading\" data-id=\"354152c\" data-element_type=\"widget\" data-widget_type=\"heading.default\">\n\t\t\t\t<div class=\"elementor-widget-container\">\n\t\t\t<h4 class=\"elementor-heading-title elementor-size-default\"><a href=\"https:\/\/www.mozilla.org\/firefox\/new\/\">Mozilla Firefox<\/a><\/h4>\t\t<\/div>\n\t\t\t\t<\/div>\n\t\t\t\t\t\t<\/div>\n\t\t\t\t\t<\/div>\n\t\t<\/div>\n\t\t\t\t<div class=\"elementor-column elementor-col-33 elementor-top-column elementor-element elementor-element-78d42f2\" data-id=\"78d42f2\" data-element_type=\"column\">\n\t\t\t<div class=\"elementor-column-wrap elementor-element-populated\">\n\t\t\t\t\t\t\t<div class=\"elementor-widget-wrap\">\n\t\t\t\t\t\t<div class=\"elementor-element elementor-element-5b0311f elementor-widget elementor-widget-image\" data-id=\"5b0311f\" data-element_type=\"widget\" data-widget_type=\"image.default\">\n\t\t\t\t<div class=\"elementor-widget-container\">\n\t\t\t\t\t\t\t\t<div class=\"elementor-image\">\n\t\t\t\t\t\t\t\t\t\t\t\t\t<a href=\"https:\/\/www.microsoft.com\/edge\">\n\t\t\t\t\t\t\t<img width=\"150\" height=\"150\" src=\"https:\/\/tusa-precision.ch\/web\/wp-content\/uploads\/2020\/02\/1024px-Microsoft_Edge_logo_2019.svg-150x150.png\" class=\"attachment-thumbnail size-thumbnail wp-image-8847\" alt=\"\" loading=\"lazy\" srcset=\"https:\/\/tusa-precision.ch\/web\/wp-content\/uploads\/2020\/02\/1024px-Microsoft_Edge_logo_2019.svg-150x150.png 150w, https:\/\/tusa-precision.ch\/web\/wp-content\/uploads\/2020\/02\/1024px-Microsoft_Edge_logo_2019.svg-300x300.png 300w, https:\/\/tusa-precision.ch\/web\/wp-content\/uploads\/2020\/02\/1024px-Microsoft_Edge_logo_2019.svg.png 1024w, https:\/\/tusa-precision.ch\/web\/wp-content\/uploads\/2020\/02\/1024px-Microsoft_Edge_logo_2019.svg-768x768.png 768w, https:\/\/tusa-precision.ch\/web\/wp-content\/uploads\/2020\/02\/1024px-Microsoft_Edge_logo_2019.svg-600x600.png 600w, https:\/\/tusa-precision.ch\/web\/wp-content\/uploads\/2020\/02\/1024px-Microsoft_Edge_logo_2019.svg-100x100.png 100w\" sizes=\"(max-width: 150px) 100vw, 150px\" \/>\t\t\t\t\t\t\t\t<\/a>\n\t\t\t\t\t\t\t\t\t\t\t\t\t\t<\/div>\n\t\t\t\t\t\t<\/div>\n\t\t\t\t<\/div>\n\t\t\t\t<div class=\"elementor-element elementor-element-7eade0b elementor-widget elementor-widget-heading\" data-id=\"7eade0b\" data-element_type=\"widget\" data-widget_type=\"heading.default\">\n\t\t\t\t<div class=\"elementor-widget-container\">\n\t\t\t<h4 class=\"elementor-heading-title elementor-size-default\"><a href=\"https:\/\/www.microsoft.com\/edge\">Microsoft Edge<\/a><\/h4>\t\t<\/div>\n\t\t\t\t<\/div>\n\t\t\t\t\t\t<\/div>\n\t\t\t\t\t<\/div>\n\t\t<\/div>\n\t\t\t\t\t\t\t\t<\/div>\n\t\t\t\t\t<\/div>\n\t\t<\/section>\n\t\t\t\t<section class=\"elementor-section elementor-top-section elementor-element elementor-element-28a7a75 elementor-section-boxed elementor-section-height-default elementor-section-height-default\" data-id=\"28a7a75\" data-element_type=\"section\">\n\t\t\t\t\t\t<div class=\"elementor-container elementor-column-gap-default\">\n\t\t\t\t\t\t\t<div class=\"elementor-row\">\n\t\t\t\t\t<div class=\"elementor-column elementor-col-100 elementor-top-column elementor-element elementor-element-4801eec\" data-id=\"4801eec\" data-element_type=\"column\">\n\t\t\t<div class=\"elementor-column-wrap elementor-element-populated\">\n\t\t\t\t\t\t\t<div class=\"elementor-widget-wrap\">\n\t\t\t\t\t\t<div class=\"elementor-element elementor-element-fdd97b3 elementor-widget elementor-widget-spacer\" data-id=\"fdd97b3\" data-element_type=\"widget\" data-widget_type=\"spacer.default\">\n\t\t\t\t<div class=\"elementor-widget-container\">\n\t\t\t\t\t<div class=\"elementor-spacer\">\n\t\t\t<div class=\"elementor-spacer-inner\"><\/div>\n\t\t<\/div>\n\t\t\t\t<\/div>\n\t\t\t\t<\/div>\n\t\t\t\t\t\t<\/div>\n\t\t\t\t\t<\/div>\n\t\t<\/div>\n\t\t\t\t\t\t\t\t<\/div>\n\t\t\t\t\t<\/div>\n\t\t<\/section>\n\t\t\t\t\t\t\t\t\t<\/div>\n\t\t\t<\/div>\n\t\t\t\t\t<\/div>\n\t\t","protected":false},"excerpt":{"rendered":"<p>Wir haben die Verwendung von Internet Explorer f\u00fcr das Surfen im Internet festgestellt. Leider ist dieses Programm mittlerweile veraltet und gef\u00e4hrdet das Surfen. Deshalb wird es von uns nicht unterst\u00fctzt. Um unsere Website korrekt anzuzeigen und Ihre Online-Sicherheit zu gew\u00e4hrleisten, empfehlen wir die Verwendung eines modernen Browsers, der Kompatibilit\u00e4t und hohe Sicherheitsstandards gew\u00e4hrleistet. Nachfolgend hinterlassen &hellip;<\/p>\n<p class=\"read-more\"> <a class=\"\" href=\"https:\/\/tusa-precision.ch\/de\/iexplorer\/\"> <span class=\"screen-reader-text\">iexplorer<\/span> Read More &raquo;<\/a><\/p>\n","protected":false},"author":1,"featured_media":0,"parent":0,"menu_order":2,"comment_status":"closed","ping_status":"closed","template":"","meta":{"site-sidebar-layout":"default","site-content-layout":"content-boxed-container","ast-global-header-display":"","ast-main-header-display":"disabled","ast-hfb-above-header-display":"","ast-hfb-below-header-display":"","ast-hfb-mobile-header-display":"","site-post-title":"disabled","ast-breadcrumbs-content":"disabled","ast-featured-img":"disabled","footer-sml-layout":"disabled","theme-transparent-header-meta":"default","adv-header-id-meta":"","stick-header-meta":"","header-above-stick-meta":"","header-main-stick-meta":"","header-below-stick-meta":""},"_links":{"self":[{"href":"https:\/\/tusa-precision.ch\/de\/wp-json\/wp\/v2\/pages\/8898"}],"collection":[{"href":"https:\/\/tusa-precision.ch\/de\/wp-json\/wp\/v2\/pages"}],"about":[{"href":"https:\/\/tusa-precision.ch\/de\/wp-json\/wp\/v2\/types\/page"}],"author":[{"embeddable":true,"href":"https:\/\/tusa-precision.ch\/de\/wp-json\/wp\/v2\/users\/1"}],"replies":[{"embeddable":true,"href":"https:\/\/tusa-precision.ch\/de\/wp-json\/wp\/v2\/comments?post=8898"}],"version-history":[{"count":0,"href":"https:\/\/tusa-precision.ch\/de\/wp-json\/wp\/v2\/pages\/8898\/revisions"}],"wp:attachment":[{"href":"https:\/\/tusa-precision.ch\/de\/wp-json\/wp\/v2\/media?parent=8898"}],"curies":[{"name":"wp","href":"https:\/\/api.w.org\/{rel}","templated":true}]}}