{"id":9684,"date":"2020-07-17T09:05:48","date_gmt":"2020-07-17T07:05:48","guid":{"rendered":"https:\/\/tusa-precision.ch\/general-sale-conditions\/"},"modified":"2022-06-06T11:23:16","modified_gmt":"2022-06-06T09:23:16","slug":"general-sale-conditions","status":"publish","type":"page","link":"https:\/\/tusa-precision.ch\/de\/general-sale-conditions\/","title":{"rendered":"Allgemeine Verkaufsbedingungen"},"content":{"rendered":"\t\t<div data-elementor-type=\"wp-page\" data-elementor-id=\"9684\" class=\"elementor elementor-9684 elementor-9668\">\n\t\t\t\t\t\t<div class=\"elementor-inner\">\n\t\t\t\t<div class=\"elementor-section-wrap\">\n\t\t\t\t\t\t\t\t\t<section class=\"elementor-section elementor-top-section elementor-element elementor-element-71d6add elementor-section-boxed elementor-section-height-default elementor-section-height-default\" data-id=\"71d6add\" data-element_type=\"section\">\n\t\t\t\t\t\t<div class=\"elementor-container elementor-column-gap-default\">\n\t\t\t\t\t\t\t<div class=\"elementor-row\">\n\t\t\t\t\t<div class=\"elementor-column elementor-col-100 elementor-top-column elementor-element elementor-element-00f54da\" data-id=\"00f54da\" data-element_type=\"column\">\n\t\t\t<div class=\"elementor-column-wrap elementor-element-populated\">\n\t\t\t\t\t\t\t<div class=\"elementor-widget-wrap\">\n\t\t\t\t\t\t<div class=\"elementor-element elementor-element-becaa6f elementor-widget elementor-widget-spacer\" data-id=\"becaa6f\" data-element_type=\"widget\" data-widget_type=\"spacer.default\">\n\t\t\t\t<div class=\"elementor-widget-container\">\n\t\t\t\t\t<div class=\"elementor-spacer\">\n\t\t\t<div class=\"elementor-spacer-inner\"><\/div>\n\t\t<\/div>\n\t\t\t\t<\/div>\n\t\t\t\t<\/div>\n\t\t\t\t<div class=\"elementor-element elementor-element-b7da3b8 elementor-widget elementor-widget-text-editor\" data-id=\"b7da3b8\" data-element_type=\"widget\" data-widget_type=\"text-editor.default\">\n\t\t\t\t<div class=\"elementor-widget-container\">\n\t\t\t\t\t\t\t\t<div class=\"elementor-text-editor elementor-clearfix\">\n\t\t\t\t<h3><b>Allgemeine Verkaufsbedingungen f\u00fcr unsere Zerspanungswerkzeuge<\/b><\/h3>\n<p><b>1. G\u00fcltigkeit<\/b><br>\nF\u00fcr alle bei Tusa Precision Tools SA eingehenden Bestellungen gelten ausschlie\u00dflich die nachfolgenden Bedingungen.<br>\nAusnahmen oder \u00c4nderungen der Allgemeinen Verkaufsbedingungen, insbesondere von Kunden gew\u00fcnschten Sonderbedingungen, sind nur g\u00fcltig, wenn sie schriftlich vereinbart wurden.<br>\nDiese Verkaufsbedingungen aller von Tusa Precision Tools angenommenen Bestellungen sind f\u00fcr beide Parteien bindend.<\/p>\n<p><b>2. Preise<\/b><br>\nOhne schriftliche Vereinbarung verstehen sich alle Preise ohne Verpackung, ohne Mehrwertsteuer, ohne Versandkosten und ohne Zollabfertigung; jede Lieferung erfolgt ab Werk (ex works gem\u00e4\u00df Incoterms 2020)<\/p>\n<p><b>3. Lieferbedingungen<\/b><br>\nOhne schriftliche Vereinbarung gilt die von Tusa Precision Tools SA mitgeteilte Lieferfrist.<br>\nEine Versp\u00e4tung bei der Lieferung gibt kein Anrecht auf Stornierung der Bestellung oder Schadenersatz.<\/p>\n<p><b>4. Trasport<\/b><br>\nFrei ab Werk, ohne Verpackung.<\/p>\n<p><b>5. Mengentoleranz<\/b><br>\nF\u00fcr die Fertigung von Sonderwerkzeugen kann die Liefermenge wie folgt unterschiedlich sein:<br>\n\u2022 +\/- 2St. f\u00fcr Bestellungen bis 20 St\u00fcck.<br>\n\u2022 +\/- 3St. f\u00fcr Bestellungen von 21 bis 39 St\u00fcck.<br>\n\u2022 bis zu 10% bei Bestellungen \u00fcber 40 St\u00fcck.<br>\nDie Rechnung basiert auf der tats\u00e4chlich gelieferten St\u00fcckzahl und auf dem bei der Bestellung festgelegten St\u00fcckpreis.<\/p>\n<p><b>6. Reklamationen<\/b><br>\nReklamationen m\u00fcssen innerhalb von 8 Tagen nach Lieferung der Ware schriftlich erfolgen.<br>\nDefekte Werkzeuge werden nach Wahl des Herstellers ersetzt oder gutgeschrieben.<br>\nJede vertragliche und au\u00dfervertragliche Verantwortung von Tusa Precision Tools SA ist ausgeschlossen.<\/p>\n<p><b>7. Zahlung<\/b><br>\nSofern nicht anders vereinbart, 30 Tage netto nach Rechnungsdatum.<\/p>\n<p><b>8. Gewerbliches und geistiges Eigentum<\/b><br>\nTusa Precision Tools SA ist der ausschlie\u00dfliche Besitzer seiner Werkzeuge und deren verbundenen Projekte und Designs.<br>\nDie Zahlung des Verkaufspreises impliziert nicht die \u00dcbertragung von gewerblichem und geistigem Eigentum an den K\u00e4ufer.<\/p>\n<p><b>9. \u00c4nderungen<\/b><br>\nSonderwerkzeuge werden nach der letzten zur Verf\u00fcgung gestellten Zeichnung gefertigt.<br>\n\u00c4nderungen sind rechtzeitig schriftlich mitzuteilen.<br>\nDie gew\u00fcnschten \u00c4nderungen k\u00f6nnen mit zus\u00e4tzlichen Kosten verbunden sein.<\/p>\n<p><b>10. Anwendbares Recht<\/b><br>\nEs gilt ausschlie\u00dflich das schweizerische Obligationsrecht.<br>\nGerichtsstand ist ausschlie\u00dflich der von Tusa Precision Tools SA, welcher sich in Lugano befindet.<\/p>\n<p>TUSA PRECISION TOOLS SA<br>\n<span style=\"font-size: 15px;\"><i>Zaghini Marco<br>\nGeneral Manager<\/i><\/span><\/p>\t\t\t\t\t<\/div>\n\t\t\t\t\t\t<\/div>\n\t\t\t\t<\/div>\n\t\t\t\t\t\t<\/div>\n\t\t\t\t\t<\/div>\n\t\t<\/div>\n\t\t\t\t\t\t\t\t<\/div>\n\t\t\t\t\t<\/div>\n\t\t<\/section>\n\t\t\t\t\t\t\t\t\t<\/div>\n\t\t\t<\/div>\n\t\t\t\t\t<\/div>\n\t\t","protected":false},"excerpt":{"rendered":"<p>Allgemeine Verkaufsbedingungen f\u00fcr unsere Zerspanungswerkzeuge 1. G\u00fcltigkeit F\u00fcr alle bei Tusa Precision Tools SA eingehenden Bestellungen gelten ausschlie\u00dflich die nachfolgenden Bedingungen. Ausnahmen oder \u00c4nderungen der Allgemeinen Verkaufsbedingungen, insbesondere von Kunden gew\u00fcnschten Sonderbedingungen, sind nur g\u00fcltig, wenn sie schriftlich vereinbart wurden. Diese Verkaufsbedingungen aller von Tusa Precision Tools angenommenen Bestellungen sind f\u00fcr beide Parteien bindend. 2. &hellip;<\/p>\n<p class=\"read-more\"> <a class=\"\" href=\"https:\/\/tusa-precision.ch\/de\/general-sale-conditions\/\"> <span class=\"screen-reader-text\">Allgemeine Verkaufsbedingungen<\/span> Read More &raquo;<\/a><\/p>\n","protected":false},"author":1,"featured_media":0,"parent":0,"menu_order":2,"comment_status":"closed","ping_status":"closed","template":"","meta":{"site-sidebar-layout":"no-sidebar","site-content-layout":"page-builder","ast-global-header-display":"","ast-main-header-display":"","ast-hfb-above-header-display":"","ast-hfb-below-header-display":"","ast-hfb-mobile-header-display":"","site-post-title":"disabled","ast-breadcrumbs-content":"","ast-featured-img":"disabled","footer-sml-layout":"","theme-transparent-header-meta":"default","adv-header-id-meta":"","stick-header-meta":"","header-above-stick-meta":"","header-main-stick-meta":"","header-below-stick-meta":""},"_links":{"self":[{"href":"https:\/\/tusa-precision.ch\/de\/wp-json\/wp\/v2\/pages\/9684"}],"collection":[{"href":"https:\/\/tusa-precision.ch\/de\/wp-json\/wp\/v2\/pages"}],"about":[{"href":"https:\/\/tusa-precision.ch\/de\/wp-json\/wp\/v2\/types\/page"}],"author":[{"embeddable":true,"href":"https:\/\/tusa-precision.ch\/de\/wp-json\/wp\/v2\/users\/1"}],"replies":[{"embeddable":true,"href":"https:\/\/tusa-precision.ch\/de\/wp-json\/wp\/v2\/comments?post=9684"}],"version-history":[{"count":0,"href":"https:\/\/tusa-precision.ch\/de\/wp-json\/wp\/v2\/pages\/9684\/revisions"}],"wp:attachment":[{"href":"https:\/\/tusa-precision.ch\/de\/wp-json\/wp\/v2\/media?parent=9684"}],"curies":[{"name":"wp","href":"https:\/\/api.w.org\/{rel}","templated":true}]}}