{"id":13490,"date":"2021-04-19T16:33:17","date_gmt":"2021-04-19T14:33:17","guid":{"rendered":"https:\/\/tusa-precision.ch\/outil-ennuyeux\/"},"modified":"2021-05-20T09:50:35","modified_gmt":"2021-05-20T07:50:35","slug":"outil-ennuyeux","status":"publish","type":"page","link":"https:\/\/tusa-precision.ch\/fr\/outil-ennuyeux\/","title":{"rendered":"Outil ennuyeux"},"content":{"rendered":"\t\t<div data-elementor-type=\"wp-page\" data-elementor-id=\"13490\" class=\"elementor elementor-13490 elementor-11087\">\n\t\t\t\t\t\t<div class=\"elementor-inner\">\n\t\t\t\t<div class=\"elementor-section-wrap\">\n\t\t\t\t\t\t\t\t\t<section class=\"elementor-section elementor-top-section elementor-element elementor-element-94d2895 elementor-section-boxed elementor-section-height-default elementor-section-height-default\" data-id=\"94d2895\" data-element_type=\"section\">\n\t\t\t\t\t\t<div class=\"elementor-container elementor-column-gap-default\">\n\t\t\t\t\t\t\t<div class=\"elementor-row\">\n\t\t\t\t\t<div class=\"elementor-column elementor-col-100 elementor-top-column elementor-element elementor-element-7c7683e2\" data-id=\"7c7683e2\" data-element_type=\"column\">\n\t\t\t<div class=\"elementor-column-wrap elementor-element-populated\">\n\t\t\t\t\t\t\t<div class=\"elementor-widget-wrap\">\n\t\t\t\t\t\t<div class=\"elementor-element elementor-element-1bc80b17 elementor-widget elementor-widget-accordion\" data-id=\"1bc80b17\" data-element_type=\"widget\" data-widget_type=\"accordion.default\">\n\t\t\t\t<div class=\"elementor-widget-container\">\n\t\t\t\t\t<div class=\"elementor-accordion\" role=\"tablist\">\n\t\t\t\t\t\t\t<div class=\"elementor-accordion-item\">\n\t\t\t\t\t<div id=\"elementor-tab-title-4661\" class=\"elementor-tab-title\" data-tab=\"1\" role=\"tab\" aria-controls=\"elementor-tab-content-4661\" aria-expanded=\"false\">\n\t\t\t\t\t\t\t\t\t\t\t\t\t<span class=\"elementor-accordion-icon elementor-accordion-icon-left\" aria-hidden=\"true\">\n\t\t\t\t\t\t\t\t\t\t\t\t\t\t\t<span class=\"elementor-accordion-icon-closed\"><i class=\"fas fa-plus\"><\/i><\/span>\n\t\t\t\t\t\t\t\t<span class=\"elementor-accordion-icon-opened\"><i class=\"fas fa-minus\"><\/i><\/span>\n\t\t\t\t\t\t\t\t\t\t\t\t\t\t<\/span>\n\t\t\t\t\t\t\t\t\t\t\t\t<a class=\"elementor-accordion-title\" href=\"\">L\u00e9gende mat\u00e9riaux<\/a>\n\t\t\t\t\t<\/div>\n\t\t\t\t\t<div id=\"elementor-tab-content-4661\" class=\"elementor-tab-content elementor-clearfix\" data-tab=\"1\" role=\"tabpanel\" aria-labelledby=\"elementor-tab-title-4661\"><table style=\"width: 100%; border-collapse: collapse;\">\n<thead>\n<tr style=\"height: 54px;\">\n<td style=\"width: 5%; text-align: center; height: 54px;\"><strong>La morue.<\/strong><\/td>\n<td style=\"width: 22.5%; text-align: center; height: 54px;\"><strong>Type de materiau<\/strong><\/td>\n<td style=\"width: 2.5%; text-align: center; height: 54px;\"><strong>La morue.<\/strong><\/td>\n<td style=\"width: 22.5%; text-align: center; height: 54px;\"><strong>Type de materiau<\/strong><\/td>\n<\/tr>\n<tr>\n<td style=\"width: 5%; text-align: center;\"><img loading=\"lazy\" src=\"https:\/\/tusa-precision.ch\/web\/wp-content\/uploads\/2019\/07\/m-P01.png\" alt=\"\" width=\"40\" height=\"40\"><\/td>\n<td style=\"width: 22.5%; text-align: center;\" width=\"346\">Aciers non alli\u00e9s jusqu&#8217;\u00e0 800 N \/ mm2<\/td>\n<td style=\"width: 2.5%; text-align: center;\"><img loading=\"lazy\" src=\"https:\/\/tusa-precision.ch\/web\/wp-content\/uploads\/2019\/07\/m-N01.png\" alt=\"\" width=\"40\" height=\"40\"><\/td>\n<td style=\"width: 22.5%; text-align: center;\" width=\"346\">Alliages d&#8217;aluminium \u00e9tir\u00e9s<\/td>\n<\/tr>\n<tr>\n<td style=\"width: 5%; text-align: center;\"><img loading=\"lazy\" src=\"https:\/\/tusa-precision.ch\/web\/wp-content\/uploads\/2019\/07\/m-P02.png\" alt=\"\" width=\"40\" height=\"40\"><\/td>\n<td style=\"width: 22.5%; text-align: center;\" width=\"346\">Aciers faiblement alli\u00e9s de 800 N \/ mm2 \u00e0 1100 N \/ mm2<\/td>\n<td style=\"width: 2.5%; text-align: center;\"><img loading=\"lazy\" src=\"https:\/\/tusa-precision.ch\/web\/wp-content\/uploads\/2019\/07\/m-N02.png\" alt=\"\" width=\"40\" height=\"40\"><\/td>\n<td style=\"width: 22.5%; text-align: center;\" width=\"346\">Alliages d&#8217;aluminium moul\u00e9s sous pression<\/td>\n<\/tr>\n<tr>\n<td style=\"width: 5%; text-align: center;\"><img loading=\"lazy\" src=\"https:\/\/tusa-precision.ch\/web\/wp-content\/uploads\/2019\/07\/m-P03.png\" alt=\"\" width=\"40\" height=\"40\"><\/td>\n<td style=\"width: 22.5%; text-align: center;\" width=\"346\">Aciers fortement alli\u00e9s de 1100 N \/ mm2 \u00e0 1400 N \/ mm2<\/td>\n<td style=\"width: 2.5%; text-align: center;\"><img loading=\"lazy\" src=\"https:\/\/tusa-precision.ch\/web\/wp-content\/uploads\/2019\/07\/m-N03.png\" alt=\"\" width=\"40\" height=\"40\"><\/td>\n<td style=\"width: 22.5%; text-align: center;\" width=\"346\">Cuivre<\/td>\n<\/tr>\n<tr>\n<td style=\"width: 5%; text-align: center;\"><img loading=\"lazy\" src=\"https:\/\/tusa-precision.ch\/web\/wp-content\/uploads\/2019\/07\/m-M01.png\" alt=\"\" width=\"40\" height=\"40\"><\/td>\n<td style=\"width: 22.5%; text-align: center;\" width=\"82\">Aciers inoxydables ferritiques<\/td>\n<td style=\"width: 2.5%; text-align: center;\"><img loading=\"lazy\" src=\"https:\/\/tusa-precision.ch\/web\/wp-content\/uploads\/2019\/07\/m-N04.png\" alt=\"\" width=\"40\" height=\"40\"><\/td>\n<td style=\"width: 22.5%; text-align: center;\" width=\"346\">Laiton &#8211; Bronze<\/td>\n<\/tr>\n<tr>\n<td style=\"width: 5%; text-align: center;\"><img loading=\"lazy\" src=\"https:\/\/tusa-precision.ch\/web\/wp-content\/uploads\/2019\/07\/m-M02.png\" alt=\"\" width=\"40\" height=\"40\"><\/td>\n<td style=\"width: 22.5%; text-align: center;\" width=\"346\">Aciers inoxydables martensitiques<\/td>\n<td style=\"width: 2.5%; text-align: center;\"><img loading=\"lazy\" src=\"https:\/\/tusa-precision.ch\/web\/wp-content\/uploads\/2019\/07\/m-N05.png\" alt=\"\" width=\"40\" height=\"40\"><\/td>\n<td style=\"width: 22.5%; text-align: center;\" width=\"346\">Laiton sans plomb<\/td>\n<\/tr>\n<tr>\n<td style=\"width: 5%; text-align: center;\"><img loading=\"lazy\" src=\"https:\/\/tusa-precision.ch\/web\/wp-content\/uploads\/2019\/07\/m-M03.png\" alt=\"\" width=\"40\" height=\"40\"><\/td>\n<td style=\"width: 22.5%; text-align: center;\" width=\"82\">Aciers inoxydables martensitiques &#8211; PH<\/td>\n<td style=\"width: 2.5%; text-align: center;\"><img loading=\"lazy\" src=\"https:\/\/tusa-precision.ch\/web\/wp-content\/uploads\/2019\/07\/m-S01.png\" alt=\"\" width=\"40\" height=\"40\"><\/td>\n<td style=\"width: 22.5%; text-align: center;\" width=\"83\">Super alliages (Inconel &#8211; Hastelloy &#8211; Nimonic)<\/td>\n<\/tr>\n<tr>\n<td style=\"width: 5%; text-align: center;\"><img loading=\"lazy\" src=\"https:\/\/tusa-precision.ch\/web\/wp-content\/uploads\/2019\/07\/m-M04.png\" alt=\"\" width=\"40\" height=\"40\"><\/td>\n<td style=\"width: 22.5%; text-align: center;\" width=\"346\">Aciers inoxydables aust\u00e9nitiques<\/td>\n<td style=\"width: 2.5%; text-align: center;\"><img loading=\"lazy\" src=\"https:\/\/tusa-precision.ch\/web\/wp-content\/uploads\/2019\/07\/m-S02.png\" alt=\"\" width=\"40\" height=\"40\"><\/td>\n<td style=\"width: 22.5%; text-align: center;\" width=\"346\">Titane pur (Grade 2 &#8211; Grade 4)<\/td>\n<\/tr>\n<tr>\n<td style=\"width: 5%; text-align: center;\"><img loading=\"lazy\" src=\"https:\/\/tusa-precision.ch\/web\/wp-content\/uploads\/2019\/07\/m-K01.png\" alt=\"\" width=\"40\" height=\"40\"><\/td>\n<td style=\"width: 22.5%; text-align: center;\" width=\"82\">Fonte grise \/ lamellaire<\/td>\n<td style=\"width: 2.5%; text-align: center;\"><img loading=\"lazy\" src=\"https:\/\/tusa-precision.ch\/web\/wp-content\/uploads\/2019\/07\/m-S03.png\" alt=\"\" width=\"40\" height=\"40\"><\/td>\n<td style=\"width: 22.5%; text-align: center;\" width=\"346\">Alliages de titane (grade 5)<\/td>\n<\/tr>\n<tr>\n<td style=\"width: 5%; text-align: center;\"><img loading=\"lazy\" src=\"https:\/\/tusa-precision.ch\/web\/wp-content\/uploads\/2019\/07\/m-K02.png\" alt=\"\" width=\"40\" height=\"40\"><\/td>\n<td style=\"width: 22.5%; text-align: center;\" width=\"82\">Fonte nodulaire \/ nodulaire<\/td>\n<td style=\"width: 2.5%; text-align: center;\"><img loading=\"lazy\" src=\"https:\/\/tusa-precision.ch\/web\/wp-content\/uploads\/2019\/07\/m-S04.png\" alt=\"\" width=\"40\" height=\"40\"><\/td>\n<td style=\"width: 22.5%; text-align: center;\" width=\"346\">Alliages de chrome cobalt<\/td>\n<\/tr>\n<tr>\n<td style=\"width: 5%; text-align: center;\"><img loading=\"lazy\" src=\"https:\/\/tusa-precision.ch\/web\/wp-content\/uploads\/2019\/07\/m-H01.png\" alt=\"\" width=\"40\" height=\"40\"><\/td>\n<td style=\"width: 22.5%; text-align: center;\" width=\"346\">Aciers tremp\u00e9s jusqu&#8217;\u00e0 55 HRC<\/td>\n<td style=\"width: 2.5%; text-align: center;\"><img loading=\"lazy\" src=\"https:\/\/tusa-precision.ch\/web\/wp-content\/uploads\/2019\/07\/m-H02.png\" alt=\"\" width=\"40\" height=\"40\"><\/td>\n<td style=\"width: 22.5%; text-align: center;\" width=\"346\">Aciers tremp\u00e9s \u00e0 partir de 55 HRC<\/td>\n<\/tr>\n<\/thead>\n<\/table>\n<\/div>\n\t\t\t\t<\/div>\n\t\t\t\t\t\t\t\t<\/div>\n\t\t\t\t<\/div>\n\t\t\t\t<\/div>\n\t\t\t\t\t\t<\/div>\n\t\t\t\t\t<\/div>\n\t\t<\/div>\n\t\t\t\t\t\t\t\t<\/div>\n\t\t\t\t\t<\/div>\n\t\t<\/section>\n\t\t\t\t<section class=\"elementor-section elementor-top-section elementor-element elementor-element-24c349c6 elementor-section-boxed elementor-section-height-default elementor-section-height-default\" data-id=\"24c349c6\" data-element_type=\"section\">\n\t\t\t\t\t\t<div class=\"elementor-container elementor-column-gap-default\">\n\t\t\t\t\t\t\t<div class=\"elementor-row\">\n\t\t\t\t\t<div class=\"elementor-column elementor-col-100 elementor-top-column elementor-element elementor-element-660e3a60\" data-id=\"660e3a60\" data-element_type=\"column\">\n\t\t\t<div class=\"elementor-column-wrap elementor-element-populated\">\n\t\t\t\t\t\t\t<div class=\"elementor-widget-wrap\">\n\t\t\t\t\t\t<div class=\"elementor-element elementor-element-1d3ee429 elementor-widget elementor-widget-text-editor\" data-id=\"1d3ee429\" data-element_type=\"widget\" data-widget_type=\"text-editor.default\">\n\t\t\t\t<div class=\"elementor-widget-container\">\n\t\t\t\t\t\t\t\t<div class=\"elementor-text-editor elementor-clearfix\">\n\t\t\t\t\t<script type='text\/javascript'>\n\n\t\tif ( 'undefined' === typeof lscfShortcodeData ) {\n\t\t\tvar lscfShortcodeData = [];\n\t\t}\n\n\t\t\/\/ split wp-content string to avoid the url to be rewriten by some CDN providers\n\t\tlscfShortcodeData.push({\n\t\t\t'ID':'pcqrcbgsxejamjs_2',\n\t\t\t'wpml': '1',\n\t\t\t'lang': 'fr',\n\t\t\t'postType':'product',\n\t\t\t'post_per_page':'10',\n\t\t\t'plugin_url':'https:\/\/tusa-precision.ch\/web\/wp-content\/plugins\/live-search-and-custom-fields\/',\n\t\t\t'site_url':'https:\/\/tusa-precision.ch\/web',\n\t\t\t'ajax_url':'https:\/\/tusa-precision.ch\/web\/wp-admin\/admin-ajax.php',\n\t\t\t'rest_api_uri': 'https:\/\/tusa-precision.ch\/fr\/wp-json\/',\n\t\t\t'options':{\"writing\":{\"load_more\":\"Load more\",\"view\":\"View\",\"any\":\"Any\",\"select\":\"S\\u00e9lectionner\",\"filter\":\"Filter\",\"add_to_cart\":\"Add to Cart\",\"see_more\":\"See More\",\"see_less\":\"See Less\",\"no_results\":\"Aucun r\\u00e9sultat\",\"sort_by\":\"Sort By\",\"sort_asc\":\"\",\"sort_desc\":\"\",\"date\":\"Date\",\"title\":\"Title\",\"close\":\"Close Filter\",\"search\":\"Search\",\"price\":\"Price\",\"grid\":\"Grid\",\"reset_filters\":\"Reset Filters\",\"range_field_from\":\"From\",\"range_field_to\":\"To\"},\"reset_button\":{\"status\":0,\"name\":\"Reset\",\"position\":\"top\"},\"grid_view\":0,\"see_more\":\"See More\",\"filter_type\":\"woocommerce\",\"run_shortcodes\":0,\"disable_empty_option_on_filtering\":0,\"infinite_scrolling\":0,\"checkboxes_conditional_logic\":\"or\",\"lscf_custom_fields_order_as\":\"number\",\"order_by\":{\"items\":[]},\"default_order_by\":{\"key\":\"default_order_by\",\"value\":\"post_title\",\"order_as\":\"asc\"},\"url_history\":0,\"instant_search\":0,\"general_search_by\":{\"items\":[{\"id\":\"post_title\",\"name\":\"Post Title\"}]},\"general_search_conditional_logic\":\"and\",\"general_search_algorithm\":\"algorithm-1\",\"keywords_conditional_logic\":\"and\",\"range_filtering_type\":\"lscf_number\",\"pagination_type\":\"load-more\",\"hide_see_more_on_checkboxes_list\":0,\"woo_price_format\":0,\"woo_instock\":0},\n\t\t\t'settings':{\"main-color\":\"#019505\",\"posts-per-page\":10,\"reset_button\":{\"position\":\"top\",\"name\":\"Reset\"},\"theme\":{\"display\":\"custom-theme\",\"columns\":4,\"viewchanger\":{\"list\":1},\"link_type\":\"0\",\"sidebar\":{\"position\":\"top\"},\"custom_template\":{\"url\":\"https:\\\/\\\/tusa-precision.ch\\\/web\\\/wp-content\\\/themes\\\/astra-child\\\/lscf-templates\\\/lscf-tusa-template.html\",\"name\":\"tusa template\",\"slug\":\"tusa-template\"},\"posts_display_from\":{\"post_taxonomies\":{\"product_cat\":{\"ID\":\"product_cat\",\"group_type\":\"taxonomies\",\"tax\":{\"terms\":[{\"data\":{\"name\":\"MS402\",\"value\":164}}]}},\"active_terms\":[\"164-product_cat\"]}}},\"main-color-rgb\":\"1, 149, 5\",\"is_administrator\":0,\"redirect_page\":\"\"}\t\t});\n\n\t\tdocument.getElementsByTagName(\"body\")[0].setAttribute(\"ng-app\", \"lscf-app\");\n\n\t<\/script>\n\n\t\n<div id=\"lscf-filter-wrapper-pcqrcbgsxejamjs_2\"\n\tclass=\"px-capf-wrapper row  lscf-theme-custom-theme\" >\n\n\n\t\t\t<div\n\t\t\tclass=\"col-sm-12 col-md-12 col-lg-12 lscf-container pxfilter-list-only\"\n\t\t\tdata-index=\"0\"\n\t\t\tng-controller=\"pxfilterController\" >\n\n\t\t\t\n\t\t\t<div\n\t\t\t\tclass=\"row\"\n\t\t\t\tid=\"lscf-posts-wrapper\"\n\t\t\t\tng-if=\"pluginSettings.existsPosts\"\n\t\t\t\tng-class=\"{'lscf-administrator' : pluginSettings.filterSettings.is_administrator == 1 }\">\n\n\t\t\t\t<div\n\t\t\t\t\tng-if=\"pluginSettings.filterSettings.theme.sidebar.position == 'left' || pluginSettings.filterSettings.theme.sidebar.position == 'top' \"\n\t\t\t\t\tclass=\"{{ 'col-xs-12 ' +pluginSettings.className.sidebar+' px-filter-fields' }}\"\n\t\t\t\t\tng-include=\"pluginSettings.pluginPath + 'app\/views\/filterFields.html'\">\n\t\t\t\t<\/div>\n\n\n\t\t\t\t<div class=\"{{ 'col-xs-12 ' + pluginSettings.className.posts_theme + 'lscf-posts' }} \">\n\n\t\t\t\t\t<div\n\t\t\t\t\t\tclass=\"px-posts-overlay-loading px-hide\"\n\t\t\t\t\t\tng-class=\"{'ang_ready' : loadMoreBtn.ready}\"\n\t\t\t\t\t\tng-if=\"loadMoreBtn.postsLoading\" >\n\n\t\t\t\t\t\t<img src=\"https:\/\/tusa-precision.ch\/web\/wp-content\/plugins\/live-search-and-custom-fields\/assets\/images\/loading_light.gif\">\n\t\t\t\t\t<\/div>\n\n\t\t\t\t\t<div\n\t\t\t\t\t\tclass=\"lscf-no-results-error px-hide\"\n\t\t\t\t\t\tng-class=\"{'ang_ready' : loadMoreBtn.ready}\"\n\t\t\t\t\t\tng-if=\"loadMoreBtn.noResults\">\n\t\t\t\t\t\t\t{{pluginSettings.generalSettings.writing.no_results}}\n\t\t\t\t\t<\/div>\n\n\t\t\t\t\t<div\n\t\t\t\t\t\tng-switch=\"pluginSettings.filterSettings.theme.display\"\n\t\t\t\t\t\tng-class=\" {'lscf-template-orderby-right-margin': 'woocommerce-grid-2' == pluginSettings.filterSettings.theme.display}\" >\n\n\t\t\t\t\t\t<div class=\"lscf-row-utils\">\n\t\t\t\t\t\t\t<div class=\"lscf-order-by\" sort-by><\/div>\n\n\t\t\t\t\t\t\t<div class=\"viewModeBlock\">\n\t\t\t\t\t\t\t\t<div class=\"viewMode\">\n\t\t\t\t\t\t\t\t\t<div id=\"blockView\" class=\"glyphicon glyphicon-th\"><\/div>\n\t\t\t\t\t\t\t\t\t<div id=\"listView\" class=\"active glyphicon glyphicon-th-list\"><\/div>\n\t\t\t\t\t\t\t\t<\/div>\n\t\t\t\t\t\t\t<\/div>\n\t\t\t\t\t\t<\/div>\n\n\t\t\t\t\t\t<div ng-switch-when=\"default\">\n\t\t\t\t\t\t\t<div id=\"lscf-posts-container-defaultTheme\" class=\"view lscf-posts-block lscf-grid-view\" viewmode-default><\/div>\n\n\t\t\t\t\t\t<\/div>\n\n\t\t\t\t\t\t<div ng-switch-when=\"accordion\" class=\"view lscf-posts-accordion lscf-posts-wrapper\">\n\t\t\t\t\t\t\t<div viewmode-accordion><\/div>\n\t\t\t\t\t\t<\/div>\n\n\t\t\t\t\t\t<div ng-switch-when=\"portrait\" class=\"view lscf-posts-portrait lscf-posts-wrapper lscf-grid-view\">\n\t\t\t\t\t\t\t<div viewmode-portrait><\/div>\n\t\t\t\t\t\t<\/div>\n\n\t\t\t\t\t\t<div ng-switch-when=\"basic-grid\" class=\"view lscf-posts-basic-grid lscf-posts-wrapper lscf-grid-view\">\n\t\t\t\t\t\t\t<div viewmode-basic-grid><\/div>\n\t\t\t\t\t\t<\/div>\n\n\t\t\t\t\t\t<div ng-switch-when=\"masonry-grid\" class=\"view lscf-posts-basic-grid lscf-posts-wrapper lscf-grid-view\">\n\t\t\t\t\t\t\t<div viewmode-masonry-grid><\/div>\n\t\t\t\t\t\t<\/div>\n\n\t\t\t\t\t\t<div ng-switch-when=\"woocommerce-grid\" class=\"view lscf-posts-basic-grid lscf-posts-wrapper lscf-grid-view\">\n\t\t\t\t\t\t\t<div viewmode-woocommerce><\/div>\n\t\t\t\t\t\t<\/div>\n\n\t\t\t\t\t\t<div ng-switch-when=\"woocommerce-grid-2\" class=\"lscf-posts-basic-grid lscf-posts-wrapper lscf-grid-view\">\n\t\t\t\t\t\t\t<div viewmode-woocommerce-grid><\/div>\n\t\t\t\t\t\t<\/div>\n\n\t\t\t\t\t\t<div ng-switch-when=\"custom-theme\" class=\"lscf-posts-wrapper lscf-custom-template-wrapper lscf-grid-view\">\n\t\t\t\t\t\t\t<div viewmode-custom ><\/div>\n\t\t\t\t\t\t<\/div>\n\n\t\t\t\t\t<\/div>\n\t\t\t\t\t<div class=\"clear\"><\/div>\n\n\t\t\t\t\t<div\n\t\t\t\t\t\tng-if=\" 'dynamic' === pluginSettings.generalSettings.pagination_type\"\n\t\t\t\t\t\tng-class=\"{'lscf-pagination-ready' : true === dynamicPaginationReady}\"\n\t\t\t\t\t\tpagination-dynamic>\n\t\t\t\t\t\t<div class=\"lscf-dynamic-pagination-container\">\n\t\t\t\t\t\t\t<span\n\t\t\t\t\t\t\t\tng-click=\"prevPage()\"\n\t\t\t\t\t\t\t\tclass=\"lscf-dynamic-pag-prev\"><\/span>\n\t\t\t\t\t\t\t<span class=\"lscf-dynamic-pag-main\">\n\t\t\t\t\t\t\t\t<input\n\t\t\t\t\t\t\t\t\tng-blur=\"onInputBlur()\"\n\t\t\t\t\t\t\t\t\tng-model=\"activepage\"\n\t\t\t\t\t\t\t\t\ttype=\"number\"\/>  of {{actionSettings.pagesCount}}\n\t\t\t\t\t\t\t<\/span>\n\t\t\t\t\t\t\t<span\n\t\t\t\t\t\t\t\tng-click=\"nextPage()\"\n\t\t\t\t\t\t\t\tclass=\"lscf-dynamic-pag-next\"><\/span>\n\t\t\t\t\t\t<\/div>\n\t\t\t\t\t\t<div class=\"clear\"><\/div>\n\t\t\t\t\t<\/div>\n\n\t\t\t\t\t<div\n\t\t\t\t\t\tng-if=\" 'load-more' === pluginSettings.generalSettings.pagination_type &#038;&#038; loadMoreBtn.morePostsAvailable\"\n\t\t\t\t\t\tclass=\"capf_loading px-hide\"\n\t\t\t\t\t\tng-class=\"{'ang_ready' : loadMoreBtn.ready}\">\n\t\t\t\t\t\t\t<img ng-if=\"loadMoreBtn.loading\" src=\"https:\/\/tusa-precision.ch\/web\/wp-content\/plugins\/live-search-and-custom-fields\/assets\/images\/loading_light.gif\">\n\t\t\t\t\t\t\t<br\/>\n\n\t\t\t\t\t\t\t<label\n\t\t\t\t\t\t\t\tclass=\"loadMore\"\n\t\t\t\t\t\t\t\tng-if=\"!loadMoreBtn.loading\"\n\t\t\t\t\t\t\t\tng-click=\"load_more()\">\n\n\t\t\t\t\t\t\t\tLoad more\t\t\t\t\t\t\t<\/label>\n\t\t\t\t\t<\/div>\n\t\t\t\t<\/div>\n\n\t\t\t\t<div\n\t\t\t\t\tng-if=\"pluginSettings.filterSettings.theme.sidebar.position == 'right' \"\n\t\t\t\t\tclass=\"{{ 'col-xs-12 ' +pluginSettings.className.sidebar+' px-filter-fields' }}\"\n\t\t\t\t\tng-include=\"pluginSettings.pluginPath + 'app\/views\/filterFields.html'\">\n\t\t\t\t<\/div>\n\n\t\t\t<\/div>\n\n\t\t<\/div>\n\n\t<\/div>\n\n\t\t\t\t\t<\/div>\n\t\t\t\t\t\t<\/div>\n\t\t\t\t<\/div>\n\t\t\t\t\t\t<\/div>\n\t\t\t\t\t<\/div>\n\t\t<\/div>\n\t\t\t\t\t\t\t\t<\/div>\n\t\t\t\t\t<\/div>\n\t\t<\/section>\n\t\t\t\t<section class=\"elementor-section elementor-top-section elementor-element elementor-element-10c5995f elementor-section-boxed elementor-section-height-default elementor-section-height-default\" data-id=\"10c5995f\" data-element_type=\"section\">\n\t\t\t\t\t\t<div class=\"elementor-container elementor-column-gap-default\">\n\t\t\t\t\t\t\t<div class=\"elementor-row\">\n\t\t\t\t\t<div class=\"elementor-column elementor-col-100 elementor-top-column elementor-element elementor-element-59a2fc3c\" data-id=\"59a2fc3c\" data-element_type=\"column\">\n\t\t\t<div class=\"elementor-column-wrap elementor-element-populated\">\n\t\t\t\t\t\t\t<div class=\"elementor-widget-wrap\">\n\t\t\t\t\t\t<div class=\"elementor-element elementor-element-3f6b05c4 elementor-widget elementor-widget-html\" data-id=\"3f6b05c4\" data-element_type=\"widget\" data-widget_type=\"html.default\">\n\t\t\t\t<div class=\"elementor-widget-container\">\n\t\t\t<script> \njQuery(document).ready(function($) { \nvar delay = 100; setTimeout(function() { \n$('.elementor-tab-title').removeClass('elementor-active');\n $('.elementor-tab-content').css('display', 'none'); }, delay); \n}); \n<\/script>\t\t<\/div>\n\t\t\t\t<\/div>\n\t\t\t\t\t\t<\/div>\n\t\t\t\t\t<\/div>\n\t\t<\/div>\n\t\t\t\t\t\t\t\t<\/div>\n\t\t\t\t\t<\/div>\n\t\t<\/section>\n\t\t\t\t\t\t\t\t\t<\/div>\n\t\t\t<\/div>\n\t\t\t\t\t<\/div>\n\t\t","protected":false},"excerpt":{"rendered":"<p>L\u00e9gende mat\u00e9riaux La morue. Type de materiau La morue. Type de materiau Aciers non alli\u00e9s jusqu&#8217;\u00e0 800 N \/ mm2 Alliages d&#8217;aluminium \u00e9tir\u00e9s Aciers faiblement alli\u00e9s de 800 N \/ mm2 \u00e0 1100 N \/ mm2 Alliages d&#8217;aluminium moul\u00e9s sous pression Aciers fortement alli\u00e9s de 1100 N \/ mm2 \u00e0 1400 N \/ mm2 Cuivre &hellip;<\/p>\n<p class=\"read-more\"> <a class=\"\" href=\"https:\/\/tusa-precision.ch\/fr\/outil-ennuyeux\/\"> <span class=\"screen-reader-text\">Outil ennuyeux<\/span> Read More &raquo;<\/a><\/p>\n","protected":false},"author":1,"featured_media":0,"parent":0,"menu_order":5,"comment_status":"closed","ping_status":"closed","template":"","meta":{"site-sidebar-layout":"no-sidebar","site-content-layout":"page-builder","ast-global-header-display":"","ast-main-header-display":"","ast-hfb-above-header-display":"","ast-hfb-below-header-display":"","ast-hfb-mobile-header-display":"","site-post-title":"disabled","ast-breadcrumbs-content":"","ast-featured-img":"disabled","footer-sml-layout":"","theme-transparent-header-meta":"default","adv-header-id-meta":"","stick-header-meta":"","header-above-stick-meta":"","header-main-stick-meta":"","header-below-stick-meta":""},"_links":{"self":[{"href":"https:\/\/tusa-precision.ch\/fr\/wp-json\/wp\/v2\/pages\/13490"}],"collection":[{"href":"https:\/\/tusa-precision.ch\/fr\/wp-json\/wp\/v2\/pages"}],"about":[{"href":"https:\/\/tusa-precision.ch\/fr\/wp-json\/wp\/v2\/types\/page"}],"author":[{"embeddable":true,"href":"https:\/\/tusa-precision.ch\/fr\/wp-json\/wp\/v2\/users\/1"}],"replies":[{"embeddable":true,"href":"https:\/\/tusa-precision.ch\/fr\/wp-json\/wp\/v2\/comments?post=13490"}],"version-history":[{"count":0,"href":"https:\/\/tusa-precision.ch\/fr\/wp-json\/wp\/v2\/pages\/13490\/revisions"}],"wp:attachment":[{"href":"https:\/\/tusa-precision.ch\/fr\/wp-json\/wp\/v2\/media?parent=13490"}],"curies":[{"name":"wp","href":"https:\/\/api.w.org\/{rel}","templated":true}]}}