{"id":20291,"date":"2022-04-29T11:46:50","date_gmt":"2022-04-29T09:46:50","guid":{"rendered":"https:\/\/tusa-precision.ch\/news\/"},"modified":"2022-07-21T11:59:23","modified_gmt":"2022-07-21T09:59:23","slug":"news","status":"publish","type":"page","link":"https:\/\/tusa-precision.ch\/fr\/news\/","title":{"rendered":"News"},"content":{"rendered":"\t\t<div data-elementor-type=\"wp-page\" data-elementor-id=\"20291\" class=\"elementor elementor-20291 elementor-20200\">\n\t\t\t\t\t\t<div class=\"elementor-inner\">\n\t\t\t\t<div class=\"elementor-section-wrap\">\n\t\t\t\t\t\t\t\t\t<section class=\"elementor-section elementor-top-section elementor-element elementor-element-c3a586a elementor-section-boxed elementor-section-height-default elementor-section-height-default\" data-id=\"c3a586a\" data-element_type=\"section\">\n\t\t\t\t\t\t<div class=\"elementor-container elementor-column-gap-default\">\n\t\t\t\t\t\t\t<div class=\"elementor-row\">\n\t\t\t\t\t<div class=\"elementor-column elementor-col-100 elementor-top-column elementor-element elementor-element-0e08388\" data-id=\"0e08388\" data-element_type=\"column\">\n\t\t\t<div class=\"elementor-column-wrap elementor-element-populated\">\n\t\t\t\t\t\t\t<div class=\"elementor-widget-wrap\">\n\t\t\t\t\t\t<div class=\"elementor-element elementor-element-7b93698 elementor-widget elementor-widget-upk-elite-grid\" data-id=\"7b93698\" data-element_type=\"widget\" data-widget_type=\"upk-elite-grid.default\">\n\t\t\t\t<div class=\"elementor-widget-container\">\n\t\t\t\t\t<div class=\"upk-elite-grid\">\n\t\t\t<div class=\"upk-post-grid upk-style-2\">\n\n\t\t\t\t\n\t\t\t\t\t\t\t<div class=\"upk-item\">\n\t\t\t<div class=\"upk-item-box\">\n\t\t\t\t<div class=\"upk-image-wrap\">\n\t\t\t\t\t<div class=\"upk-main-image\">\n\t\t\t\t\t\t\t\t<img class=\"upk-img\" src=\"https:\/\/tusa-precision.ch\/web\/wp-content\/uploads\/2024\/03\/Logo-S-1024x1024.webp\" alt=\"Foire SIAMS : TUSA en t\u00eate de l&#8217;innovation\">\r\n\t\t\t\t\t\t<\/div>\n\n\t\t\t\t\t\n\t\t\t\t\t\t\t\t\t\t\t<div class=\"upk-meta-wrap\">\n\t\t\t\t\t\t\t\t\t<div class=\"upk-elite-grid-date\">\n\t\t\t11 March 2024\t\t<\/div>\n\t\t\t\t\t\t\t\t\t\t\t\t<div class=\"upk-category\">\r\n\t\t\t<a href=\"https:\/\/tusa-precision.ch\/fr\/category\/expositions\/\">Expositions<\/a>\t\t<\/div>\r\n\t\t\t\t\t\t\t<\/div>\n\t\t\t\t\t\t\t\t\t<\/div>\n\n\t\t\t\t<div class=\"upk-content\">\n\t\t\t\t\t<div>\n\t\t\t\t\t\t<h3 class=\"upk-title\"><a href=\"https:\/\/tusa-precision.ch\/fr\/foire-siams-tusa-en-tete-de-linnovation\/\" title=\"Foire SIAMS : TUSA en t\u00eate de l&#8217;innovation\" class=\"title-animation-\" >Foire SIAMS : TUSA en t\u00eate de l&#8217;innovation<\/a><\/h3>\t\t\t\t\t\t<div class=\"upk-text-wrap\">\n\t\t\t\t\t\t\t\t\t<div class=\"upk-text\">\r\n\t\t\t<p>TUSA est heureuse d'annoncer sa participation \u00e0 la prestigieuse foire SIAMS, qui se d\u00e9roulera du 16 au 19 avril. Avec un engagement constant envers l'innovation et l'excellence dans le secteur, TUSA se positionne comme un acteur majeur de cet \u00e9v\u00e9nement important. La SIAMS, reconnue comme l'une des principales foires dans le domaine de la production d'outils, nous offre l'opportunit\u00e9 de<\/p>\n\t\t<\/div>\r\n\t\t\t\t\t\t\t\t<\/div>\n\n\t\t\t\t\t\t\t\t\t\t\t\t\t<div class=\"upk-meta-list upk-flex upk-flex-middle\">\n\t\t\t\t\t\t\t\t\t\t<div class=\"upk-category\">\r\n\t\t\t<a href=\"https:\/\/tusa-precision.ch\/fr\/category\/expositions\/\">Expositions<\/a>\t\t<\/div>\r\n\t\t\t\t\t\t\t\t\t\t\t<div class=\"upk-elite-grid-date\">\n\t\t\t11 March 2024\t\t<\/div>\n\t\t\t\t\t\t\t\t\t\t<\/div>\n\t\t\t\t\t\t\n\t\t\t\t\t<\/div>\n\t\t\t\t<\/div>\n\n\t\t\t<\/div>\n\t\t<\/div>\n\n\n\t\n\t\t\t\t\n\t\t\t\t\t\t\t<div class=\"upk-item\">\n\t\t\t<div class=\"upk-item-box\">\n\t\t\t\t<div class=\"upk-image-wrap\">\n\t\t\t\t\t<div class=\"upk-main-image\">\n\t\t\t\t\t\t\t\t<img class=\"upk-img\" src=\"https:\/\/tusa-precision.ch\/web\/wp-content\/uploads\/2023\/08\/EMO-Logo_DATE_cmyk_pos_minimal-size.jpg\" alt=\"Salon EMO 2023\">\r\n\t\t\t\t\t\t<\/div>\n\n\t\t\t\t\t\n\t\t\t\t\t\t\t\t\t\t\t<div class=\"upk-meta-wrap\">\n\t\t\t\t\t\t\t\t\t<div class=\"upk-elite-grid-date\">\n\t\t\t3 August 2023\t\t<\/div>\n\t\t\t\t\t\t\t\t\t\t\t\t<div class=\"upk-category\">\r\n\t\t\t<a href=\"https:\/\/tusa-precision.ch\/fr\/category\/expositions\/\">Expositions<\/a>\t\t<\/div>\r\n\t\t\t\t\t\t\t<\/div>\n\t\t\t\t\t\t\t\t\t<\/div>\n\n\t\t\t\t<div class=\"upk-content\">\n\t\t\t\t\t<div>\n\t\t\t\t\t\t<h3 class=\"upk-title\"><a href=\"https:\/\/tusa-precision.ch\/fr\/salon-emo-2023\/\" title=\"Salon EMO 2023\" class=\"title-animation-\" >Salon EMO 2023<\/a><\/h3>\t\t\t\t\t\t<div class=\"upk-text-wrap\">\n\t\t\t\t\t\t\t\t\t<div class=\"upk-text\">\r\n\t\t\t<p>Tusa Precision Tools vous informe qu'elle participera en tant qu'exposant au prochain salon EMO du 18 au 23 septembre 2023 \u00e0 Hanovre (Allemagne) ! Au Stand D84, situ\u00e9 dans le Hall 5, vous trouverez une gamme de nos outils tels que des for\u00eats, des fraises et des al\u00e9soirs. De plus, nous serons heureux d'annoncer des nouvelles importantes sur les produits<\/p>\n\t\t<\/div>\r\n\t\t\t\t\t\t\t\t<\/div>\n\n\t\t\t\t\t\t\t\t\t\t\t\t\t<div class=\"upk-meta-list upk-flex upk-flex-middle\">\n\t\t\t\t\t\t\t\t\t\t<div class=\"upk-category\">\r\n\t\t\t<a href=\"https:\/\/tusa-precision.ch\/fr\/category\/expositions\/\">Expositions<\/a>\t\t<\/div>\r\n\t\t\t\t\t\t\t\t\t\t\t<div class=\"upk-elite-grid-date\">\n\t\t\t3 August 2023\t\t<\/div>\n\t\t\t\t\t\t\t\t\t\t<\/div>\n\t\t\t\t\t\t\n\t\t\t\t\t<\/div>\n\t\t\t\t<\/div>\n\n\t\t\t<\/div>\n\t\t<\/div>\n\n\n\t\n\t\t\t\t\n\t\t\t\t\t\t\t<div class=\"upk-item\">\n\t\t\t<div class=\"upk-item-box\">\n\t\t\t\t<div class=\"upk-image-wrap\">\n\t\t\t\t\t<div class=\"upk-main-image\">\n\t\t\t\t\t\t\t\t<img class=\"upk-img\" src=\"https:\/\/tusa-precision.ch\/web\/wp-content\/uploads\/2023\/06\/1_edited-1-750x1024.jpg\" alt=\"Notre nouvelle machine \u00e0 laver\">\r\n\t\t\t\t\t\t<\/div>\n\n\t\t\t\t\t\n\t\t\t\t\t\t\t\t\t\t\t<div class=\"upk-meta-wrap\">\n\t\t\t\t\t\t\t\t\t<div class=\"upk-elite-grid-date\">\n\t\t\t6 June 2023\t\t<\/div>\n\t\t\t\t\t\t\t\t\t\t\t\t<div class=\"upk-category\">\r\n\t\t\t<a href=\"https:\/\/tusa-precision.ch\/fr\/category\/machines\/\">Machines<\/a>\t\t<\/div>\r\n\t\t\t\t\t\t\t<\/div>\n\t\t\t\t\t\t\t\t\t<\/div>\n\n\t\t\t\t<div class=\"upk-content\">\n\t\t\t\t\t<div>\n\t\t\t\t\t\t<h3 class=\"upk-title\"><a href=\"https:\/\/tusa-precision.ch\/fr\/notre-nouvelle-machine-a-laver\/\" title=\"Notre nouvelle machine \u00e0 laver\" class=\"title-animation-\" >Notre nouvelle machine \u00e0 laver<\/a><\/h3>\t\t\t\t\t\t<div class=\"upk-text-wrap\">\n\t\t\t\t\t\t\t\t\t<div class=\"upk-text\">\r\n\t\t\t<p>Aujourd'hui nous vous pr\u00e9sentons notre nouvelle machine utilis\u00e9e pour laver nos produits. Les alcools, le lavage par ultrasons et l'aspiration nous permettent d'effectuer un nettoyage en profondeur de tous nos outils sans aucune dispersion de r\u00e9sidus dans le milieu environnant. En particulier, La phase de lavage joue un r\u00f4le fondamental en tant que traitement pr\u00e9alable du rev\u00eatement, car elle permet<\/p>\n\t\t<\/div>\r\n\t\t\t\t\t\t\t\t<\/div>\n\n\t\t\t\t\t\t\t\t\t\t\t\t\t<div class=\"upk-meta-list upk-flex upk-flex-middle\">\n\t\t\t\t\t\t\t\t\t\t<div class=\"upk-category\">\r\n\t\t\t<a href=\"https:\/\/tusa-precision.ch\/fr\/category\/machines\/\">Machines<\/a>\t\t<\/div>\r\n\t\t\t\t\t\t\t\t\t\t\t<div class=\"upk-elite-grid-date\">\n\t\t\t6 June 2023\t\t<\/div>\n\t\t\t\t\t\t\t\t\t\t<\/div>\n\t\t\t\t\t\t\n\t\t\t\t\t<\/div>\n\t\t\t\t<\/div>\n\n\t\t\t<\/div>\n\t\t<\/div>\n\n\n\t\n\t\t\t\t\n\t\t\t\t\t\t\t<div class=\"upk-item\">\n\t\t\t<div class=\"upk-item-box\">\n\t\t\t\t<div class=\"upk-image-wrap\">\n\t\t\t\t\t<div class=\"upk-main-image\">\n\t\t\t\t\t\t\t\t<img class=\"upk-img\" src=\"https:\/\/tusa-precision.ch\/web\/wp-content\/uploads\/2022\/07\/img-pag-certificazioni.jpg\" alt=\"Audit de surveillance ISO 9001:2015\">\r\n\t\t\t\t\t\t<\/div>\n\n\t\t\t\t\t\n\t\t\t\t\t\t\t\t\t\t\t<div class=\"upk-meta-wrap\">\n\t\t\t\t\t\t\t\t\t<div class=\"upk-elite-grid-date\">\n\t\t\t19 April 2023\t\t<\/div>\n\t\t\t\t\t\t\t\t\t\t\t\t<div class=\"upk-category\">\r\n\t\t\t<a href=\"https:\/\/tusa-precision.ch\/fr\/category\/certificats\/\">Certificats<\/a>\t\t<\/div>\r\n\t\t\t\t\t\t\t<\/div>\n\t\t\t\t\t\t\t\t\t<\/div>\n\n\t\t\t\t<div class=\"upk-content\">\n\t\t\t\t\t<div>\n\t\t\t\t\t\t<h3 class=\"upk-title\"><a href=\"https:\/\/tusa-precision.ch\/fr\/audit-de-surveillance-iso-90012015\/\" title=\"Audit de surveillance ISO 9001:2015\" class=\"title-animation-\" >Audit de surveillance ISO 9001:2015<\/a><\/h3>\t\t\t\t\t\t<div class=\"upk-text-wrap\">\n\t\t\t\t\t\t\t\t\t<div class=\"upk-text\">\r\n\t\t\t<p>Nous sommes heureux de partager avec vous le succ\u00e8s de l'audit de surveillance ISO 9001:2015 ! Le mois dernier, nous avons subi une inspection rigoureuse par les auditeurs, qui ont \u00e9valu\u00e9 notre capacit\u00e9 \u00e0 fournir des produits et services conformes aux exigences mentionn\u00e9es dans la r\u00e9glementation en tenant compte \u00e0 la fois des sph\u00e8res manag\u00e9riales et administratives de notre entreprise.<\/p>\n\t\t<\/div>\r\n\t\t\t\t\t\t\t\t<\/div>\n\n\t\t\t\t\t\t\t\t\t\t\t\t\t<div class=\"upk-meta-list upk-flex upk-flex-middle\">\n\t\t\t\t\t\t\t\t\t\t<div class=\"upk-category\">\r\n\t\t\t<a href=\"https:\/\/tusa-precision.ch\/fr\/category\/certificats\/\">Certificats<\/a>\t\t<\/div>\r\n\t\t\t\t\t\t\t\t\t\t\t<div class=\"upk-elite-grid-date\">\n\t\t\t19 April 2023\t\t<\/div>\n\t\t\t\t\t\t\t\t\t\t<\/div>\n\t\t\t\t\t\t\n\t\t\t\t\t<\/div>\n\t\t\t\t<\/div>\n\n\t\t\t<\/div>\n\t\t<\/div>\n\n\n\t\n\t\t\t\t\n\t\t\t\t\t\t\t<div class=\"upk-item\">\n\t\t\t<div class=\"upk-item-box\">\n\t\t\t\t<div class=\"upk-image-wrap\">\n\t\t\t\t\t<div class=\"upk-main-image\">\n\t\t\t\t\t\t\t\t<img class=\"upk-img\" src=\"https:\/\/tusa-precision.ch\/web\/wp-content\/uploads\/2023\/03\/immagine-1_edited-768x1024.jpg\" alt=\"Rollomatic 630XS\">\r\n\t\t\t\t\t\t<\/div>\n\n\t\t\t\t\t\n\t\t\t\t\t\t\t\t\t\t\t<div class=\"upk-meta-wrap\">\n\t\t\t\t\t\t\t\t\t<div class=\"upk-elite-grid-date\">\n\t\t\t3 March 2023\t\t<\/div>\n\t\t\t\t\t\t\t\t\t\t\t\t<div class=\"upk-category\">\r\n\t\t\t<a href=\"https:\/\/tusa-precision.ch\/fr\/category\/machines\/\">Machines<\/a>\t\t<\/div>\r\n\t\t\t\t\t\t\t<\/div>\n\t\t\t\t\t\t\t\t\t<\/div>\n\n\t\t\t\t<div class=\"upk-content\">\n\t\t\t\t\t<div>\n\t\t\t\t\t\t<h3 class=\"upk-title\"><a href=\"https:\/\/tusa-precision.ch\/fr\/rollomatic-630xs\/\" title=\"Rollomatic 630XS\" class=\"title-animation-\" >Rollomatic 630XS<\/a><\/h3>\t\t\t\t\t\t<div class=\"upk-text-wrap\">\n\t\t\t\t\t\t\t\t\t<div class=\"upk-text\">\r\n\t\t\t<p>Aujourd'hui, nous sommes ravis de vous pr\u00e9senter l'une de nos nouvelles machines! Ce syst\u00e8me de rectification CNC \u00e0 la pointe de la technologie est capable d'offrir une tr\u00e8s haute pr\u00e9cision avec un usinage extr\u00eamement rapide, ce qui nous permet d'atteindre des tol\u00e9rances tr\u00e8s serr\u00e9es tout au long du cycle de production. Nous sommes notamment convaincus que cet investissement nous permettra<\/p>\n\t\t<\/div>\r\n\t\t\t\t\t\t\t\t<\/div>\n\n\t\t\t\t\t\t\t\t\t\t\t\t\t<div class=\"upk-meta-list upk-flex upk-flex-middle\">\n\t\t\t\t\t\t\t\t\t\t<div class=\"upk-category\">\r\n\t\t\t<a href=\"https:\/\/tusa-precision.ch\/fr\/category\/machines\/\">Machines<\/a>\t\t<\/div>\r\n\t\t\t\t\t\t\t\t\t\t\t<div class=\"upk-elite-grid-date\">\n\t\t\t3 March 2023\t\t<\/div>\n\t\t\t\t\t\t\t\t\t\t<\/div>\n\t\t\t\t\t\t\n\t\t\t\t\t<\/div>\n\t\t\t\t<\/div>\n\n\t\t\t<\/div>\n\t\t<\/div>\n\n\n\t\n\t\t\t\t\t\t\t<\/div>\n\t\t<\/div>\n\n\t\t\t\t<\/div>\n\t\t\t\t<\/div>\n\t\t\t\t\t\t<\/div>\n\t\t\t\t\t<\/div>\n\t\t<\/div>\n\t\t\t\t\t\t\t\t<\/div>\n\t\t\t\t\t<\/div>\n\t\t<\/section>\n\t\t\t\t<section class=\"elementor-section elementor-top-section elementor-element elementor-element-57e96f5 elementor-section-boxed elementor-section-height-default elementor-section-height-default\" data-id=\"57e96f5\" data-element_type=\"section\">\n\t\t\t\t\t\t<div class=\"elementor-container elementor-column-gap-default\">\n\t\t\t\t\t\t\t<div class=\"elementor-row\">\n\t\t\t\t\t<div class=\"elementor-column elementor-col-100 elementor-top-column elementor-element elementor-element-737885a\" data-id=\"737885a\" data-element_type=\"column\">\n\t\t\t<div class=\"elementor-column-wrap elementor-element-populated\">\n\t\t\t\t\t\t\t<div class=\"elementor-widget-wrap\">\n\t\t\t\t\t\t<div class=\"elementor-element elementor-element-f7604ba elementor-widget elementor-widget-spacer\" data-id=\"f7604ba\" data-element_type=\"widget\" data-widget_type=\"spacer.default\">\n\t\t\t\t<div class=\"elementor-widget-container\">\n\t\t\t\t\t<div class=\"elementor-spacer\">\n\t\t\t<div class=\"elementor-spacer-inner\"><\/div>\n\t\t<\/div>\n\t\t\t\t<\/div>\n\t\t\t\t<\/div>\n\t\t\t\t\t\t<\/div>\n\t\t\t\t\t<\/div>\n\t\t<\/div>\n\t\t\t\t\t\t\t\t<\/div>\n\t\t\t\t\t<\/div>\n\t\t<\/section>\n\t\t\t\t\t\t\t\t\t<\/div>\n\t\t\t<\/div>\n\t\t\t\t\t<\/div>\n\t\t","protected":false},"excerpt":{"rendered":"<p>21 Luglio 2022 Certificazioni Certificazione ISO9001:2015 Tusa Precision Tools \u00e8 lieta di annunciare il rinnovo della certificazione ISO9001:2015, ossia la norma che definisce i requisiti gestionali per la qualit\u00e0 di un\u2019impresa.L\u2019azienda si impegna a rinnovare tale certificato fin dal 2006, poich\u00e9 ritiene che esso possa migliorare la credibilit\u00e0 dell\u2019organizzazione, la consapevolezza dell\u2019esistenza del marchio e &hellip;<\/p>\n<p class=\"read-more\"> <a class=\"\" href=\"https:\/\/tusa-precision.ch\/fr\/rollomatic-630xs\/\"> <span class=\"screen-reader-text\">Rollomatic 630XS<\/span> Read More &raquo;<\/a><\/p>\n","protected":false},"author":1,"featured_media":0,"parent":0,"menu_order":0,"comment_status":"closed","ping_status":"closed","template":"","meta":{"site-sidebar-layout":"no-sidebar","site-content-layout":"page-builder","ast-global-header-display":"","ast-main-header-display":"","ast-hfb-above-header-display":"","ast-hfb-below-header-display":"","ast-hfb-mobile-header-display":"","site-post-title":"disabled","ast-breadcrumbs-content":"disabled","ast-featured-img":"disabled","footer-sml-layout":"","theme-transparent-header-meta":"default","adv-header-id-meta":"","stick-header-meta":"","header-above-stick-meta":"","header-main-stick-meta":"","header-below-stick-meta":""},"_links":{"self":[{"href":"https:\/\/tusa-precision.ch\/fr\/wp-json\/wp\/v2\/pages\/20291"}],"collection":[{"href":"https:\/\/tusa-precision.ch\/fr\/wp-json\/wp\/v2\/pages"}],"about":[{"href":"https:\/\/tusa-precision.ch\/fr\/wp-json\/wp\/v2\/types\/page"}],"author":[{"embeddable":true,"href":"https:\/\/tusa-precision.ch\/fr\/wp-json\/wp\/v2\/users\/1"}],"replies":[{"embeddable":true,"href":"https:\/\/tusa-precision.ch\/fr\/wp-json\/wp\/v2\/comments?post=20291"}],"version-history":[{"count":0,"href":"https:\/\/tusa-precision.ch\/fr\/wp-json\/wp\/v2\/pages\/20291\/revisions"}],"wp:attachment":[{"href":"https:\/\/tusa-precision.ch\/fr\/wp-json\/wp\/v2\/media?parent=20291"}],"curies":[{"name":"wp","href":"https:\/\/api.w.org\/{rel}","templated":true}]}}