{"id":20466,"date":"2022-05-06T16:58:45","date_gmt":"2022-05-06T14:58:45","guid":{"rendered":"https:\/\/tusa-precision.ch\/personale-mod-fr\/"},"modified":"2023-01-09T10:31:50","modified_gmt":"2023-01-09T09:31:50","slug":"personnel","status":"publish","type":"page","link":"https:\/\/tusa-precision.ch\/fr\/personnel\/","title":{"rendered":"Personnel"},"content":{"rendered":"\t\t<div data-elementor-type=\"wp-page\" data-elementor-id=\"20466\" class=\"elementor elementor-20466 elementor-20391\">\n\t\t\t\t\t\t<div class=\"elementor-inner\">\n\t\t\t\t<div class=\"elementor-section-wrap\">\n\t\t\t\t\t\t\t\t\t<section class=\"elementor-section elementor-top-section elementor-element elementor-element-fd87ebd elementor-section-boxed elementor-section-height-default elementor-section-height-default\" data-id=\"fd87ebd\" data-element_type=\"section\">\n\t\t\t\t\t\t<div class=\"elementor-container elementor-column-gap-default\">\n\t\t\t\t\t\t\t<div class=\"elementor-row\">\n\t\t\t\t\t<div class=\"elementor-column elementor-col-100 elementor-top-column elementor-element elementor-element-40094229\" data-id=\"40094229\" data-element_type=\"column\">\n\t\t\t<div class=\"elementor-column-wrap elementor-element-populated\">\n\t\t\t\t\t\t\t<div class=\"elementor-widget-wrap\">\n\t\t\t\t\t\t<section class=\"elementor-section elementor-inner-section elementor-element elementor-element-21a60e0c elementor-section-boxed elementor-section-height-default elementor-section-height-default\" data-id=\"21a60e0c\" data-element_type=\"section\">\n\t\t\t\t\t\t<div class=\"elementor-container elementor-column-gap-default\">\n\t\t\t\t\t\t\t<div class=\"elementor-row\">\n\t\t\t\t\t<div class=\"elementor-column elementor-col-50 elementor-inner-column elementor-element elementor-element-62f8b07b\" data-id=\"62f8b07b\" data-element_type=\"column\">\n\t\t\t<div class=\"elementor-column-wrap elementor-element-populated\">\n\t\t\t\t\t\t\t<div class=\"elementor-widget-wrap\">\n\t\t\t\t\t\t<div class=\"elementor-element elementor-element-8f175d elementor-widget elementor-widget-embedpres_elementor\" data-id=\"8f175d\" data-element_type=\"widget\" data-widget_type=\"embedpres_elementor.default\">\n\t\t\t\t<div class=\"elementor-widget-container\">\n\t\t\t\n\t\t<div class=\"embedpress-elements-wrapper  \" id=\"ep-elements-id-8f175d\">\n\t\t\t<div class=\"ose-infogram ose-uid-0eb963b36296fd21bc00b81e900c724d ose-embedpress-responsive\" style=\"width:600px; max-width:100%; height: 100%; display:inline-block;\"><div class=\"infogram-embed\" data-id=\"fa67d463-3c24-4f02-81ba-07ee74dd1659\" data-type=\"interactive\" data-title=\"Ans de service\"><\/div><script>!function(e,n,i,s){var d=\"InfogramEmbeds\";var o=e.getElementsByTagName(n)[0];if(window[d]&&window[d].initialized)window[d].process&&window[d].process();else if(!e.getElementById(i)){var r=e.createElement(n);r.async=1,r.id=i,r.src=s,o.parentNode.insertBefore(r,o)}}(document,\"script\",\"infogram-async\",\"https:\/\/e.infogram.com\/js\/dist\/embed-loader-min.js\");<\/script><div style=\"padding:8px 0;font-family:Arial!important;font-size:13px!important;line-height:15px!important;text-align:center;border-top:1px solid #dadada;margin:0 30px\"><a href=\"https:\/\/infogram.com\/ans-de-service-1h7k230p3y5ov2x\" style=\"color:#989898!important;text-decoration:none!important;\" target=\"_blank\">Ans de service<\/a><br><a href=\"https:\/\/infogram.com\" style=\"color:#989898!important;text-decoration:none!important;\" target=\"_blank\" rel=\"nofollow\">Infogram<\/a><\/div><\/div>\t\t<\/div>\n\n\n\t\t\n\t\t<\/div>\n\t\t\t\t<\/div>\n\t\t\t\t<div class=\"elementor-element elementor-element-3726bff9 elementor-widget elementor-widget-embedpres_elementor\" data-id=\"3726bff9\" data-element_type=\"widget\" data-widget_type=\"embedpres_elementor.default\">\n\t\t\t\t<div class=\"elementor-widget-container\">\n\t\t\t\n\t\t<div class=\"embedpress-elements-wrapper  \" id=\"ep-elements-id-3726bff9\">\n\t\t\t<div class=\"ose-infogram ose-uid-896b63ea471fb6bedb22d0ee5f2e982d ose-embedpress-responsive\" style=\"width:600px; max-width:100%; height: 100%; display:inline-block;\"> <div class=\"infogram-embed\" data-id=\"1843260a-dafe-4ec0-8ce8-39acb8c81f59\" data-type=\"interactive\" data-title=\"Genre\"><\/div><script>!function(e,n,i,s){var d=\"InfogramEmbeds\";var o=e.getElementsByTagName(n)[0];if(window[d]&&window[d].initialized)window[d].process&&window[d].process();else if(!e.getElementById(i)){var r=e.createElement(n);r.async=1,r.id=i,r.src=s,o.parentNode.insertBefore(r,o)}}(document,\"script\",\"infogram-async\",\"https:\/\/e.infogram.com\/js\/dist\/embed-loader-min.js\");<\/script><div style=\"padding:8px 0;font-family:Arial!important;font-size:13px!important;line-height:15px!important;text-align:center;border-top:1px solid #dadada;margin:0 30px\"><a href=\"https:\/\/infogram.com\/genre-1hzj4o3581w534p\" style=\"color:#989898!important;text-decoration:none!important;\" target=\"_blank\">Genre<\/a><br><a href=\"https:\/\/infogram.com\" style=\"color:#989898!important;text-decoration:none!important;\" target=\"_blank\" rel=\"nofollow\">Infogram<\/a><\/div><\/div>\t\t<\/div>\n\n\n\t\t\n\t\t<\/div>\n\t\t\t\t<\/div>\n\t\t\t\t\t\t<\/div>\n\t\t\t\t\t<\/div>\n\t\t<\/div>\n\t\t\t\t<div class=\"elementor-column elementor-col-50 elementor-inner-column elementor-element elementor-element-5d873f56\" data-id=\"5d873f56\" data-element_type=\"column\">\n\t\t\t<div class=\"elementor-column-wrap elementor-element-populated\">\n\t\t\t\t\t\t\t<div class=\"elementor-widget-wrap\">\n\t\t\t\t\t\t<div class=\"elementor-element elementor-element-f309b72 elementor-widget elementor-widget-embedpres_elementor\" data-id=\"f309b72\" data-element_type=\"widget\" data-widget_type=\"embedpres_elementor.default\">\n\t\t\t\t<div class=\"elementor-widget-container\">\n\t\t\t\n\t\t<div class=\"embedpress-elements-wrapper  \" id=\"ep-elements-id-f309b72\">\n\t\t\t<div class=\"ose-infogram ose-uid-c12a2b7b7d6253f7e56e28bb3a0590f5 ose-embedpress-responsive\" style=\"width:600px; max-width:100%; height: 100%; display:inline-block;\"><div class=\"infogram-embed\" data-id=\"5d244242-45f3-441b-9fe9-85e089ad7208\" data-type=\"interactive\" data-title=\"\u00c9ducation\"><\/div><script>!function(e,n,i,s){var d=\"InfogramEmbeds\";var o=e.getElementsByTagName(n)[0];if(window[d]&&window[d].initialized)window[d].process&&window[d].process();else if(!e.getElementById(i)){var r=e.createElement(n);r.async=1,r.id=i,r.src=s,o.parentNode.insertBefore(r,o)}}(document,\"script\",\"infogram-async\",\"https:\/\/e.infogram.com\/js\/dist\/embed-loader-min.js\");<\/script><div style=\"padding:8px 0;font-family:Arial!important;font-size:13px!important;line-height:15px!important;text-align:center;border-top:1px solid #dadada;margin:0 30px\"><a href=\"https:\/\/infogram.com\/education-1hdw2jp5xpmxp2l\" style=\"color:#989898!important;text-decoration:none!important;\" target=\"_blank\">\u00c9ducation<\/a><br><a href=\"https:\/\/infogram.com\" style=\"color:#989898!important;text-decoration:none!important;\" target=\"_blank\" rel=\"nofollow\">Infogram<\/a><\/div><\/div>\t\t<\/div>\n\n\n\t\t\n\t\t<\/div>\n\t\t\t\t<\/div>\n\t\t\t\t<div class=\"elementor-element elementor-element-4c1eb7c9 elementor-widget elementor-widget-embedpres_elementor\" data-id=\"4c1eb7c9\" data-element_type=\"widget\" data-widget_type=\"embedpres_elementor.default\">\n\t\t\t\t<div class=\"elementor-widget-container\">\n\t\t\t\n\t\t<div class=\"embedpress-elements-wrapper  \" id=\"ep-elements-id-4c1eb7c9\">\n\t\t\t<div class=\"ose-infogram ose-uid-15731c3628cfff8c5fabc14f71e0bda2 ose-embedpress-responsive\" style=\"width:600px; max-width:100%; height: 100%; display:inline-block;\"> <div class=\"infogram-embed\" data-id=\"afbce4ca-7d58-4e27-8084-44a117c596b4\" data-type=\"interactive\" data-title=\"\u00c2ge\"><\/div><script>!function(e,n,i,s){var d=\"InfogramEmbeds\";var o=e.getElementsByTagName(n)[0];if(window[d]&&window[d].initialized)window[d].process&&window[d].process();else if(!e.getElementById(i)){var r=e.createElement(n);r.async=1,r.id=i,r.src=s,o.parentNode.insertBefore(r,o)}}(document,\"script\",\"infogram-async\",\"https:\/\/e.infogram.com\/js\/dist\/embed-loader-min.js\");<\/script><div style=\"padding:8px 0;font-family:Arial!important;font-size:13px!important;line-height:15px!important;text-align:center;border-top:1px solid #dadada;margin:0 30px\"><a href=\"https:\/\/infogram.com\/age-1ho16vozj5x1x4n\" style=\"color:#989898!important;text-decoration:none!important;\" target=\"_blank\">\u00c2ge<\/a><br><a href=\"https:\/\/infogram.com\" style=\"color:#989898!important;text-decoration:none!important;\" target=\"_blank\" rel=\"nofollow\">Infogram<\/a><\/div><\/div>\t\t<\/div>\n\n\n\t\t\n\t\t<\/div>\n\t\t\t\t<\/div>\n\t\t\t\t\t\t<\/div>\n\t\t\t\t\t<\/div>\n\t\t<\/div>\n\t\t\t\t\t\t\t\t<\/div>\n\t\t\t\t\t<\/div>\n\t\t<\/section>\n\t\t\t\t\t\t<\/div>\n\t\t\t\t\t<\/div>\n\t\t<\/div>\n\t\t\t\t\t\t\t\t<\/div>\n\t\t\t\t\t<\/div>\n\t\t<\/section>\n\t\t\t\t<section class=\"elementor-section elementor-top-section elementor-element elementor-element-d0825b9 elementor-section-boxed elementor-section-height-default elementor-section-height-default\" data-id=\"d0825b9\" data-element_type=\"section\">\n\t\t\t\t\t\t<div class=\"elementor-container elementor-column-gap-default\">\n\t\t\t\t\t\t\t<div class=\"elementor-row\">\n\t\t\t\t\t<div class=\"elementor-column elementor-col-100 elementor-top-column elementor-element elementor-element-0436809\" data-id=\"0436809\" data-element_type=\"column\">\n\t\t\t<div class=\"elementor-column-wrap elementor-element-populated\">\n\t\t\t\t\t\t\t<div class=\"elementor-widget-wrap\">\n\t\t\t\t\t\t<div class=\"elementor-element elementor-element-148b553 elementor-widget elementor-widget-spacer\" data-id=\"148b553\" data-element_type=\"widget\" data-widget_type=\"spacer.default\">\n\t\t\t\t<div class=\"elementor-widget-container\">\n\t\t\t\t\t<div class=\"elementor-spacer\">\n\t\t\t<div class=\"elementor-spacer-inner\"><\/div>\n\t\t<\/div>\n\t\t\t\t<\/div>\n\t\t\t\t<\/div>\n\t\t\t\t<div class=\"elementor-element elementor-element-eb733aa elementor-widget-divider--view-line elementor-widget elementor-widget-divider\" data-id=\"eb733aa\" data-element_type=\"widget\" data-widget_type=\"divider.default\">\n\t\t\t\t<div class=\"elementor-widget-container\">\n\t\t\t\t\t<div class=\"elementor-divider\">\n\t\t\t<span class=\"elementor-divider-separator\">\n\t\t\t\t\t\t<\/span>\n\t\t<\/div>\n\t\t\t\t<\/div>\n\t\t\t\t<\/div>\n\t\t\t\t<div class=\"elementor-element elementor-element-f214d78 elementor-widget elementor-widget-spacer\" data-id=\"f214d78\" data-element_type=\"widget\" data-widget_type=\"spacer.default\">\n\t\t\t\t<div class=\"elementor-widget-container\">\n\t\t\t\t\t<div class=\"elementor-spacer\">\n\t\t\t<div class=\"elementor-spacer-inner\"><\/div>\n\t\t<\/div>\n\t\t\t\t<\/div>\n\t\t\t\t<\/div>\n\t\t\t\t<div class=\"elementor-element elementor-element-e654454 elementor-invisible elementor-widget elementor-widget-heading\" data-id=\"e654454\" data-element_type=\"widget\" data-settings=\"{&quot;_animation&quot;:&quot;fadeIn&quot;,&quot;_animation_delay&quot;:300}\" data-widget_type=\"heading.default\">\n\t\t\t\t<div class=\"elementor-widget-container\">\n\t\t\t<h2 class=\"elementor-heading-title elementor-size-default\">Jubil\u00e9 2022<\/h2>\t\t<\/div>\n\t\t\t\t<\/div>\n\t\t\t\t\t\t<\/div>\n\t\t\t\t\t<\/div>\n\t\t<\/div>\n\t\t\t\t\t\t\t\t<\/div>\n\t\t\t\t\t<\/div>\n\t\t<\/section>\n\t\t\t\t<section class=\"elementor-section elementor-top-section elementor-element elementor-element-d94b30c elementor-section-boxed elementor-section-height-default elementor-section-height-default\" data-id=\"d94b30c\" data-element_type=\"section\">\n\t\t\t\t\t\t<div class=\"elementor-container elementor-column-gap-default\">\n\t\t\t\t\t\t\t<div class=\"elementor-row\">\n\t\t\t\t\t<div class=\"elementor-column elementor-col-100 elementor-top-column elementor-element elementor-element-1168159\" data-id=\"1168159\" data-element_type=\"column\">\n\t\t\t<div class=\"elementor-column-wrap elementor-element-populated\">\n\t\t\t\t\t\t\t<div class=\"elementor-widget-wrap\">\n\t\t\t\t\t\t<section class=\"elementor-section elementor-inner-section elementor-element elementor-element-ce95f00 elementor-section-boxed elementor-section-height-default elementor-section-height-default\" data-id=\"ce95f00\" data-element_type=\"section\">\n\t\t\t\t\t\t<div class=\"elementor-container elementor-column-gap-default\">\n\t\t\t\t\t\t\t<div class=\"elementor-row\">\n\t\t\t\t\t<div class=\"elementor-column elementor-col-50 elementor-inner-column elementor-element elementor-element-f61c185 elementor-invisible\" data-id=\"f61c185\" data-element_type=\"column\" data-settings=\"{&quot;animation&quot;:&quot;fadeInLeft&quot;}\">\n\t\t\t<div class=\"elementor-column-wrap elementor-element-populated\">\n\t\t\t\t\t\t\t<div class=\"elementor-widget-wrap\">\n\t\t\t\t\t\t<div class=\"elementor-element elementor-element-b54b0fa elementor-widget elementor-widget-image\" data-id=\"b54b0fa\" data-element_type=\"widget\" data-widget_type=\"image.default\">\n\t\t\t\t<div class=\"elementor-widget-container\">\n\t\t\t\t\t\t\t\t<div class=\"elementor-image\">\n\t\t\t\t\t\t\t\t\t\t\t\t<img width=\"1024\" height=\"777\" src=\"https:\/\/tusa-precision.ch\/web\/wp-content\/uploads\/2023\/01\/5_edited_web-1024x777.jpg\" class=\"attachment-large size-large wp-image-22977\" alt=\"\" loading=\"lazy\" srcset=\"https:\/\/tusa-precision.ch\/web\/wp-content\/uploads\/2023\/01\/5_edited_web-1024x777.jpg 1024w, https:\/\/tusa-precision.ch\/web\/wp-content\/uploads\/2023\/01\/5_edited_web-300x228.jpg 300w, https:\/\/tusa-precision.ch\/web\/wp-content\/uploads\/2023\/01\/5_edited_web-768x582.jpg 768w, https:\/\/tusa-precision.ch\/web\/wp-content\/uploads\/2023\/01\/5_edited_web-1536x1165.jpg 1536w, https:\/\/tusa-precision.ch\/web\/wp-content\/uploads\/2023\/01\/5_edited_web-2048x1553.jpg 2048w, https:\/\/tusa-precision.ch\/web\/wp-content\/uploads\/2023\/01\/5_edited_web-600x455.jpg 600w\" sizes=\"(max-width: 1024px) 100vw, 1024px\" \/>\t\t\t\t\t\t\t\t\t\t\t\t\t\t<\/div>\n\t\t\t\t\t\t<\/div>\n\t\t\t\t<\/div>\n\t\t\t\t\t\t<\/div>\n\t\t\t\t\t<\/div>\n\t\t<\/div>\n\t\t\t\t<div class=\"elementor-column elementor-col-50 elementor-inner-column elementor-element elementor-element-f530dd9 elementor-invisible\" data-id=\"f530dd9\" data-element_type=\"column\" data-settings=\"{&quot;animation&quot;:&quot;fadeInRight&quot;}\">\n\t\t\t<div class=\"elementor-column-wrap elementor-element-populated\">\n\t\t\t\t\t\t\t<div class=\"elementor-widget-wrap\">\n\t\t\t\t\t\t<div class=\"elementor-element elementor-element-858b6d0 elementor-widget elementor-widget-image\" data-id=\"858b6d0\" data-element_type=\"widget\" data-widget_type=\"image.default\">\n\t\t\t\t<div class=\"elementor-widget-container\">\n\t\t\t\t\t\t\t\t<div class=\"elementor-image\">\n\t\t\t\t\t\t\t\t\t\t\t\t<img width=\"1024\" height=\"777\" src=\"https:\/\/tusa-precision.ch\/web\/wp-content\/uploads\/2023\/01\/4_edited_web-1024x777.jpg\" class=\"attachment-large size-large wp-image-22961\" alt=\"\" loading=\"lazy\" srcset=\"https:\/\/tusa-precision.ch\/web\/wp-content\/uploads\/2023\/01\/4_edited_web-1024x777.jpg 1024w, https:\/\/tusa-precision.ch\/web\/wp-content\/uploads\/2023\/01\/4_edited_web-300x228.jpg 300w, https:\/\/tusa-precision.ch\/web\/wp-content\/uploads\/2023\/01\/4_edited_web-768x583.jpg 768w, https:\/\/tusa-precision.ch\/web\/wp-content\/uploads\/2023\/01\/4_edited_web-1536x1166.jpg 1536w, https:\/\/tusa-precision.ch\/web\/wp-content\/uploads\/2023\/01\/4_edited_web-600x455.jpg 600w, https:\/\/tusa-precision.ch\/web\/wp-content\/uploads\/2023\/01\/4_edited_web.jpg 1717w\" sizes=\"(max-width: 1024px) 100vw, 1024px\" \/>\t\t\t\t\t\t\t\t\t\t\t\t\t\t<\/div>\n\t\t\t\t\t\t<\/div>\n\t\t\t\t<\/div>\n\t\t\t\t\t\t<\/div>\n\t\t\t\t\t<\/div>\n\t\t<\/div>\n\t\t\t\t\t\t\t\t<\/div>\n\t\t\t\t\t<\/div>\n\t\t<\/section>\n\t\t\t\t<section class=\"elementor-section elementor-inner-section elementor-element elementor-element-d5e477d elementor-section-boxed elementor-section-height-default elementor-section-height-default\" data-id=\"d5e477d\" data-element_type=\"section\">\n\t\t\t\t\t\t<div class=\"elementor-container elementor-column-gap-default\">\n\t\t\t\t\t\t\t<div class=\"elementor-row\">\n\t\t\t\t\t<div class=\"elementor-column elementor-col-50 elementor-inner-column elementor-element elementor-element-1f7fc8c elementor-invisible\" data-id=\"1f7fc8c\" data-element_type=\"column\" data-settings=\"{&quot;animation&quot;:&quot;fadeInLeft&quot;,&quot;animation_delay&quot;:600}\">\n\t\t\t<div class=\"elementor-column-wrap elementor-element-populated\">\n\t\t\t\t\t\t\t<div class=\"elementor-widget-wrap\">\n\t\t\t\t\t\t<div class=\"elementor-element elementor-element-87d56e9 elementor-widget elementor-widget-image\" data-id=\"87d56e9\" data-element_type=\"widget\" data-widget_type=\"image.default\">\n\t\t\t\t<div class=\"elementor-widget-container\">\n\t\t\t\t\t\t\t\t<div class=\"elementor-image\">\n\t\t\t\t\t\t\t\t\t\t\t\t<img width=\"1024\" height=\"777\" src=\"https:\/\/tusa-precision.ch\/web\/wp-content\/uploads\/2023\/01\/3_edited_web-1024x777.jpg\" class=\"attachment-large size-large wp-image-22965\" alt=\"\" loading=\"lazy\" srcset=\"https:\/\/tusa-precision.ch\/web\/wp-content\/uploads\/2023\/01\/3_edited_web-1024x777.jpg 1024w, https:\/\/tusa-precision.ch\/web\/wp-content\/uploads\/2023\/01\/3_edited_web-300x228.jpg 300w, https:\/\/tusa-precision.ch\/web\/wp-content\/uploads\/2023\/01\/3_edited_web-768x583.jpg 768w, https:\/\/tusa-precision.ch\/web\/wp-content\/uploads\/2023\/01\/3_edited_web-1536x1165.jpg 1536w, https:\/\/tusa-precision.ch\/web\/wp-content\/uploads\/2023\/01\/3_edited_web-600x455.jpg 600w, https:\/\/tusa-precision.ch\/web\/wp-content\/uploads\/2023\/01\/3_edited_web.jpg 1853w\" sizes=\"(max-width: 1024px) 100vw, 1024px\" \/>\t\t\t\t\t\t\t\t\t\t\t\t\t\t<\/div>\n\t\t\t\t\t\t<\/div>\n\t\t\t\t<\/div>\n\t\t\t\t\t\t<\/div>\n\t\t\t\t\t<\/div>\n\t\t<\/div>\n\t\t\t\t<div class=\"elementor-column elementor-col-50 elementor-inner-column elementor-element elementor-element-9954e40 elementor-invisible\" data-id=\"9954e40\" data-element_type=\"column\" data-settings=\"{&quot;animation&quot;:&quot;fadeInRight&quot;,&quot;animation_delay&quot;:600}\">\n\t\t\t<div class=\"elementor-column-wrap elementor-element-populated\">\n\t\t\t\t\t\t\t<div class=\"elementor-widget-wrap\">\n\t\t\t\t\t\t<div class=\"elementor-element elementor-element-2ced1c6 elementor-widget elementor-widget-image\" data-id=\"2ced1c6\" data-element_type=\"widget\" data-widget_type=\"image.default\">\n\t\t\t\t<div class=\"elementor-widget-container\">\n\t\t\t\t\t\t\t\t<div class=\"elementor-image\">\n\t\t\t\t\t\t\t\t\t\t\t\t<img width=\"1024\" height=\"777\" src=\"https:\/\/tusa-precision.ch\/web\/wp-content\/uploads\/2023\/01\/2_edited_web-1024x777.jpg\" class=\"attachment-large size-large wp-image-22969\" alt=\"\" loading=\"lazy\" srcset=\"https:\/\/tusa-precision.ch\/web\/wp-content\/uploads\/2023\/01\/2_edited_web-1024x777.jpg 1024w, https:\/\/tusa-precision.ch\/web\/wp-content\/uploads\/2023\/01\/2_edited_web-300x228.jpg 300w, https:\/\/tusa-precision.ch\/web\/wp-content\/uploads\/2023\/01\/2_edited_web-768x583.jpg 768w, https:\/\/tusa-precision.ch\/web\/wp-content\/uploads\/2023\/01\/2_edited_web-1536x1165.jpg 1536w, https:\/\/tusa-precision.ch\/web\/wp-content\/uploads\/2023\/01\/2_edited_web-600x455.jpg 600w, https:\/\/tusa-precision.ch\/web\/wp-content\/uploads\/2023\/01\/2_edited_web.jpg 1971w\" sizes=\"(max-width: 1024px) 100vw, 1024px\" \/>\t\t\t\t\t\t\t\t\t\t\t\t\t\t<\/div>\n\t\t\t\t\t\t<\/div>\n\t\t\t\t<\/div>\n\t\t\t\t\t\t<\/div>\n\t\t\t\t\t<\/div>\n\t\t<\/div>\n\t\t\t\t\t\t\t\t<\/div>\n\t\t\t\t\t<\/div>\n\t\t<\/section>\n\t\t\t\t<section class=\"elementor-section elementor-inner-section elementor-element elementor-element-e342712 elementor-section-boxed elementor-section-height-default elementor-section-height-default\" data-id=\"e342712\" data-element_type=\"section\">\n\t\t\t\t\t\t<div class=\"elementor-container elementor-column-gap-default\">\n\t\t\t\t\t\t\t<div class=\"elementor-row\">\n\t\t\t\t\t<div class=\"elementor-column elementor-col-50 elementor-inner-column elementor-element elementor-element-b1978a1 elementor-invisible\" data-id=\"b1978a1\" data-element_type=\"column\" data-settings=\"{&quot;animation&quot;:&quot;fadeInLeft&quot;}\">\n\t\t\t<div class=\"elementor-column-wrap elementor-element-populated\">\n\t\t\t\t\t\t\t<div class=\"elementor-widget-wrap\">\n\t\t\t\t\t\t<div class=\"elementor-element elementor-element-876a4fa elementor-widget elementor-widget-image\" data-id=\"876a4fa\" data-element_type=\"widget\" data-widget_type=\"image.default\">\n\t\t\t\t<div class=\"elementor-widget-container\">\n\t\t\t\t\t\t\t\t<div class=\"elementor-image\">\n\t\t\t\t\t\t\t\t\t\t\t\t<img width=\"1024\" height=\"777\" src=\"https:\/\/tusa-precision.ch\/web\/wp-content\/uploads\/2023\/01\/1_edited_web-1024x777.jpg\" class=\"attachment-large size-large wp-image-22973\" alt=\"\" loading=\"lazy\" srcset=\"https:\/\/tusa-precision.ch\/web\/wp-content\/uploads\/2023\/01\/1_edited_web-1024x777.jpg 1024w, https:\/\/tusa-precision.ch\/web\/wp-content\/uploads\/2023\/01\/1_edited_web-300x228.jpg 300w, https:\/\/tusa-precision.ch\/web\/wp-content\/uploads\/2023\/01\/1_edited_web-768x583.jpg 768w, https:\/\/tusa-precision.ch\/web\/wp-content\/uploads\/2023\/01\/1_edited_web-600x455.jpg 600w, https:\/\/tusa-precision.ch\/web\/wp-content\/uploads\/2023\/01\/1_edited_web.jpg 1412w\" sizes=\"(max-width: 1024px) 100vw, 1024px\" \/>\t\t\t\t\t\t\t\t\t\t\t\t\t\t<\/div>\n\t\t\t\t\t\t<\/div>\n\t\t\t\t<\/div>\n\t\t\t\t\t\t<\/div>\n\t\t\t\t\t<\/div>\n\t\t<\/div>\n\t\t\t\t<div class=\"elementor-column elementor-col-50 elementor-inner-column elementor-element elementor-element-5aad20d elementor-invisible\" data-id=\"5aad20d\" data-element_type=\"column\" data-settings=\"{&quot;animation&quot;:&quot;fadeInRight&quot;}\">\n\t\t\t<div class=\"elementor-column-wrap\">\n\t\t\t\t\t\t\t<div class=\"elementor-widget-wrap\">\n\t\t\t\t\t\t\t\t<\/div>\n\t\t\t\t\t<\/div>\n\t\t<\/div>\n\t\t\t\t\t\t\t\t<\/div>\n\t\t\t\t\t<\/div>\n\t\t<\/section>\n\t\t\t\t<div class=\"elementor-element elementor-element-472868b elementor-widget elementor-widget-spacer\" data-id=\"472868b\" data-element_type=\"widget\" data-widget_type=\"spacer.default\">\n\t\t\t\t<div class=\"elementor-widget-container\">\n\t\t\t\t\t<div class=\"elementor-spacer\">\n\t\t\t<div class=\"elementor-spacer-inner\"><\/div>\n\t\t<\/div>\n\t\t\t\t<\/div>\n\t\t\t\t<\/div>\n\t\t\t\t\t\t<\/div>\n\t\t\t\t\t<\/div>\n\t\t<\/div>\n\t\t\t\t\t\t\t\t<\/div>\n\t\t\t\t\t<\/div>\n\t\t<\/section>\n\t\t\t\t\t\t\t\t\t<\/div>\n\t\t\t<\/div>\n\t\t\t\t\t<\/div>\n\t\t","protected":false},"excerpt":{"rendered":"<p>Ans de serviceInfogram GenreInfogram \u00c9ducationInfogram \u00c2geInfogram Jubil\u00e9 2022<\/p>\n","protected":false},"author":1,"featured_media":0,"parent":0,"menu_order":6,"comment_status":"closed","ping_status":"closed","template":"","meta":{"site-sidebar-layout":"no-sidebar","site-content-layout":"page-builder","ast-global-header-display":"","ast-main-header-display":"","ast-hfb-above-header-display":"","ast-hfb-below-header-display":"","ast-hfb-mobile-header-display":"","site-post-title":"disabled","ast-breadcrumbs-content":"","ast-featured-img":"disabled","footer-sml-layout":"","theme-transparent-header-meta":"default","adv-header-id-meta":null,"stick-header-meta":null,"header-above-stick-meta":null,"header-main-stick-meta":null,"header-below-stick-meta":null},"_links":{"self":[{"href":"https:\/\/tusa-precision.ch\/fr\/wp-json\/wp\/v2\/pages\/20466"}],"collection":[{"href":"https:\/\/tusa-precision.ch\/fr\/wp-json\/wp\/v2\/pages"}],"about":[{"href":"https:\/\/tusa-precision.ch\/fr\/wp-json\/wp\/v2\/types\/page"}],"author":[{"embeddable":true,"href":"https:\/\/tusa-precision.ch\/fr\/wp-json\/wp\/v2\/users\/1"}],"replies":[{"embeddable":true,"href":"https:\/\/tusa-precision.ch\/fr\/wp-json\/wp\/v2\/comments?post=20466"}],"version-history":[{"count":0,"href":"https:\/\/tusa-precision.ch\/fr\/wp-json\/wp\/v2\/pages\/20466\/revisions"}],"wp:attachment":[{"href":"https:\/\/tusa-precision.ch\/fr\/wp-json\/wp\/v2\/media?parent=20466"}],"curies":[{"name":"wp","href":"https:\/\/api.w.org\/{rel}","templated":true}]}}