{"id":23372,"date":"2023-03-15T11:58:48","date_gmt":"2023-03-15T10:58:48","guid":{"rendered":"https:\/\/tusa-precision.ch\/conditions-generales-dachat\/"},"modified":"2023-03-15T11:58:51","modified_gmt":"2023-03-15T10:58:51","slug":"conditions-generales-dachat","status":"publish","type":"page","link":"https:\/\/tusa-precision.ch\/fr\/conditions-generales-dachat\/","title":{"rendered":"Conditions g\u00e9n\u00e9rales d\u2019achat"},"content":{"rendered":"\t\t<div data-elementor-type=\"wp-page\" data-elementor-id=\"23372\" class=\"elementor elementor-23372 elementor-23342\">\n\t\t\t\t\t\t<div class=\"elementor-inner\">\n\t\t\t\t<div class=\"elementor-section-wrap\">\n\t\t\t\t\t\t\t\t\t<section class=\"elementor-section elementor-top-section elementor-element elementor-element-71d6add elementor-section-boxed elementor-section-height-default elementor-section-height-default\" data-id=\"71d6add\" data-element_type=\"section\">\n\t\t\t\t\t\t<div class=\"elementor-container elementor-column-gap-default\">\n\t\t\t\t\t\t\t<div class=\"elementor-row\">\n\t\t\t\t\t<div class=\"elementor-column elementor-col-100 elementor-top-column elementor-element elementor-element-00f54da\" data-id=\"00f54da\" data-element_type=\"column\">\n\t\t\t<div class=\"elementor-column-wrap elementor-element-populated\">\n\t\t\t\t\t\t\t<div class=\"elementor-widget-wrap\">\n\t\t\t\t\t\t<div class=\"elementor-element elementor-element-becaa6f elementor-widget elementor-widget-spacer\" data-id=\"becaa6f\" data-element_type=\"widget\" data-widget_type=\"spacer.default\">\n\t\t\t\t<div class=\"elementor-widget-container\">\n\t\t\t\t\t<div class=\"elementor-spacer\">\n\t\t\t<div class=\"elementor-spacer-inner\"><\/div>\n\t\t<\/div>\n\t\t\t\t<\/div>\n\t\t\t\t<\/div>\n\t\t\t\t<div class=\"elementor-element elementor-element-b7da3b8 elementor-widget elementor-widget-text-editor\" data-id=\"b7da3b8\" data-element_type=\"widget\" data-widget_type=\"text-editor.default\">\n\t\t\t\t<div class=\"elementor-widget-container\">\n\t\t\t\t\t\t\t\t<div class=\"elementor-text-editor elementor-clearfix\">\n\t\t\t\t<h3>Conditions g\u00e9n\u00e9rales d\u2019achat<\/h3>\n<p>&nbsp;<\/p>\n<p><strong>1. Validit\u00e9<br \/>\n<\/strong>Seules nos conditions d&#8217;achat s&#8217;appliquent. Si le fournisseur a d&#8217;autres conditions, nous ne les acceptons que si nous y consentons par \u00e9crit.<br \/>\nSi le fournisseur \u00e9tablit une offre en r\u00e9ponse \u00e0 notre demande, il doit suivre exactement notre demande et nous informer express\u00e9ment des \u00e9carts.<br \/>\nNous nous r\u00e9servons le droit de demander des modifications raisonnables \u00e0 la conception et \u00e0 l&#8217;ex\u00e9cution de l&#8217;objet de la livraison par le fournisseur, pour autant que cela soit raisonnable. Dans ce cas, nous devons convenir ensemble des effets des modifications, notamment en ce qui concerne les co\u00fbts et les d\u00e9lais de livraison.<\/p>\n<p><strong>2. Paiement et livraison<br \/>\n<\/strong>Le r\u00e8glement d&#8217;une facture ne signifie pas automatiquement que nous reconnaissons la livraison comme conforme au contrat ou que nous renon\u00e7ons au droit de contester les d\u00e9fauts des marchandises livr\u00e9es. Si la livraison est d\u00e9fectueuse, nous nous r\u00e9servons le droit de retenir le paiement jusqu&#8217;\u00e0 ce que la livraison soit correctement effectu\u00e9e. Nous nous r\u00e9servons \u00e9galement d&#8217;autres droits de compensation et de r\u00e9tention dans les limites l\u00e9gales.<br \/>\nLe fournisseur ne peut effectuer de livraisons partielles qu&#8217;avec notre consentement express. Dans le cas contraire, le fournisseur supporte tous les co\u00fbts de livraisons ult\u00e9rieures.<\/p>\n<p><strong>3. Modifications<br \/>\n<\/strong>Les \u00e9v\u00e9nements de force majeure tels que des perturbations d&#8217;exploitation non imputables, des troubles civils, des mesures gouvernementales, des changements de situation sur le march\u00e9 et d&#8217;autres \u00e9v\u00e9nements in\u00e9vitables lib\u00e8rent les parties contractantes de leurs obligations dans la mesure et la dur\u00e9e de la perturbation. Les deux parties sont tenues de s&#8217;informer mutuellement dans les meilleurs d\u00e9lais dans la mesure du raisonnable et d&#8217;adapter leurs obligations en fonction des circonstances modifi\u00e9es de bonne foi.<\/p>\n<p><strong>4. Emballage et trasport<br \/>\n<\/strong>Les marchandises doivent \u00eatre emball\u00e9es conform\u00e9ment aux conditions demand\u00e9es afin d&#8217;\u00e9viter les dommages de transport. Le fournisseur est responsable des dommages caus\u00e9s par un emballage d\u00e9fectueux.<\/p>\n<p><strong>5. Qualit\u00e9<br \/>\n<\/strong>Le fournisseur garantit l&#8217;utilisation de mati\u00e8res premi\u00e8res identifi\u00e9es, contr\u00f4l\u00e9es et tra\u00e7ables ainsi que l&#8217;utilisation d&#8217;\u00e9quipements, de machines et d&#8217;appareils r\u00e9guli\u00e8rement v\u00e9rifi\u00e9s et entretenus pour le processus de production.<br \/>\nNous nous r\u00e9servons le droit d&#8217;effectuer des audits internes convenus par nous-m\u00eames ou par des tiers pour confirmer que les exigences susmentionn\u00e9es sont respect\u00e9es.<\/p>\n<p><strong>6. <\/strong><strong>Propri\u00e9t\u00e9 industrielle et intellectuelle<br \/>\n<\/strong>Avant toute sous-traitance \u00e9ventuelle de la commande par le fournisseur, il est n\u00e9cessaire de consulter avec nous. Seule avec notre consentement explicite, une sous-traitance peut \u00eatre effectu\u00e9e.<br \/>\nLes sp\u00e9cifications de la mati\u00e8re premi\u00e8re \u00e0 utiliser (qualit\u00e9, origine, &#8230;) peuvent \u00e9galement \u00eatre express\u00e9ment demand\u00e9es par nous : dans ce cas, toute d\u00e9viation \u00e9ventuelle par rapport \u00e0 ce qui est demand\u00e9 doit \u00eatre express\u00e9ment convenue avec nous.<br \/>\nLes pi\u00e8ces et\/ou mat\u00e9riaux fournis par nous restent notre propri\u00e9t\u00e9. Le fournisseur est tenu de stocker ces mat\u00e9riaux s\u00e9par\u00e9ment et de les identifier clairement. En outre, il doit veiller \u00e0 ce que les mat\u00e9riaux soient suffisamment assur\u00e9s contre les incendies, les inondations, le vol et autres dommages, les co\u00fbts \u00e9tant support\u00e9s par le fournisseur.<\/p>\n<p><strong>7. Protection des donn\u00e9es<br \/>\n<\/strong>Fournisseur est tenu de traiter confidentiellement et de garder secr\u00e8tes toutes les informations et\/ou donn\u00e9es commerciales et techniques. Cela inclut \u00e9galement l&#8217;obligation d&#8217;obliger les sous-traitants \u00e0 respecter la confidentialit\u00e9.<\/p>\n<p><strong>8. Droit applicable<br \/>\n<\/strong>Seul le Code des obligations suisse est applicable.<br \/>\nLe lieu de juridiction est exclusivement celui de Tusa Precision Tools SA, situ\u00e9 \u00e0 Lugano.<\/p>\n<p>TUSA PRECISION TOOLS SA<br \/>\n<span style=\"font-size: 15px;\"><i>Zaghini Marco<br \/>\nCEO<\/i><\/span><\/p>\n\t\t\t\t\t<\/div>\n\t\t\t\t\t\t<\/div>\n\t\t\t\t<\/div>\n\t\t\t\t\t\t<\/div>\n\t\t\t\t\t<\/div>\n\t\t<\/div>\n\t\t\t\t\t\t\t\t<\/div>\n\t\t\t\t\t<\/div>\n\t\t<\/section>\n\t\t\t\t\t\t\t\t\t<\/div>\n\t\t\t<\/div>\n\t\t\t\t\t<\/div>\n\t\t","protected":false},"excerpt":{"rendered":"<p>Conditions g\u00e9n\u00e9rales d\u2019achat &nbsp; 1. Validit\u00e9 Seules nos conditions d&#8217;achat s&#8217;appliquent. Si le fournisseur a d&#8217;autres conditions, nous ne les acceptons que si nous y consentons par \u00e9crit. Si le fournisseur \u00e9tablit une offre en r\u00e9ponse \u00e0 notre demande, il doit suivre exactement notre demande et nous informer express\u00e9ment des \u00e9carts. Nous nous r\u00e9servons le &hellip;<\/p>\n<p class=\"read-more\"> <a class=\"\" href=\"https:\/\/tusa-precision.ch\/fr\/conditions-generales-dachat\/\"> <span class=\"screen-reader-text\">Conditions g\u00e9n\u00e9rales d\u2019achat<\/span> Read More &raquo;<\/a><\/p>\n","protected":false},"author":1,"featured_media":0,"parent":0,"menu_order":2,"comment_status":"closed","ping_status":"closed","template":"","meta":{"site-sidebar-layout":"no-sidebar","site-content-layout":"page-builder","ast-global-header-display":"","ast-main-header-display":"","ast-hfb-above-header-display":"","ast-hfb-below-header-display":"","ast-hfb-mobile-header-display":"","site-post-title":"disabled","ast-breadcrumbs-content":"","ast-featured-img":"disabled","footer-sml-layout":"","theme-transparent-header-meta":"default","adv-header-id-meta":"","stick-header-meta":"","header-above-stick-meta":"","header-main-stick-meta":"","header-below-stick-meta":""},"_links":{"self":[{"href":"https:\/\/tusa-precision.ch\/fr\/wp-json\/wp\/v2\/pages\/23372"}],"collection":[{"href":"https:\/\/tusa-precision.ch\/fr\/wp-json\/wp\/v2\/pages"}],"about":[{"href":"https:\/\/tusa-precision.ch\/fr\/wp-json\/wp\/v2\/types\/page"}],"author":[{"embeddable":true,"href":"https:\/\/tusa-precision.ch\/fr\/wp-json\/wp\/v2\/users\/1"}],"replies":[{"embeddable":true,"href":"https:\/\/tusa-precision.ch\/fr\/wp-json\/wp\/v2\/comments?post=23372"}],"version-history":[{"count":0,"href":"https:\/\/tusa-precision.ch\/fr\/wp-json\/wp\/v2\/pages\/23372\/revisions"}],"wp:attachment":[{"href":"https:\/\/tusa-precision.ch\/fr\/wp-json\/wp\/v2\/media?parent=23372"}],"curies":[{"name":"wp","href":"https:\/\/api.w.org\/{rel}","templated":true}]}}