{"id":2716,"date":"2019-06-28T14:55:01","date_gmt":"2019-06-28T12:55:01","guid":{"rendered":"https:\/\/tusa-precision.ch\/reaffutage\/"},"modified":"2019-07-01T15:43:11","modified_gmt":"2019-07-01T13:43:11","slug":"reaffutage","status":"publish","type":"page","link":"https:\/\/tusa-precision.ch\/fr\/reaffutage\/","title":{"rendered":"Reaff\u00fbtage"},"content":{"rendered":"\t\t<div data-elementor-type=\"wp-post\" data-elementor-id=\"2716\" class=\"elementor elementor-2716 elementor-1208\">\n\t\t\t\t\t\t<div class=\"elementor-inner\">\n\t\t\t\t<div class=\"elementor-section-wrap\">\n\t\t\t\t\t\t\t\t\t<section class=\"elementor-section elementor-top-section elementor-element elementor-element-45e4b5e elementor-section-boxed elementor-section-height-default elementor-section-height-default\" data-id=\"45e4b5e\" data-element_type=\"section\">\n\t\t\t\t\t\t<div class=\"elementor-container elementor-column-gap-default\">\n\t\t\t\t\t\t\t<div class=\"elementor-row\">\n\t\t\t\t\t<div class=\"elementor-column elementor-col-100 elementor-top-column elementor-element elementor-element-cfa9a63\" data-id=\"cfa9a63\" data-element_type=\"column\">\n\t\t\t<div class=\"elementor-column-wrap elementor-element-populated\">\n\t\t\t\t\t\t\t<div class=\"elementor-widget-wrap\">\n\t\t\t\t\t\t<div class=\"elementor-element elementor-element-fca1ed8 elementor-widget elementor-widget-spacer\" data-id=\"fca1ed8\" data-element_type=\"widget\" data-widget_type=\"spacer.default\">\n\t\t\t\t<div class=\"elementor-widget-container\">\n\t\t\t\t\t<div class=\"elementor-spacer\">\n\t\t\t<div class=\"elementor-spacer-inner\"><\/div>\n\t\t<\/div>\n\t\t\t\t<\/div>\n\t\t\t\t<\/div>\n\t\t\t\t<section class=\"elementor-section elementor-inner-section elementor-element elementor-element-1c95c7a elementor-section-boxed elementor-section-height-default elementor-section-height-default\" data-id=\"1c95c7a\" data-element_type=\"section\">\n\t\t\t\t\t\t<div class=\"elementor-container elementor-column-gap-default\">\n\t\t\t\t\t\t\t<div class=\"elementor-row\">\n\t\t\t\t\t<div class=\"elementor-column elementor-col-50 elementor-inner-column elementor-element elementor-element-36fd281\" data-id=\"36fd281\" data-element_type=\"column\">\n\t\t\t<div class=\"elementor-column-wrap elementor-element-populated\">\n\t\t\t\t\t\t\t<div class=\"elementor-widget-wrap\">\n\t\t\t\t\t\t<div class=\"elementor-element elementor-element-9ecd442 elementor-widget elementor-widget-image\" data-id=\"9ecd442\" data-element_type=\"widget\" data-widget_type=\"image.default\">\n\t\t\t\t<div class=\"elementor-widget-container\">\n\t\t\t\t\t\t\t\t<div class=\"elementor-image\">\n\t\t\t\t\t\t\t\t\t\t\t\t<img width=\"549\" height=\"400\" src=\"https:\/\/tusa-precision.ch\/web\/wp-content\/uploads\/2019\/03\/tamburo-xsmall.jpg\" class=\"attachment-medium_large size-medium_large wp-image-2165\" alt=\"\" loading=\"lazy\" srcset=\"https:\/\/tusa-precision.ch\/web\/wp-content\/uploads\/2019\/03\/tamburo-xsmall.jpg 549w, https:\/\/tusa-precision.ch\/web\/wp-content\/uploads\/2019\/03\/tamburo-xsmall-300x219.jpg 300w\" sizes=\"(max-width: 549px) 100vw, 549px\" \/>\t\t\t\t\t\t\t\t\t\t\t\t\t\t<\/div>\n\t\t\t\t\t\t<\/div>\n\t\t\t\t<\/div>\n\t\t\t\t\t\t<\/div>\n\t\t\t\t\t<\/div>\n\t\t<\/div>\n\t\t\t\t<div class=\"elementor-column elementor-col-50 elementor-inner-column elementor-element elementor-element-6b589c8\" data-id=\"6b589c8\" data-element_type=\"column\">\n\t\t\t<div class=\"elementor-column-wrap elementor-element-populated\">\n\t\t\t\t\t\t\t<div class=\"elementor-widget-wrap\">\n\t\t\t\t\t\t<div class=\"elementor-element elementor-element-756dae3 elementor-widget elementor-widget-heading\" data-id=\"756dae3\" data-element_type=\"widget\" data-widget_type=\"heading.default\">\n\t\t\t\t<div class=\"elementor-widget-container\">\n\t\t\t<h3 class=\"elementor-heading-title elementor-size-default\">Service de reaff\u00fbtage<\/h3>\t\t<\/div>\n\t\t\t\t<\/div>\n\t\t\t\t<div class=\"elementor-element elementor-element-7916380 elementor-widget elementor-widget-text-editor\" data-id=\"7916380\" data-element_type=\"widget\" data-widget_type=\"text-editor.default\">\n\t\t\t\t<div class=\"elementor-widget-container\">\n\t\t\t\t\t\t\t\t<div class=\"elementor-text-editor elementor-clearfix\">\n\t\t\t\t<p>Avec l\u2019augmentation continue des prix de la mati\u00e8re premi\u00e8re, et les longs d\u00e9lais de livraison des barreaux en m\u00e9tal dur, un proc\u00e9d\u00e9 de r\u00e9g\u00e9n\u00e9ration des outils devient toujours plus int\u00e9ressant pour les clients.<br \/>\nL\u2019incidence du co\u00fbt du mat\u00e9riel sur le prix final des outils est consid\u00e9rable et dans certains cas peut arriver jusqu\u2019au 60%! Pourquoi ne pas profiter de cette opportunit\u00e9?<br \/>\nLa maison Tusa Precision Tools SA, gr\u00e2ce \u00e0 son exp\u00e9rience d\u00e9cennale et au professionnalisme de son Team, peut r\u00e9g\u00e9n\u00e9rer avec le maximum de qualit\u00e9 ses propres outils, aussi plusieurs fois, toujours en garantissant les performances initiales de ses propres produits et en divisant les co\u00fbts d\u2019utilisation.<br \/>\nOn peut garantir des services personnalis\u00e9s et, dans le cas d\u2019urgences, des canaux pour un service rapide, en gagnant du temps et de l\u2019argent. Contactez notre service technique et discutez avec eux la meilleure solution pour votre entreprise.<\/p>\n\t\t\t\t\t<\/div>\n\t\t\t\t\t\t<\/div>\n\t\t\t\t<\/div>\n\t\t\t\t\t\t<\/div>\n\t\t\t\t\t<\/div>\n\t\t<\/div>\n\t\t\t\t\t\t\t\t<\/div>\n\t\t\t\t\t<\/div>\n\t\t<\/section>\n\t\t\t\t<section class=\"elementor-section elementor-inner-section elementor-element elementor-element-8f6d3dd elementor-section-content-middle elementor-section-boxed elementor-section-height-default elementor-section-height-default\" data-id=\"8f6d3dd\" data-element_type=\"section\">\n\t\t\t\t\t\t<div class=\"elementor-container elementor-column-gap-default\">\n\t\t\t\t\t\t\t<div class=\"elementor-row\">\n\t\t\t\t\t<div class=\"elementor-column elementor-col-50 elementor-inner-column elementor-element elementor-element-b3af84e\" data-id=\"b3af84e\" data-element_type=\"column\">\n\t\t\t<div class=\"elementor-column-wrap elementor-element-populated\">\n\t\t\t\t\t\t\t<div class=\"elementor-widget-wrap\">\n\t\t\t\t\t\t<div class=\"elementor-element elementor-element-2798435 elementor-widget elementor-widget-text-editor\" data-id=\"2798435\" data-element_type=\"widget\" data-widget_type=\"text-editor.default\">\n\t\t\t\t<div class=\"elementor-widget-container\">\n\t\t\t\t\t\t\t\t<div class=\"elementor-text-editor elementor-clearfix\">\n\t\t\t\t<p>Les avantages du r\u00e9aff\u00fbtage par le producteur originaire de l\u2019outil:<br \/>\u2022 Les outils seront reaff\u00fbt\u00e9s avec les g\u00e9ometries d\u2019origine<br \/>\u2022 Les outils seront reaff\u00fbt\u00e9s avec les g\u00e9ometries d\u2019origine<br \/>\u2022 \u2022\tS\u2019ils sont rev\u00eatus, on effectuera de nouveau le traitement d\u2019origine<\/p>\n\t\t\t\t\t<\/div>\n\t\t\t\t\t\t<\/div>\n\t\t\t\t<\/div>\n\t\t\t\t\t\t<\/div>\n\t\t\t\t\t<\/div>\n\t\t<\/div>\n\t\t\t\t<div class=\"elementor-column elementor-col-50 elementor-inner-column elementor-element elementor-element-6227dcb\" data-id=\"6227dcb\" data-element_type=\"column\">\n\t\t\t<div class=\"elementor-column-wrap elementor-element-populated\">\n\t\t\t\t\t\t\t<div class=\"elementor-widget-wrap\">\n\t\t\t\t\t\t<div class=\"elementor-element elementor-element-5efb22f elementor-widget elementor-widget-image\" data-id=\"5efb22f\" data-element_type=\"widget\" data-widget_type=\"image.default\">\n\t\t\t\t<div class=\"elementor-widget-container\">\n\t\t\t\t\t\t\t\t<div class=\"elementor-image\">\n\t\t\t\t\t\t\t\t\t\t\t\t<img width=\"1024\" height=\"576\" src=\"https:\/\/tusa-precision.ch\/web\/wp-content\/uploads\/2019\/03\/MG_0613_mk2-1024x576.jpg\" class=\"attachment-large size-large wp-image-2078\" alt=\"\" loading=\"lazy\" srcset=\"https:\/\/tusa-precision.ch\/web\/wp-content\/uploads\/2019\/03\/MG_0613_mk2-1024x576.jpg 1024w, https:\/\/tusa-precision.ch\/web\/wp-content\/uploads\/2019\/03\/MG_0613_mk2-300x169.jpg 300w, https:\/\/tusa-precision.ch\/web\/wp-content\/uploads\/2019\/03\/MG_0613_mk2-768x432.jpg 768w, https:\/\/tusa-precision.ch\/web\/wp-content\/uploads\/2019\/03\/MG_0613_mk2.jpg 1280w\" sizes=\"(max-width: 1024px) 100vw, 1024px\" \/>\t\t\t\t\t\t\t\t\t\t\t\t\t\t<\/div>\n\t\t\t\t\t\t<\/div>\n\t\t\t\t<\/div>\n\t\t\t\t\t\t<\/div>\n\t\t\t\t\t<\/div>\n\t\t<\/div>\n\t\t\t\t\t\t\t\t<\/div>\n\t\t\t\t\t<\/div>\n\t\t<\/section>\n\t\t\t\t\t\t<\/div>\n\t\t\t\t\t<\/div>\n\t\t<\/div>\n\t\t\t\t\t\t\t\t<\/div>\n\t\t\t\t\t<\/div>\n\t\t<\/section>\n\t\t\t\t<section class=\"elementor-section elementor-top-section elementor-element elementor-element-a5faea4 elementor-section-boxed elementor-section-height-default elementor-section-height-default\" data-id=\"a5faea4\" data-element_type=\"section\">\n\t\t\t\t\t\t<div class=\"elementor-container elementor-column-gap-default\">\n\t\t\t\t\t\t\t<div class=\"elementor-row\">\n\t\t\t\t\t<div class=\"elementor-column elementor-col-100 elementor-top-column elementor-element elementor-element-d8c2ba7\" data-id=\"d8c2ba7\" data-element_type=\"column\">\n\t\t\t<div class=\"elementor-column-wrap elementor-element-populated\">\n\t\t\t\t\t\t\t<div class=\"elementor-widget-wrap\">\n\t\t\t\t\t\t<div class=\"elementor-element elementor-element-0ac903b elementor-widget elementor-widget-image\" data-id=\"0ac903b\" data-element_type=\"widget\" data-widget_type=\"image.default\">\n\t\t\t\t<div class=\"elementor-widget-container\">\n\t\t\t\t\t\t\t\t<div class=\"elementor-image\">\n\t\t\t\t\t\t\t\t\t\t\t\t<img width=\"1024\" height=\"447\" src=\"https:\/\/tusa-precision.ch\/web\/wp-content\/uploads\/2019\/03\/gruppo_utensili-1024x447.jpg\" class=\"attachment-large size-large wp-image-2168\" alt=\"\" loading=\"lazy\" srcset=\"https:\/\/tusa-precision.ch\/web\/wp-content\/uploads\/2019\/03\/gruppo_utensili-1024x447.jpg 1024w, https:\/\/tusa-precision.ch\/web\/wp-content\/uploads\/2019\/03\/gruppo_utensili-300x131.jpg 300w, https:\/\/tusa-precision.ch\/web\/wp-content\/uploads\/2019\/03\/gruppo_utensili-768x335.jpg 768w, https:\/\/tusa-precision.ch\/web\/wp-content\/uploads\/2019\/03\/gruppo_utensili.jpg 1825w\" sizes=\"(max-width: 1024px) 100vw, 1024px\" \/>\t\t\t\t\t\t\t\t\t\t\t\t\t\t<\/div>\n\t\t\t\t\t\t<\/div>\n\t\t\t\t<\/div>\n\t\t\t\t<div class=\"elementor-element elementor-element-0ce648e elementor-widget elementor-widget-text-editor\" data-id=\"0ce648e\" data-element_type=\"widget\" data-widget_type=\"text-editor.default\">\n\t\t\t\t<div class=\"elementor-widget-container\">\n\t\t\t\t\t\t\t\t<div class=\"elementor-text-editor elementor-clearfix\">\n\t\t\t\t<p style=\"text-align: center;\">Ainsi on aura un outil r\u00e9g\u00e9n\u00e9r\u00e9 avec les m\u00eames caract\u00e9ristiques d\u2019un outil neuf.<\/p>\n\t\t\t\t\t<\/div>\n\t\t\t\t\t\t<\/div>\n\t\t\t\t<\/div>\n\t\t\t\t\t\t<\/div>\n\t\t\t\t\t<\/div>\n\t\t<\/div>\n\t\t\t\t\t\t\t\t<\/div>\n\t\t\t\t\t<\/div>\n\t\t<\/section>\n\t\t\t\t<section class=\"elementor-section elementor-top-section elementor-element elementor-element-6cfb894 elementor-section-boxed elementor-section-height-default elementor-section-height-default\" data-id=\"6cfb894\" data-element_type=\"section\">\n\t\t\t\t\t\t<div class=\"elementor-container elementor-column-gap-default\">\n\t\t\t\t\t\t\t<div class=\"elementor-row\">\n\t\t\t\t\t<div class=\"elementor-column elementor-col-50 elementor-top-column elementor-element elementor-element-30c8107\" data-id=\"30c8107\" data-element_type=\"column\">\n\t\t\t<div class=\"elementor-column-wrap elementor-element-populated\">\n\t\t\t\t\t\t\t<div class=\"elementor-widget-wrap\">\n\t\t\t\t\t\t<div class=\"elementor-element elementor-element-da30358 elementor-widget elementor-widget-image\" data-id=\"da30358\" data-element_type=\"widget\" data-widget_type=\"image.default\">\n\t\t\t\t<div class=\"elementor-widget-container\">\n\t\t\t\t\t\t\t\t<div class=\"elementor-image\">\n\t\t\t\t\t\t\t\t\t\t\t\t<img width=\"667\" height=\"1000\" src=\"https:\/\/tusa-precision.ch\/web\/wp-content\/uploads\/2019\/03\/MG_0760.jpg\" class=\"attachment-large size-large wp-image-2171\" alt=\"\" loading=\"lazy\" srcset=\"https:\/\/tusa-precision.ch\/web\/wp-content\/uploads\/2019\/03\/MG_0760.jpg 667w, https:\/\/tusa-precision.ch\/web\/wp-content\/uploads\/2019\/03\/MG_0760-200x300.jpg 200w\" sizes=\"(max-width: 667px) 100vw, 667px\" \/>\t\t\t\t\t\t\t\t\t\t\t\t\t\t<\/div>\n\t\t\t\t\t\t<\/div>\n\t\t\t\t<\/div>\n\t\t\t\t\t\t<\/div>\n\t\t\t\t\t<\/div>\n\t\t<\/div>\n\t\t\t\t<div class=\"elementor-column elementor-col-50 elementor-top-column elementor-element elementor-element-7a15584\" data-id=\"7a15584\" data-element_type=\"column\">\n\t\t\t<div class=\"elementor-column-wrap elementor-element-populated\">\n\t\t\t\t\t\t\t<div class=\"elementor-widget-wrap\">\n\t\t\t\t\t\t<div class=\"elementor-element elementor-element-c7ec055 elementor-widget elementor-widget-text-editor\" data-id=\"c7ec055\" data-element_type=\"widget\" data-widget_type=\"text-editor.default\">\n\t\t\t\t<div class=\"elementor-widget-container\">\n\t\t\t\t\t\t\t\t<div class=\"elementor-text-editor elementor-clearfix\">\n\t\t\t\t<p>\u00c1 la r\u00e9ception des outils <strong>TUSA PRECISION TOOLS SA<\/strong> v\u00e9rifiera soigneusement leur \u00e9tat et leur condition d\u2019usure en \u00e9cartant ceux qui ne pr\u00e9sentent plus les conditions pour \u00eatre r\u00e9g\u00e9n\u00e9r\u00e9s. Bien \u00e9videmment les outils \u00e9cart\u00e9s, donc pas r\u00e9g\u00e9n\u00e9r\u00e9s, ne seront pas factur\u00e9s.<\/p>\n\t\t\t\t\t<\/div>\n\t\t\t\t\t\t<\/div>\n\t\t\t\t<\/div>\n\t\t\t\t<div class=\"elementor-element elementor-element-e327283 elementor-widget elementor-widget-image\" data-id=\"e327283\" data-element_type=\"widget\" data-widget_type=\"image.default\">\n\t\t\t\t<div class=\"elementor-widget-container\">\n\t\t\t\t\t\t\t\t<div class=\"elementor-image\">\n\t\t\t\t\t\t\t\t\t\t\t\t<img width=\"1000\" height=\"667\" src=\"https:\/\/tusa-precision.ch\/web\/wp-content\/uploads\/2019\/03\/MG_0727.jpg\" class=\"attachment-large size-large wp-image-2174\" alt=\"\" loading=\"lazy\" srcset=\"https:\/\/tusa-precision.ch\/web\/wp-content\/uploads\/2019\/03\/MG_0727.jpg 1000w, https:\/\/tusa-precision.ch\/web\/wp-content\/uploads\/2019\/03\/MG_0727-300x200.jpg 300w, https:\/\/tusa-precision.ch\/web\/wp-content\/uploads\/2019\/03\/MG_0727-768x512.jpg 768w\" sizes=\"(max-width: 1000px) 100vw, 1000px\" \/>\t\t\t\t\t\t\t\t\t\t\t\t\t\t<\/div>\n\t\t\t\t\t\t<\/div>\n\t\t\t\t<\/div>\n\t\t\t\t<div class=\"elementor-element elementor-element-e23274b elementor-widget elementor-widget-text-editor\" data-id=\"e23274b\" data-element_type=\"widget\" data-widget_type=\"text-editor.default\">\n\t\t\t\t<div class=\"elementor-widget-container\">\n\t\t\t\t\t\t\t\t<div class=\"elementor-text-editor elementor-clearfix\">\n\t\t\t\t<p>Les outils qui passeront cette premi\u00e8re s\u00e9lection seront r\u00e9g\u00e9n\u00e9r\u00e9s avec les g\u00e9om\u00e9tries originales et \u00e9ventuellement rev\u00eatus avec un rev\u00eatement d\u2019origine.<br \/>\nAvant d\u2019\u00eatre re-envoy\u00e9s, tous les outils r\u00e9g\u00e9n\u00e9r\u00e9s seront de nouveau contr\u00f4l\u00e9s avec le syst\u00e8me de qualit\u00e9 utilis\u00e9 habituellement.<\/p>\n\t\t\t\t\t<\/div>\n\t\t\t\t\t\t<\/div>\n\t\t\t\t<\/div>\n\t\t\t\t\t\t<\/div>\n\t\t\t\t\t<\/div>\n\t\t<\/div>\n\t\t\t\t\t\t\t\t<\/div>\n\t\t\t\t\t<\/div>\n\t\t<\/section>\n\t\t\t\t<section class=\"elementor-section elementor-top-section elementor-element elementor-element-b1a7c28 elementor-section-boxed elementor-section-height-default elementor-section-height-default\" data-id=\"b1a7c28\" data-element_type=\"section\">\n\t\t\t\t\t\t<div class=\"elementor-container elementor-column-gap-default\">\n\t\t\t\t\t\t\t<div class=\"elementor-row\">\n\t\t\t\t\t<div class=\"elementor-column elementor-col-100 elementor-top-column elementor-element elementor-element-dabcb92\" data-id=\"dabcb92\" data-element_type=\"column\">\n\t\t\t<div class=\"elementor-column-wrap elementor-element-populated\">\n\t\t\t\t\t\t\t<div class=\"elementor-widget-wrap\">\n\t\t\t\t\t\t<div class=\"elementor-element elementor-element-05fae5a elementor-widget elementor-widget-spacer\" data-id=\"05fae5a\" data-element_type=\"widget\" data-widget_type=\"spacer.default\">\n\t\t\t\t<div class=\"elementor-widget-container\">\n\t\t\t\t\t<div class=\"elementor-spacer\">\n\t\t\t<div class=\"elementor-spacer-inner\"><\/div>\n\t\t<\/div>\n\t\t\t\t<\/div>\n\t\t\t\t<\/div>\n\t\t\t\t\t\t<\/div>\n\t\t\t\t\t<\/div>\n\t\t<\/div>\n\t\t\t\t\t\t\t\t<\/div>\n\t\t\t\t\t<\/div>\n\t\t<\/section>\n\t\t\t\t\t\t\t\t\t<\/div>\n\t\t\t<\/div>\n\t\t\t\t\t<\/div>\n\t\t","protected":false},"excerpt":{"rendered":"<p>Service de reaff\u00fbtage Avec l\u2019augmentation continue des prix de la mati\u00e8re premi\u00e8re, et les longs d\u00e9lais de livraison des barreaux en m\u00e9tal dur, un proc\u00e9d\u00e9 de r\u00e9g\u00e9n\u00e9ration des outils devient toujours plus int\u00e9ressant pour les clients. L\u2019incidence du co\u00fbt du mat\u00e9riel sur le prix final des outils est consid\u00e9rable et dans certains cas peut arriver &hellip;<\/p>\n<p class=\"read-more\"> <a class=\"\" href=\"https:\/\/tusa-precision.ch\/fr\/reaffutage\/\"> <span class=\"screen-reader-text\">Reaff\u00fbtage<\/span> Read More &raquo;<\/a><\/p>\n","protected":false},"author":1,"featured_media":0,"parent":0,"menu_order":8,"comment_status":"closed","ping_status":"closed","template":"","meta":{"site-sidebar-layout":"default","site-content-layout":"default","ast-global-header-display":"","ast-main-header-display":"","ast-hfb-above-header-display":"","ast-hfb-below-header-display":"","ast-hfb-mobile-header-display":"","site-post-title":"disabled","ast-breadcrumbs-content":"","ast-featured-img":"disabled","footer-sml-layout":"","theme-transparent-header-meta":"default","adv-header-id-meta":"","stick-header-meta":"","header-above-stick-meta":"","header-main-stick-meta":"","header-below-stick-meta":""},"_links":{"self":[{"href":"https:\/\/tusa-precision.ch\/fr\/wp-json\/wp\/v2\/pages\/2716"}],"collection":[{"href":"https:\/\/tusa-precision.ch\/fr\/wp-json\/wp\/v2\/pages"}],"about":[{"href":"https:\/\/tusa-precision.ch\/fr\/wp-json\/wp\/v2\/types\/page"}],"author":[{"embeddable":true,"href":"https:\/\/tusa-precision.ch\/fr\/wp-json\/wp\/v2\/users\/1"}],"replies":[{"embeddable":true,"href":"https:\/\/tusa-precision.ch\/fr\/wp-json\/wp\/v2\/comments?post=2716"}],"version-history":[{"count":0,"href":"https:\/\/tusa-precision.ch\/fr\/wp-json\/wp\/v2\/pages\/2716\/revisions"}],"wp:attachment":[{"href":"https:\/\/tusa-precision.ch\/fr\/wp-json\/wp\/v2\/media?parent=2716"}],"curies":[{"name":"wp","href":"https:\/\/api.w.org\/{rel}","templated":true}]}}