{"id":2718,"date":"2019-06-28T15:24:33","date_gmt":"2019-06-28T13:24:33","guid":{"rendered":"https:\/\/tusa-precision.ch\/metal-dur\/"},"modified":"2019-07-01T15:45:46","modified_gmt":"2019-07-01T13:45:46","slug":"metal-dur","status":"publish","type":"page","link":"https:\/\/tusa-precision.ch\/fr\/metal-dur\/","title":{"rendered":"M\u00e9tal dur"},"content":{"rendered":"\t\t<div data-elementor-type=\"wp-post\" data-elementor-id=\"2718\" class=\"elementor elementor-2718 elementor-1299 elementor-bc-flex-widget\">\n\t\t\t\t\t\t<div class=\"elementor-inner\">\n\t\t\t\t<div class=\"elementor-section-wrap\">\n\t\t\t\t\t\t\t\t\t<section class=\"elementor-section elementor-top-section elementor-element elementor-element-8034549 elementor-section-boxed elementor-section-height-default elementor-section-height-default\" data-id=\"8034549\" data-element_type=\"section\">\n\t\t\t\t\t\t<div class=\"elementor-container elementor-column-gap-default\">\n\t\t\t\t\t\t\t<div class=\"elementor-row\">\n\t\t\t\t\t<div class=\"elementor-column elementor-col-100 elementor-top-column elementor-element elementor-element-4e5daad\" data-id=\"4e5daad\" data-element_type=\"column\">\n\t\t\t<div class=\"elementor-column-wrap elementor-element-populated\">\n\t\t\t\t\t\t\t<div class=\"elementor-widget-wrap\">\n\t\t\t\t\t\t<div class=\"elementor-element elementor-element-40996f1 elementor-widget elementor-widget-spacer\" data-id=\"40996f1\" data-element_type=\"widget\" data-widget_type=\"spacer.default\">\n\t\t\t\t<div class=\"elementor-widget-container\">\n\t\t\t\t\t<div class=\"elementor-spacer\">\n\t\t\t<div class=\"elementor-spacer-inner\"><\/div>\n\t\t<\/div>\n\t\t\t\t<\/div>\n\t\t\t\t<\/div>\n\t\t\t\t\t\t<\/div>\n\t\t\t\t\t<\/div>\n\t\t<\/div>\n\t\t\t\t\t\t\t\t<\/div>\n\t\t\t\t\t<\/div>\n\t\t<\/section>\n\t\t\t\t<section class=\"elementor-section elementor-top-section elementor-element elementor-element-b44f033 elementor-section-boxed elementor-section-height-default elementor-section-height-default\" data-id=\"b44f033\" data-element_type=\"section\">\n\t\t\t\t\t\t<div class=\"elementor-container elementor-column-gap-default\">\n\t\t\t\t\t\t\t<div class=\"elementor-row\">\n\t\t\t\t\t<div class=\"elementor-column elementor-col-33 elementor-top-column elementor-element elementor-element-c626e66\" data-id=\"c626e66\" data-element_type=\"column\">\n\t\t\t<div class=\"elementor-column-wrap elementor-element-populated\">\n\t\t\t\t\t\t\t<div class=\"elementor-widget-wrap\">\n\t\t\t\t\t\t<div class=\"elementor-element elementor-element-49b3388 elementor-widget elementor-widget-image\" data-id=\"49b3388\" data-element_type=\"widget\" data-widget_type=\"image.default\">\n\t\t\t\t<div class=\"elementor-widget-container\">\n\t\t\t\t\t\t\t\t<div class=\"elementor-image\">\n\t\t\t\t\t\t\t\t\t\t\t\t<img width=\"450\" height=\"353\" src=\"https:\/\/tusa-precision.ch\/web\/wp-content\/uploads\/2019\/03\/md02_b.jpg\" class=\"attachment-large size-large wp-image-2186\" alt=\"\" loading=\"lazy\" srcset=\"https:\/\/tusa-precision.ch\/web\/wp-content\/uploads\/2019\/03\/md02_b.jpg 450w, https:\/\/tusa-precision.ch\/web\/wp-content\/uploads\/2019\/03\/md02_b-300x235.jpg 300w\" sizes=\"(max-width: 450px) 100vw, 450px\" \/>\t\t\t\t\t\t\t\t\t\t\t\t\t\t<\/div>\n\t\t\t\t\t\t<\/div>\n\t\t\t\t<\/div>\n\t\t\t\t<div class=\"elementor-element elementor-element-52e7a53 elementor-widget elementor-widget-text-editor\" data-id=\"52e7a53\" data-element_type=\"widget\" data-widget_type=\"text-editor.default\">\n\t\t\t\t<div class=\"elementor-widget-container\">\n\t\t\t\t\t\t\t\t<div class=\"elementor-text-editor elementor-clearfix\">\n\t\t\t\t<p>Le m\u00e9tal dur est compos\u00e9 de particules de Carbure de Tungst\u00e8ne (WC) li\u00e9es entre elles par un liant qui normalement est le Cobalte (Co).<\/p>\n\t\t\t\t\t<\/div>\n\t\t\t\t\t\t<\/div>\n\t\t\t\t<\/div>\n\t\t\t\t<div class=\"elementor-element elementor-element-79e3946 elementor-widget elementor-widget-image\" data-id=\"79e3946\" data-element_type=\"widget\" data-widget_type=\"image.default\">\n\t\t\t\t<div class=\"elementor-widget-container\">\n\t\t\t\t\t\t\t\t<div class=\"elementor-image\">\n\t\t\t\t\t\t\t\t\t\t\t\t<img width=\"600\" height=\"348\" src=\"https:\/\/tusa-precision.ch\/web\/wp-content\/uploads\/2019\/03\/md01bis.jpg\" class=\"attachment-large size-large wp-image-2195\" alt=\"\" loading=\"lazy\" srcset=\"https:\/\/tusa-precision.ch\/web\/wp-content\/uploads\/2019\/03\/md01bis.jpg 600w, https:\/\/tusa-precision.ch\/web\/wp-content\/uploads\/2019\/03\/md01bis-300x174.jpg 300w\" sizes=\"(max-width: 600px) 100vw, 600px\" \/>\t\t\t\t\t\t\t\t\t\t\t\t\t\t<\/div>\n\t\t\t\t\t\t<\/div>\n\t\t\t\t<\/div>\n\t\t\t\t\t\t<\/div>\n\t\t\t\t\t<\/div>\n\t\t<\/div>\n\t\t\t\t<div class=\"elementor-column elementor-col-33 elementor-top-column elementor-element elementor-element-5261e44\" data-id=\"5261e44\" data-element_type=\"column\">\n\t\t\t<div class=\"elementor-column-wrap elementor-element-populated\">\n\t\t\t\t\t\t\t<div class=\"elementor-widget-wrap\">\n\t\t\t\t\t\t<div class=\"elementor-element elementor-element-35050e8 elementor-widget elementor-widget-image\" data-id=\"35050e8\" data-element_type=\"widget\" data-widget_type=\"image.default\">\n\t\t\t\t<div class=\"elementor-widget-container\">\n\t\t\t\t\t\t\t\t<div class=\"elementor-image\">\n\t\t\t\t\t\t\t\t\t\t\t\t<img width=\"335\" height=\"303\" src=\"https:\/\/tusa-precision.ch\/web\/wp-content\/uploads\/2019\/03\/md03.jpg\" class=\"attachment-large size-large wp-image-2189\" alt=\"\" loading=\"lazy\" srcset=\"https:\/\/tusa-precision.ch\/web\/wp-content\/uploads\/2019\/03\/md03.jpg 335w, https:\/\/tusa-precision.ch\/web\/wp-content\/uploads\/2019\/03\/md03-300x271.jpg 300w\" sizes=\"(max-width: 335px) 100vw, 335px\" \/>\t\t\t\t\t\t\t\t\t\t\t\t\t\t<\/div>\n\t\t\t\t\t\t<\/div>\n\t\t\t\t<\/div>\n\t\t\t\t<div class=\"elementor-element elementor-element-6d2f848 elementor-widget elementor-widget-text-editor\" data-id=\"6d2f848\" data-element_type=\"widget\" data-widget_type=\"text-editor.default\">\n\t\t\t\t<div class=\"elementor-widget-container\">\n\t\t\t\t\t\t\t\t<div class=\"elementor-text-editor elementor-clearfix\">\n\t\t\t\t<p>La production du m\u00e9tal dur s\u2019effectue en utilisant des proc\u00e9d\u00e9s appel\u00e9s \u00abm\u00e9tallurgie des poudres\u00bb.<br \/>\nOn commence avec le m\u00e9lange soigneux des poudres de WC et de Co avec l\u2019ajout d\u2019un composant lubrifiant (normalement de la Paraffine) pour favoriser une uniformisation de la compression en phase de pressage ou d\u2019extrusion. Pour permettre un usinage des composants extrud\u00e9s ou press\u00e9s ceux-ci passent par un processus de pr\u00e9frittage, qui d\u00e9termine une consistance similaire \u00e0 celle d\u2019un b\u00e2tonnet de craie. Par le biais du frittage final la pi\u00e8ce se transforme dans le produit d\u00e9sir\u00e9.<\/p>\n\t\t\t\t\t<\/div>\n\t\t\t\t\t\t<\/div>\n\t\t\t\t<\/div>\n\t\t\t\t\t\t<\/div>\n\t\t\t\t\t<\/div>\n\t\t<\/div>\n\t\t\t\t<div class=\"elementor-column elementor-col-33 elementor-top-column elementor-element elementor-element-5f25959\" data-id=\"5f25959\" data-element_type=\"column\">\n\t\t\t<div class=\"elementor-column-wrap elementor-element-populated\">\n\t\t\t\t\t\t\t<div class=\"elementor-widget-wrap\">\n\t\t\t\t\t\t<div class=\"elementor-element elementor-element-8244d96 elementor-widget elementor-widget-image\" data-id=\"8244d96\" data-element_type=\"widget\" data-widget_type=\"image.default\">\n\t\t\t\t<div class=\"elementor-widget-container\">\n\t\t\t\t\t\t\t\t<div class=\"elementor-image\">\n\t\t\t\t\t\t\t\t\t\t\t\t<img width=\"879\" height=\"1024\" src=\"https:\/\/tusa-precision.ch\/web\/wp-content\/uploads\/2019\/03\/metallo-duro-879x1024.jpg\" class=\"attachment-large size-large wp-image-2192\" alt=\"\" loading=\"lazy\" srcset=\"https:\/\/tusa-precision.ch\/web\/wp-content\/uploads\/2019\/03\/metallo-duro-879x1024.jpg 879w, https:\/\/tusa-precision.ch\/web\/wp-content\/uploads\/2019\/03\/metallo-duro-258x300.jpg 258w, https:\/\/tusa-precision.ch\/web\/wp-content\/uploads\/2019\/03\/metallo-duro-768x894.jpg 768w, https:\/\/tusa-precision.ch\/web\/wp-content\/uploads\/2019\/03\/metallo-duro.jpg 1288w\" sizes=\"(max-width: 879px) 100vw, 879px\" \/>\t\t\t\t\t\t\t\t\t\t\t\t\t\t<\/div>\n\t\t\t\t\t\t<\/div>\n\t\t\t\t<\/div>\n\t\t\t\t<div class=\"elementor-element elementor-element-a6ffdd3 elementor-widget elementor-widget-text-editor\" data-id=\"a6ffdd3\" data-element_type=\"widget\" data-widget_type=\"text-editor.default\">\n\t\t\t\t<div class=\"elementor-widget-container\">\n\t\t\t\t\t\t\t\t<div class=\"elementor-text-editor elementor-clearfix\">\n\t\t\t\t<p>Pour satisfaire les exigences de l\u2019enl\u00e8vement de copeaux il est imp\u00e9ratif de choisir un m\u00e9tal dur appropri\u00e9. Ceci s\u2019obtient en \u00e9valuant la typologie de m\u00e9tal dur d\u2019apr\u00e8s sa granulom\u00e9trie (taille des particules de Tungst\u00e8ne) et son pourcentage de liant (Co).<br \/>\nL\u2019entreprise TUSA ach\u00e8te les produits semi-ouvr\u00e9s (barrettes ou autres) chez des fournisseurs certifi\u00e9s et reconnus au niveau international pour la qualit\u00e9 de leurs produits.<\/p>\n\t\t\t\t\t<\/div>\n\t\t\t\t\t\t<\/div>\n\t\t\t\t<\/div>\n\t\t\t\t\t\t<\/div>\n\t\t\t\t\t<\/div>\n\t\t<\/div>\n\t\t\t\t\t\t\t\t<\/div>\n\t\t\t\t\t<\/div>\n\t\t<\/section>\n\t\t\t\t<section class=\"elementor-section elementor-top-section elementor-element elementor-element-a6e3701 elementor-section-boxed elementor-section-height-default elementor-section-height-default\" data-id=\"a6e3701\" data-element_type=\"section\">\n\t\t\t\t\t\t<div class=\"elementor-container elementor-column-gap-default\">\n\t\t\t\t\t\t\t<div class=\"elementor-row\">\n\t\t\t\t\t<div class=\"elementor-column elementor-col-100 elementor-top-column elementor-element elementor-element-f6946ea\" data-id=\"f6946ea\" data-element_type=\"column\">\n\t\t\t<div class=\"elementor-column-wrap elementor-element-populated\">\n\t\t\t\t\t\t\t<div class=\"elementor-widget-wrap\">\n\t\t\t\t\t\t<div class=\"elementor-element elementor-element-44b2042 elementor-widget elementor-widget-spacer\" data-id=\"44b2042\" data-element_type=\"widget\" data-widget_type=\"spacer.default\">\n\t\t\t\t<div class=\"elementor-widget-container\">\n\t\t\t\t\t<div class=\"elementor-spacer\">\n\t\t\t<div class=\"elementor-spacer-inner\"><\/div>\n\t\t<\/div>\n\t\t\t\t<\/div>\n\t\t\t\t<\/div>\n\t\t\t\t<div class=\"elementor-element elementor-element-6c65a3b elementor-widget elementor-widget-heading\" data-id=\"6c65a3b\" data-element_type=\"widget\" data-widget_type=\"heading.default\">\n\t\t\t\t<div class=\"elementor-widget-container\">\n\t\t\t<h2 class=\"elementor-heading-title elementor-size-medium\">Pour r\u00e9aliser un outil de qualit\u00e9 il est indispensable de partir d\u2019une mati\u00e8re de base d\u2019excellente qualit\u00e9!<\/h2>\t\t<\/div>\n\t\t\t\t<\/div>\n\t\t\t\t<div class=\"elementor-element elementor-element-0bb81c4 elementor-widget elementor-widget-spacer\" data-id=\"0bb81c4\" data-element_type=\"widget\" data-widget_type=\"spacer.default\">\n\t\t\t\t<div class=\"elementor-widget-container\">\n\t\t\t\t\t<div class=\"elementor-spacer\">\n\t\t\t<div class=\"elementor-spacer-inner\"><\/div>\n\t\t<\/div>\n\t\t\t\t<\/div>\n\t\t\t\t<\/div>\n\t\t\t\t\t\t<\/div>\n\t\t\t\t\t<\/div>\n\t\t<\/div>\n\t\t\t\t\t\t\t\t<\/div>\n\t\t\t\t\t<\/div>\n\t\t<\/section>\n\t\t\t\t<section class=\"elementor-section elementor-top-section elementor-element elementor-element-879e36d elementor-section-boxed elementor-section-height-default elementor-section-height-default\" data-id=\"879e36d\" data-element_type=\"section\">\n\t\t\t\t\t\t<div class=\"elementor-container elementor-column-gap-default\">\n\t\t\t\t\t\t\t<div class=\"elementor-row\">\n\t\t\t\t\t<div class=\"elementor-column elementor-col-100 elementor-top-column elementor-element elementor-element-8edf318\" data-id=\"8edf318\" data-element_type=\"column\">\n\t\t\t<div class=\"elementor-column-wrap elementor-element-populated\">\n\t\t\t\t\t\t\t<div class=\"elementor-widget-wrap\">\n\t\t\t\t\t\t<div class=\"elementor-element elementor-element-86aa3c4 elementor-widget elementor-widget-spacer\" data-id=\"86aa3c4\" data-element_type=\"widget\" data-widget_type=\"spacer.default\">\n\t\t\t\t<div class=\"elementor-widget-container\">\n\t\t\t\t\t<div class=\"elementor-spacer\">\n\t\t\t<div class=\"elementor-spacer-inner\"><\/div>\n\t\t<\/div>\n\t\t\t\t<\/div>\n\t\t\t\t<\/div>\n\t\t\t\t\t\t<\/div>\n\t\t\t\t\t<\/div>\n\t\t<\/div>\n\t\t\t\t\t\t\t\t<\/div>\n\t\t\t\t\t<\/div>\n\t\t<\/section>\n\t\t\t\t\t\t\t\t\t<\/div>\n\t\t\t<\/div>\n\t\t\t\t\t<\/div>\n\t\t","protected":false},"excerpt":{"rendered":"<p>Le m\u00e9tal dur est compos\u00e9 de particules de Carbure de Tungst\u00e8ne (WC) li\u00e9es entre elles par un liant qui normalement est le Cobalte (Co). La production du m\u00e9tal dur s\u2019effectue en utilisant des proc\u00e9d\u00e9s appel\u00e9s \u00abm\u00e9tallurgie des poudres\u00bb. On commence avec le m\u00e9lange soigneux des poudres de WC et de Co avec l\u2019ajout d\u2019un composant &hellip;<\/p>\n<p class=\"read-more\"> <a class=\"\" href=\"https:\/\/tusa-precision.ch\/fr\/metal-dur\/\"> <span class=\"screen-reader-text\">M\u00e9tal dur<\/span> Read More &raquo;<\/a><\/p>\n","protected":false},"author":1,"featured_media":0,"parent":0,"menu_order":13,"comment_status":"closed","ping_status":"closed","template":"","meta":{"site-sidebar-layout":"default","site-content-layout":"default","ast-global-header-display":"","ast-main-header-display":"","ast-hfb-above-header-display":"","ast-hfb-below-header-display":"","ast-hfb-mobile-header-display":"","site-post-title":"disabled","ast-breadcrumbs-content":"","ast-featured-img":"disabled","footer-sml-layout":"","theme-transparent-header-meta":"default","adv-header-id-meta":"","stick-header-meta":"","header-above-stick-meta":"","header-main-stick-meta":"","header-below-stick-meta":""},"_links":{"self":[{"href":"https:\/\/tusa-precision.ch\/fr\/wp-json\/wp\/v2\/pages\/2718"}],"collection":[{"href":"https:\/\/tusa-precision.ch\/fr\/wp-json\/wp\/v2\/pages"}],"about":[{"href":"https:\/\/tusa-precision.ch\/fr\/wp-json\/wp\/v2\/types\/page"}],"author":[{"embeddable":true,"href":"https:\/\/tusa-precision.ch\/fr\/wp-json\/wp\/v2\/users\/1"}],"replies":[{"embeddable":true,"href":"https:\/\/tusa-precision.ch\/fr\/wp-json\/wp\/v2\/comments?post=2718"}],"version-history":[{"count":0,"href":"https:\/\/tusa-precision.ch\/fr\/wp-json\/wp\/v2\/pages\/2718\/revisions"}],"wp:attachment":[{"href":"https:\/\/tusa-precision.ch\/fr\/wp-json\/wp\/v2\/media?parent=2718"}],"curies":[{"name":"wp","href":"https:\/\/api.w.org\/{rel}","templated":true}]}}