{"id":2756,"date":"2019-07-01T14:53:33","date_gmt":"2019-07-01T12:53:33","guid":{"rendered":"https:\/\/tusa-precision.ch\/dedouanement-de-lue\/"},"modified":"2019-07-01T15:44:31","modified_gmt":"2019-07-01T13:44:31","slug":"dedouanement-de-lue","status":"publish","type":"page","link":"https:\/\/tusa-precision.ch\/fr\/dedouanement-de-lue\/","title":{"rendered":"D\u00e9douanement de l&#8217;UE"},"content":{"rendered":"\t\t<div data-elementor-type=\"wp-post\" data-elementor-id=\"2756\" class=\"elementor elementor-2756 elementor-1213\">\n\t\t\t\t\t\t<div class=\"elementor-inner\">\n\t\t\t\t<div class=\"elementor-section-wrap\">\n\t\t\t\t\t\t\t\t\t<section class=\"elementor-section elementor-top-section elementor-element elementor-element-5a447ef elementor-section-boxed elementor-section-height-default elementor-section-height-default\" data-id=\"5a447ef\" data-element_type=\"section\">\n\t\t\t\t\t\t<div class=\"elementor-container elementor-column-gap-default\">\n\t\t\t\t\t\t\t<div class=\"elementor-row\">\n\t\t\t\t\t<div class=\"elementor-column elementor-col-100 elementor-top-column elementor-element elementor-element-ffef67b\" data-id=\"ffef67b\" data-element_type=\"column\">\n\t\t\t<div class=\"elementor-column-wrap elementor-element-populated\">\n\t\t\t\t\t\t\t<div class=\"elementor-widget-wrap\">\n\t\t\t\t\t\t<div class=\"elementor-element elementor-element-7f47e84 elementor-widget elementor-widget-spacer\" data-id=\"7f47e84\" data-element_type=\"widget\" data-widget_type=\"spacer.default\">\n\t\t\t\t<div class=\"elementor-widget-container\">\n\t\t\t\t\t<div class=\"elementor-spacer\">\n\t\t\t<div class=\"elementor-spacer-inner\"><\/div>\n\t\t<\/div>\n\t\t\t\t<\/div>\n\t\t\t\t<\/div>\n\t\t\t\t<div class=\"elementor-element elementor-element-b5c4762 elementor-widget elementor-widget-heading\" data-id=\"b5c4762\" data-element_type=\"widget\" data-widget_type=\"heading.default\">\n\t\t\t\t<div class=\"elementor-widget-container\">\n\t\t\t<h2 class=\"elementor-heading-title elementor-size-default\">Sur le march\u00e9 de l'UE aussi rapidement que les \u00c9tats membres<\/h2>\t\t<\/div>\n\t\t\t\t<\/div>\n\t\t\t\t<div class=\"elementor-element elementor-element-248cbe9 elementor-widget elementor-widget-spacer\" data-id=\"248cbe9\" data-element_type=\"widget\" data-widget_type=\"spacer.default\">\n\t\t\t\t<div class=\"elementor-widget-container\">\n\t\t\t\t\t<div class=\"elementor-spacer\">\n\t\t\t<div class=\"elementor-spacer-inner\"><\/div>\n\t\t<\/div>\n\t\t\t\t<\/div>\n\t\t\t\t<\/div>\n\t\t\t\t<div class=\"elementor-element elementor-element-6c315e5 elementor-widget elementor-widget-text-editor\" data-id=\"6c315e5\" data-element_type=\"widget\" data-widget_type=\"text-editor.default\">\n\t\t\t\t<div class=\"elementor-widget-container\">\n\t\t\t\t\t\t\t\t<div class=\"elementor-text-editor elementor-clearfix\">\n\t\t\t\t<p><strong>Gr\u00e2ce au service de d\u00e9douanement de l&#8217;UE, bien qu&#8217;en Suisse, nous puissions suivre la m\u00eame proc\u00e9dure que pour les producteurs et fournisseurs de l&#8217;UE et ainsi \u00eatre plus comp\u00e9titif. Profitez de \u00e7a!<\/strong><\/p>\n\t\t\t\t\t<\/div>\n\t\t\t\t\t\t<\/div>\n\t\t\t\t<\/div>\n\t\t\t\t<div class=\"elementor-element elementor-element-035074f elementor-widget elementor-widget-spacer\" data-id=\"035074f\" data-element_type=\"widget\" data-widget_type=\"spacer.default\">\n\t\t\t\t<div class=\"elementor-widget-container\">\n\t\t\t\t\t<div class=\"elementor-spacer\">\n\t\t\t<div class=\"elementor-spacer-inner\"><\/div>\n\t\t<\/div>\n\t\t\t\t<\/div>\n\t\t\t\t<\/div>\n\t\t\t\t\t\t<\/div>\n\t\t\t\t\t<\/div>\n\t\t<\/div>\n\t\t\t\t\t\t\t\t<\/div>\n\t\t\t\t\t<\/div>\n\t\t<\/section>\n\t\t\t\t<section class=\"elementor-section elementor-top-section elementor-element elementor-element-db128f5 elementor-section-boxed elementor-section-height-default elementor-section-height-default\" data-id=\"db128f5\" data-element_type=\"section\">\n\t\t\t\t\t\t<div class=\"elementor-container elementor-column-gap-default\">\n\t\t\t\t\t\t\t<div class=\"elementor-row\">\n\t\t\t\t\t<div class=\"elementor-column elementor-col-50 elementor-top-column elementor-element elementor-element-14ef381\" data-id=\"14ef381\" data-element_type=\"column\">\n\t\t\t<div class=\"elementor-column-wrap elementor-element-populated\">\n\t\t\t\t\t\t\t<div class=\"elementor-widget-wrap\">\n\t\t\t\t\t\t<div class=\"elementor-element elementor-element-374e068 elementor-widget elementor-widget-text-editor\" data-id=\"374e068\" data-element_type=\"widget\" data-widget_type=\"text-editor.default\">\n\t\t\t\t<div class=\"elementor-widget-container\">\n\t\t\t\t\t\t\t\t<div class=\"elementor-text-editor elementor-clearfix\">\n\t\t\t\t<p><strong>D\u00e9douanement de l&#8217;UE<\/strong><br \/>Le d\u00e9douanement de l&#8217;UE est un service sp\u00e9cial \u00e0 valeur ajout\u00e9e propos\u00e9 pour exp\u00e9dier des marchandises sur l&#8217;ensemble du territoire \u00e9conomique de l&#8217;Union europ\u00e9enne. Gr\u00e2ce \u00e0 ces livraisons intracommunautaires, nous \u00e9vitons \u00e0 nos clients le paiement anticip\u00e9 de la TVA \u00e0 la douane, automatiquement appliqu\u00e9 dans le cadre de la proc\u00e9dure Intrastat. Contrairement aux envois traditionnels, d\u00e9douan\u00e9s dans le pays de destination, les envois avec d\u00e9douanement UE sont d\u00e9j\u00e0 d\u00e9douan\u00e9s \u00e0 l&#8217;entr\u00e9e de l&#8217;Union europ\u00e9enne et sont donc livr\u00e9s plus rapidement.<\/p>\n\t\t\t\t\t<\/div>\n\t\t\t\t\t\t<\/div>\n\t\t\t\t<\/div>\n\t\t\t\t<div class=\"elementor-element elementor-element-0660233 elementor-widget elementor-widget-image\" data-id=\"0660233\" data-element_type=\"widget\" data-widget_type=\"image.default\">\n\t\t\t\t<div class=\"elementor-widget-container\">\n\t\t\t\t\t\t\t\t<div class=\"elementor-image\">\n\t\t\t\t\t\t\t\t\t\t\t\t<img src=\"https:\/\/tusa-precision.ch\/web\/wp-content\/uploads\/elementor\/thumbs\/Italian_traffic_signs_-_dogana.svg-o4iov1f1e3lryq7bzpeaqeipfbosxh6ssql6ejmths.png\" title=\"Italian_traffic_signs_-_dogana.svg\" alt=\"Italian_traffic_signs_-_dogana.svg\" loading=\"lazy\" \/>\t\t\t\t\t\t\t\t\t\t\t\t\t\t<\/div>\n\t\t\t\t\t\t<\/div>\n\t\t\t\t<\/div>\n\t\t\t\t\t\t<\/div>\n\t\t\t\t\t<\/div>\n\t\t<\/div>\n\t\t\t\t<div class=\"elementor-column elementor-col-50 elementor-top-column elementor-element elementor-element-120cffc\" data-id=\"120cffc\" data-element_type=\"column\">\n\t\t\t<div class=\"elementor-column-wrap elementor-element-populated\">\n\t\t\t\t\t\t\t<div class=\"elementor-widget-wrap\">\n\t\t\t\t\t\t<div class=\"elementor-element elementor-element-f450447 elementor-widget elementor-widget-text-editor\" data-id=\"f450447\" data-element_type=\"widget\" data-widget_type=\"text-editor.default\">\n\t\t\t\t<div class=\"elementor-widget-container\">\n\t\t\t\t\t\t\t\t<div class=\"elementor-text-editor elementor-clearfix\">\n\t\t\t\t<p><strong>Formalit\u00e9s simplifi\u00e9es<br \/><\/strong>Pour mener \u00e0 bien les proc\u00e9dures administratives dans le pays de destination, le num\u00e9ro d&#8217;identification \u00e0 la TVA du destinataire de la facture, qui peut \u00eatre le destinataire ou l&#8217;importateur des marchandises, est suffisant.<br \/><span style=\"font-size: 15px;\"> \u00c0 cette fin, la facture commerciale comportera \u00e9galement l\u2019indication de la repr\u00e9sentation fiscale.<br \/><\/span>Nous effectuons toutes les op\u00e9rations de d\u00e9douanement dans l&#8217;UE, tandis que notre repr\u00e9sentant fiscal s&#8217;acquitte des obligations administratives li\u00e9es aux communications Intrastat.<\/p>\n\t\t\t\t\t<\/div>\n\t\t\t\t\t\t<\/div>\n\t\t\t\t<\/div>\n\t\t\t\t<div class=\"elementor-element elementor-element-69529a3 elementor-widget elementor-widget-image\" data-id=\"69529a3\" data-element_type=\"widget\" data-widget_type=\"image.default\">\n\t\t\t\t<div class=\"elementor-widget-container\">\n\t\t\t\t\t\t\t\t<div class=\"elementor-image\">\n\t\t\t\t\t\t\t\t\t\t\t\t<img width=\"300\" height=\"232\" src=\"https:\/\/tusa-precision.ch\/web\/wp-content\/uploads\/2019\/03\/burocrazia-300x232.png\" class=\"attachment-medium size-medium wp-image-2123\" alt=\"\" loading=\"lazy\" srcset=\"https:\/\/tusa-precision.ch\/web\/wp-content\/uploads\/2019\/03\/burocrazia-300x232.png 300w, https:\/\/tusa-precision.ch\/web\/wp-content\/uploads\/2019\/03\/burocrazia.png 640w\" sizes=\"(max-width: 300px) 100vw, 300px\" \/>\t\t\t\t\t\t\t\t\t\t\t\t\t\t<\/div>\n\t\t\t\t\t\t<\/div>\n\t\t\t\t<\/div>\n\t\t\t\t\t\t<\/div>\n\t\t\t\t\t<\/div>\n\t\t<\/div>\n\t\t\t\t\t\t\t\t<\/div>\n\t\t\t\t\t<\/div>\n\t\t<\/section>\n\t\t\t\t<section class=\"elementor-section elementor-top-section elementor-element elementor-element-df8c9d9 elementor-section-boxed elementor-section-height-default elementor-section-height-default\" data-id=\"df8c9d9\" data-element_type=\"section\">\n\t\t\t\t\t\t<div class=\"elementor-container elementor-column-gap-default\">\n\t\t\t\t\t\t\t<div class=\"elementor-row\">\n\t\t\t\t\t<div class=\"elementor-column elementor-col-50 elementor-top-column elementor-element elementor-element-6a09d8a\" data-id=\"6a09d8a\" data-element_type=\"column\">\n\t\t\t<div class=\"elementor-column-wrap elementor-element-populated\">\n\t\t\t\t\t\t\t<div class=\"elementor-widget-wrap\">\n\t\t\t\t\t\t<div class=\"elementor-element elementor-element-c7add4e elementor-widget elementor-widget-text-editor\" data-id=\"c7add4e\" data-element_type=\"widget\" data-widget_type=\"text-editor.default\">\n\t\t\t\t<div class=\"elementor-widget-container\">\n\t\t\t\t\t\t\t\t<div class=\"elementor-text-editor elementor-clearfix\">\n\t\t\t\t<p><strong>Avantage \u00e9conomique<br \/><\/strong>Normalement, la TVA doit d\u00e9j\u00e0 \u00eatre pay\u00e9e lorsque les produits sont import\u00e9s dans le pays de destination. Avec le d\u00e9douanement de l&#8217;UE, aucune taxe sur le montant des importations ne devrait \u00eatre anticip\u00e9e. Cela conduit \u00e0 une am\u00e9lioration de la liquidit\u00e9 et des avantages en termes de taux d\u2019int\u00e9r\u00eat.<\/p>\n\t\t\t\t\t<\/div>\n\t\t\t\t\t\t<\/div>\n\t\t\t\t<\/div>\n\t\t\t\t<div class=\"elementor-element elementor-element-f36143e elementor-widget elementor-widget-image\" data-id=\"f36143e\" data-element_type=\"widget\" data-widget_type=\"image.default\">\n\t\t\t\t<div class=\"elementor-widget-container\">\n\t\t\t\t\t\t\t\t<div class=\"elementor-image\">\n\t\t\t\t\t\t\t\t\t\t\t\t<img width=\"270\" height=\"300\" src=\"https:\/\/tusa-precision.ch\/web\/wp-content\/uploads\/2019\/03\/obstacleIVA-270x300.jpg\" class=\"attachment-medium size-medium wp-image-2126\" alt=\"\" loading=\"lazy\" srcset=\"https:\/\/tusa-precision.ch\/web\/wp-content\/uploads\/2019\/03\/obstacleIVA-270x300.jpg 270w, https:\/\/tusa-precision.ch\/web\/wp-content\/uploads\/2019\/03\/obstacleIVA.jpg 397w\" sizes=\"(max-width: 270px) 100vw, 270px\" \/>\t\t\t\t\t\t\t\t\t\t\t\t\t\t<\/div>\n\t\t\t\t\t\t<\/div>\n\t\t\t\t<\/div>\n\t\t\t\t\t\t<\/div>\n\t\t\t\t\t<\/div>\n\t\t<\/div>\n\t\t\t\t<div class=\"elementor-column elementor-col-50 elementor-top-column elementor-element elementor-element-8bf14a4\" data-id=\"8bf14a4\" data-element_type=\"column\">\n\t\t\t<div class=\"elementor-column-wrap elementor-element-populated\">\n\t\t\t\t\t\t\t<div class=\"elementor-widget-wrap\">\n\t\t\t\t\t\t<div class=\"elementor-element elementor-element-c55ea31 elementor-widget elementor-widget-text-editor\" data-id=\"c55ea31\" data-element_type=\"widget\" data-widget_type=\"text-editor.default\">\n\t\t\t\t<div class=\"elementor-widget-container\">\n\t\t\t\t\t\t\t\t<div class=\"elementor-text-editor elementor-clearfix\">\n\t\t\t\t<p><strong>Exp\u00e9dition directe et rapide<\/strong><br \/>Il n&#8217;est pas n\u00e9cessaire de pr\u00e9parer vos envois \u00e0 l&#8217;avance avec le d\u00e9douanement UE, car ils sont ramass\u00e9s en m\u00eame temps que ceux destin\u00e9s au reste du monde.<br \/>Le soir du retrait, nous d\u00e9clarons votre envoi \u00e0 la douane belge ou fran\u00e7aise. Le d\u00e9douanement a lieu le lendemain de la prise en charge et les envois arrivent d\u00e9j\u00e0 d\u00e9douan\u00e9s et pr\u00eats \u00e0 \u00eatre livr\u00e9s.<\/p>\n\t\t\t\t\t<\/div>\n\t\t\t\t\t\t<\/div>\n\t\t\t\t<\/div>\n\t\t\t\t<div class=\"elementor-element elementor-element-15039ab elementor-widget elementor-widget-image\" data-id=\"15039ab\" data-element_type=\"widget\" data-widget_type=\"image.default\">\n\t\t\t\t<div class=\"elementor-widget-container\">\n\t\t\t\t\t\t\t\t<div class=\"elementor-image\">\n\t\t\t\t\t\t\t\t\t\t\t\t<img src=\"https:\/\/tusa-precision.ch\/web\/wp-content\/uploads\/elementor\/thumbs\/MG_0697-1-o4iutaqogfolk9sqy5pjob3kqpe8vl0ovj2ynlwgus.jpg\" title=\"_MG_0697\" alt=\"_MG_0697\" loading=\"lazy\" \/>\t\t\t\t\t\t\t\t\t\t\t\t\t\t<\/div>\n\t\t\t\t\t\t<\/div>\n\t\t\t\t<\/div>\n\t\t\t\t\t\t<\/div>\n\t\t\t\t\t<\/div>\n\t\t<\/div>\n\t\t\t\t\t\t\t\t<\/div>\n\t\t\t\t\t<\/div>\n\t\t<\/section>\n\t\t\t\t<section class=\"elementor-section elementor-top-section elementor-element elementor-element-a0973d8 elementor-section-boxed elementor-section-height-default elementor-section-height-default\" data-id=\"a0973d8\" data-element_type=\"section\">\n\t\t\t\t\t\t<div class=\"elementor-container elementor-column-gap-default\">\n\t\t\t\t\t\t\t<div class=\"elementor-row\">\n\t\t\t\t\t<div class=\"elementor-column elementor-col-100 elementor-top-column elementor-element elementor-element-83da126\" data-id=\"83da126\" data-element_type=\"column\">\n\t\t\t<div class=\"elementor-column-wrap elementor-element-populated\">\n\t\t\t\t\t\t\t<div class=\"elementor-widget-wrap\">\n\t\t\t\t\t\t<div class=\"elementor-element elementor-element-bf22493 elementor-widget elementor-widget-spacer\" data-id=\"bf22493\" data-element_type=\"widget\" data-widget_type=\"spacer.default\">\n\t\t\t\t<div class=\"elementor-widget-container\">\n\t\t\t\t\t<div class=\"elementor-spacer\">\n\t\t\t<div class=\"elementor-spacer-inner\"><\/div>\n\t\t<\/div>\n\t\t\t\t<\/div>\n\t\t\t\t<\/div>\n\t\t\t\t\t\t<\/div>\n\t\t\t\t\t<\/div>\n\t\t<\/div>\n\t\t\t\t\t\t\t\t<\/div>\n\t\t\t\t\t<\/div>\n\t\t<\/section>\n\t\t\t\t\t\t\t\t\t<\/div>\n\t\t\t<\/div>\n\t\t\t\t\t<\/div>\n\t\t","protected":false},"excerpt":{"rendered":"<p>Sur le march\u00e9 de l&#8217;UE aussi rapidement que les \u00c9tats membres Gr\u00e2ce au service de d\u00e9douanement de l&#8217;UE, bien qu&#8217;en Suisse, nous puissions suivre la m\u00eame proc\u00e9dure que pour les producteurs et fournisseurs de l&#8217;UE et ainsi \u00eatre plus comp\u00e9titif. Profitez de \u00e7a! D\u00e9douanement de l&#8217;UELe d\u00e9douanement de l&#8217;UE est un service sp\u00e9cial \u00e0 valeur &hellip;<\/p>\n<p class=\"read-more\"> <a class=\"\" href=\"https:\/\/tusa-precision.ch\/fr\/dedouanement-de-lue\/\"> <span class=\"screen-reader-text\">D\u00e9douanement de l&#8217;UE<\/span> Read More &raquo;<\/a><\/p>\n","protected":false},"author":1,"featured_media":0,"parent":0,"menu_order":10,"comment_status":"closed","ping_status":"closed","template":"","meta":{"site-sidebar-layout":"default","site-content-layout":"default","ast-global-header-display":"","ast-main-header-display":"","ast-hfb-above-header-display":"","ast-hfb-below-header-display":"","ast-hfb-mobile-header-display":"","site-post-title":"disabled","ast-breadcrumbs-content":"","ast-featured-img":"disabled","footer-sml-layout":"","theme-transparent-header-meta":"default","adv-header-id-meta":"","stick-header-meta":"","header-above-stick-meta":"","header-main-stick-meta":"","header-below-stick-meta":""},"_links":{"self":[{"href":"https:\/\/tusa-precision.ch\/fr\/wp-json\/wp\/v2\/pages\/2756"}],"collection":[{"href":"https:\/\/tusa-precision.ch\/fr\/wp-json\/wp\/v2\/pages"}],"about":[{"href":"https:\/\/tusa-precision.ch\/fr\/wp-json\/wp\/v2\/types\/page"}],"author":[{"embeddable":true,"href":"https:\/\/tusa-precision.ch\/fr\/wp-json\/wp\/v2\/users\/1"}],"replies":[{"embeddable":true,"href":"https:\/\/tusa-precision.ch\/fr\/wp-json\/wp\/v2\/comments?post=2756"}],"version-history":[{"count":0,"href":"https:\/\/tusa-precision.ch\/fr\/wp-json\/wp\/v2\/pages\/2756\/revisions"}],"wp:attachment":[{"href":"https:\/\/tusa-precision.ch\/fr\/wp-json\/wp\/v2\/media?parent=2756"}],"curies":[{"name":"wp","href":"https:\/\/api.w.org\/{rel}","templated":true}]}}