{"id":9682,"date":"2020-07-17T09:05:07","date_gmt":"2020-07-17T07:05:07","guid":{"rendered":"https:\/\/tusa-precision.ch\/general-sale-conditions\/"},"modified":"2022-06-06T11:14:02","modified_gmt":"2022-06-06T09:14:02","slug":"general-sale-conditions","status":"publish","type":"page","link":"https:\/\/tusa-precision.ch\/fr\/general-sale-conditions\/","title":{"rendered":"Conditions g\u00e9n\u00e9rales de vente"},"content":{"rendered":"\t\t<div data-elementor-type=\"wp-page\" data-elementor-id=\"9682\" class=\"elementor elementor-9682 elementor-9668\">\n\t\t\t\t\t\t<div class=\"elementor-inner\">\n\t\t\t\t<div class=\"elementor-section-wrap\">\n\t\t\t\t\t\t\t\t\t<section class=\"elementor-section elementor-top-section elementor-element elementor-element-71d6add elementor-section-boxed elementor-section-height-default elementor-section-height-default\" data-id=\"71d6add\" data-element_type=\"section\">\n\t\t\t\t\t\t<div class=\"elementor-container elementor-column-gap-default\">\n\t\t\t\t\t\t\t<div class=\"elementor-row\">\n\t\t\t\t\t<div class=\"elementor-column elementor-col-100 elementor-top-column elementor-element elementor-element-00f54da\" data-id=\"00f54da\" data-element_type=\"column\">\n\t\t\t<div class=\"elementor-column-wrap elementor-element-populated\">\n\t\t\t\t\t\t\t<div class=\"elementor-widget-wrap\">\n\t\t\t\t\t\t<div class=\"elementor-element elementor-element-becaa6f elementor-widget elementor-widget-spacer\" data-id=\"becaa6f\" data-element_type=\"widget\" data-widget_type=\"spacer.default\">\n\t\t\t\t<div class=\"elementor-widget-container\">\n\t\t\t\t\t<div class=\"elementor-spacer\">\n\t\t\t<div class=\"elementor-spacer-inner\"><\/div>\n\t\t<\/div>\n\t\t\t\t<\/div>\n\t\t\t\t<\/div>\n\t\t\t\t<div class=\"elementor-element elementor-element-b7da3b8 elementor-widget elementor-widget-text-editor\" data-id=\"b7da3b8\" data-element_type=\"widget\" data-widget_type=\"text-editor.default\">\n\t\t\t\t<div class=\"elementor-widget-container\">\n\t\t\t\t\t\t\t\t<div class=\"elementor-text-editor elementor-clearfix\">\n\t\t\t\t<h3><b>Conditions g\u00e9n\u00e9rales de vente des outils coupants<\/b><\/h3>\n<p><b>1. Validit\u00e9<\/b><br>\nLes pr\u00e9sentes conditions g\u00e9n\u00e9rales de vente sont valables pour toutes les commandes re\u00e7ues.<br>\nLes exceptions ou modifications apport\u00e9es aux conditions g\u00e9n\u00e9rales de vente, notamment les conditions particuli\u00e8res demand\u00e9es par les clients, ne sont valables que si elles ont \u00e9t\u00e9 convenues par \u00e9crit.<br>\nCes conditions de vente engagent les deux parties pour toutes les commandes accept\u00e9es par Tusa Precision Tools SA.<\/p>\n<p><b>2. Prix<\/b><br>\nSauf accord contraire, tous les prix s&#8217;entendent hors emballage, hors TVA, hors frais de port et hors d\u00e9douanement ; chaque envoi sera livr\u00e9 d\u00e9part usine (d\u00e9part usine selon les termes Incoterms 2020).<\/p>\n<p><b>3. Conditions de livraison<\/b><br>\nA d\u00e9faut d&#8217;accord \u00e9crit, le d\u00e9lai de livraison communiqu\u00e9 par Tusa Precision Tools SA est valable.<br>\nTout retard de livraison ne donne pas droit \u00e0 l&#8217;annulation de la commande ni \u00e0 l&#8217;indemnisation des dommages.<\/p>\n<p><b>4. Trasport<\/b><br>\nD\u00e9part usine, emballage non inclus.<\/p>\n<p><b>5. Tol\u00e9rance sur la quantit\u00e9<\/b><br>\nPour la production d&#8217;outils sp\u00e9ciaux, la quantit\u00e9 fournie peut varier comme suit:<br>\n\u2022 +\/- 2 pi\u00e8ces pour les commandes jusqu&#8217;\u00e0 20 pi\u00e8ces.<br>\n\u2022 +\/- 3 pi\u00e8ces pour les commandes de 21 \u00e0 39 pi\u00e8ces.<br>\n\u2022 jusqu&#8217;\u00e0 10% pour les commandes de plus de 40 pi\u00e8ces.<br>\nLa facturation est bas\u00e9e sur la quantit\u00e9 r\u00e9ellement livr\u00e9e et sur les prix unitaires \u00e9tablis au moment de la commande.<\/p>\n<p><b>6. R\u00e9clamations<\/b><br>\nD\u2019\u00e9ventuelles r\u00e9clamations doivent \u00eatre soumises par \u00e9crit dans un d\u00e9lai de 8 jours \u00e0 compter de la date de livraison de la marchandise.<br>\nLes outils d\u00e9fectueux seront remplac\u00e9s ou rembours\u00e9s \u00e0 la discr\u00e9tion du fabricant.<br>\nEst exclue toute responsabilit\u00e9 contractuelle et extracontractuelle de la parte de Tusa Precision Tools SA.<\/p>\n<p><b>7. Paiement<\/b><br>\nSauf accord contraire, le paiement s\u2019entend net \u00e0 30 jours.<\/p>\n<p><b>8. Propri\u00e9t\u00e9 industrielle et intellectuelle<\/b><br>\nTusa Precision Tools SA est propri\u00e9taire exclusif de tous les droits de paternit\u00e9 et droits patrimoniaux de ses outils ainsi que des projets et du design y attach\u00e9s.<br>\nLe paiement du prix de vente n&#8217;implique pas le transfert de propri\u00e9t\u00e9 industrielle et intellectuelle \u00e0 l&#8217;acheteur.<\/p>\n<p><b>9. Modifications<\/b><br>\nLes outils sp\u00e9ciaux sont fabriqu\u00e9s selon le dernier dessin fourni.<br>\nD\u2019\u00e9ventuelles modifications doivent \u00eatre communiqu\u00e9e rapidement par \u00e9crit.<br>\nLes modifications demand\u00e9es peuvent comporter des co\u00fbts suppl\u00e9mentaires.<\/p>\n<p><b>10. Droit applicable<\/b><br>\nSeul le Code des obligations suisse est applicable. Le lieu de juridiction est exclusivement celui de Tusa Precision Tools SA, situ\u00e9 \u00e0 Lugano.<\/p>\n<p>TUSA PRECISION TOOLS SA<br>\n<span style=\"font-size: 15px;\"><i>Zaghini Marco<br>\nCEO<\/i><\/span><\/p>\t\t\t\t\t<\/div>\n\t\t\t\t\t\t<\/div>\n\t\t\t\t<\/div>\n\t\t\t\t\t\t<\/div>\n\t\t\t\t\t<\/div>\n\t\t<\/div>\n\t\t\t\t\t\t\t\t<\/div>\n\t\t\t\t\t<\/div>\n\t\t<\/section>\n\t\t\t\t\t\t\t\t\t<\/div>\n\t\t\t<\/div>\n\t\t\t\t\t<\/div>\n\t\t","protected":false},"excerpt":{"rendered":"<p>Conditions g\u00e9n\u00e9rales de vente des outils coupants 1. Validit\u00e9 Les pr\u00e9sentes conditions g\u00e9n\u00e9rales de vente sont valables pour toutes les commandes re\u00e7ues. Les exceptions ou modifications apport\u00e9es aux conditions g\u00e9n\u00e9rales de vente, notamment les conditions particuli\u00e8res demand\u00e9es par les clients, ne sont valables que si elles ont \u00e9t\u00e9 convenues par \u00e9crit. Ces conditions de vente &hellip;<\/p>\n<p class=\"read-more\"> <a class=\"\" href=\"https:\/\/tusa-precision.ch\/fr\/general-sale-conditions\/\"> <span class=\"screen-reader-text\">Conditions g\u00e9n\u00e9rales de vente<\/span> Read More &raquo;<\/a><\/p>\n","protected":false},"author":1,"featured_media":0,"parent":0,"menu_order":2,"comment_status":"closed","ping_status":"closed","template":"","meta":{"site-sidebar-layout":"no-sidebar","site-content-layout":"page-builder","ast-global-header-display":"","ast-main-header-display":"","ast-hfb-above-header-display":"","ast-hfb-below-header-display":"","ast-hfb-mobile-header-display":"","site-post-title":"disabled","ast-breadcrumbs-content":"","ast-featured-img":"disabled","footer-sml-layout":"","theme-transparent-header-meta":"default","adv-header-id-meta":"","stick-header-meta":"","header-above-stick-meta":"","header-main-stick-meta":"","header-below-stick-meta":""},"_links":{"self":[{"href":"https:\/\/tusa-precision.ch\/fr\/wp-json\/wp\/v2\/pages\/9682"}],"collection":[{"href":"https:\/\/tusa-precision.ch\/fr\/wp-json\/wp\/v2\/pages"}],"about":[{"href":"https:\/\/tusa-precision.ch\/fr\/wp-json\/wp\/v2\/types\/page"}],"author":[{"embeddable":true,"href":"https:\/\/tusa-precision.ch\/fr\/wp-json\/wp\/v2\/users\/1"}],"replies":[{"embeddable":true,"href":"https:\/\/tusa-precision.ch\/fr\/wp-json\/wp\/v2\/comments?post=9682"}],"version-history":[{"count":0,"href":"https:\/\/tusa-precision.ch\/fr\/wp-json\/wp\/v2\/pages\/9682\/revisions"}],"wp:attachment":[{"href":"https:\/\/tusa-precision.ch\/fr\/wp-json\/wp\/v2\/media?parent=9682"}],"curies":[{"name":"wp","href":"https:\/\/api.w.org\/{rel}","templated":true}]}}